{"id":112,"date":"2023-07-07T12:00:55","date_gmt":"2023-07-07T12:00:55","guid":{"rendered":"https:\/\/www.utopia-projects.com\/contacts\/"},"modified":"2025-08-02T18:42:12","modified_gmt":"2025-08-02T18:42:12","slug":"contactos","status":"publish","type":"page","link":"https:\/\/www.utopia-projects.com\/es\/contactos\/","title":{"rendered":"Contactos"},"content":{"rendered":"<section class=\"gb-container gb-container-7bc02839\">\n<div class=\"gb-container gb-container-7fefdbcd\">\n\n<h1 class=\"wp-block-heading\">\u00a1Cont\u00e1ctanos ahora!<\/h1>\n\n\n\n<p>Cu\u00e9ntanos sobre tu proyecto, qu\u00e9 quieres, cu\u00e1nto quieres invertir, el tiempo que crees que se necesita y todo lo que sabes sobre el spot. Responderemos lo antes posible. Muchas gracias por su solicitud.<\/p>\n\n<\/div>\n<\/section>\n\n<section class=\"gb-container gb-container-38e68717\">\n\n<h2 class=\"wp-block-heading\">Formulario de contacto<\/h2>\n\n\n\n<div class=\"wpcf7 no-js\" id=\"wpcf7-f274-o1\" lang=\"en-US\" dir=\"ltr\" data-wpcf7-id=\"274\">\n<div class=\"screen-reader-response\"><p role=\"status\" aria-live=\"polite\" aria-atomic=\"true\"><\/p> <ul><\/ul><\/div>\n<form action=\"\/es\/wp-json\/wp\/v2\/pages\/112#wpcf7-f274-o1\" method=\"post\" class=\"wpcf7-form init\" aria-label=\"Contact form\" novalidate=\"novalidate\" data-status=\"init\">\n<fieldset class=\"hidden-fields-container\"><input type=\"hidden\" name=\"_wpcf7\" value=\"274\" \/><input type=\"hidden\" name=\"_wpcf7_version\" value=\"6.1.5\" \/><input type=\"hidden\" name=\"_wpcf7_locale\" value=\"en_US\" \/><input type=\"hidden\" name=\"_wpcf7_unit_tag\" value=\"wpcf7-f274-o1\" \/><input type=\"hidden\" name=\"_wpcf7_container_post\" value=\"0\" \/><input type=\"hidden\" name=\"_wpcf7_posted_data_hash\" value=\"\" \/><input type=\"hidden\" name=\"_wpcf7_recaptcha_response\" value=\"\" \/>\n<\/fieldset>\n<p><label for=\"your-name\">Nombre:<\/label><br \/>\n<span class=\"wpcf7-form-control-wrap\" data-name=\"your-name\"><input size=\"40\" maxlength=\"400\" class=\"wpcf7-form-control wpcf7-text wpcf7-validates-as-required\" id=\"your-name\" autocomplete=\"name\" aria-required=\"true\" aria-invalid=\"false\" value=\"\" type=\"text\" name=\"your-name\" \/><\/span>\n<\/p>\n<p><label for=\"your-email\">Email:<\/label><br \/>\n<span class=\"wpcf7-form-control-wrap\" data-name=\"your-email\"><input size=\"40\" maxlength=\"400\" class=\"wpcf7-form-control wpcf7-email wpcf7-validates-as-required wpcf7-text wpcf7-validates-as-email\" id=\"your-email\" autocomplete=\"email\" aria-required=\"true\" aria-invalid=\"false\" value=\"\" type=\"email\" name=\"your-email\" \/><\/span>\n<\/p>\n<p><label for=\"your-phone\">Tel\u00e9fono:<\/label><br \/>\n<span class=\"wpcf7-form-control-wrap\" data-name=\"tel-594\"><input size=\"40\" maxlength=\"400\" class=\"wpcf7-form-control wpcf7-tel wpcf7-validates-as-required wpcf7-text wpcf7-validates-as-tel\" id=\"your-phone\" aria-required=\"true\" aria-invalid=\"false\" placeholder=\"\" value=\"\" type=\"tel\" name=\"tel-594\" \/><\/span>\n<\/p>\n<p><label for=\"your-phone\">Asunto:<\/label><br \/>\n<span class=\"wpcf7-form-control-wrap\" data-name=\"your-subject\"><input size=\"40\" maxlength=\"400\" class=\"wpcf7-form-control wpcf7-text wpcf7-validates-as-required\" id=\"your-subject\" aria-required=\"true\" aria-invalid=\"false\" value=\"\" type=\"text\" name=\"your-subject\" \/><\/span>\n<\/p>\n<p><label for=\"your-message\">Proyecto:<\/label><br \/>\n<span class=\"wpcf7-form-control-wrap\" data-name=\"your-message\"><textarea cols=\"40\" rows=\"10\" maxlength=\"2000\" class=\"wpcf7-form-control wpcf7-textarea wpcf7-validates-as-required\" id=\"your-message\" aria-required=\"true\" aria-invalid=\"false\" name=\"your-message\"><\/textarea><\/span>\n<\/p>\n<p><input class=\"wpcf7-form-control wpcf7-submit has-spinner\" type=\"submit\" value=\"Enviar\" \/>\n<\/p><div class=\"wpcf7-response-output\" aria-hidden=\"true\"><\/div>\n<\/form>\n<\/div>\n\n\n\n\n<p>Respetamos nuestra Pol\u00edtica de privacidad y nuestros T\u00e9rminos y condiciones. Sus datos se almacenan de acuerdo con el RGPD y se utilizar\u00e1n \u00fanica y exclusivamente para los fines antes mencionados.<\/p>\n\n<\/section>\n\n<section class=\"gb-container gb-container-5ed9349d\">\n\n<h2 class=\"wp-block-heading\">Contactos alternativos<\/h2>\n\n\n<div class=\"gb-container gb-container-c4d315ad\">\n<div class=\"gb-grid-wrapper gb-grid-wrapper-898d4c75\">\n<div class=\"gb-grid-column gb-grid-column-ff00a870\"><div class=\"gb-container gb-container-ff00a870\">\n\n<h3 class=\"gb-headline gb-headline-bf5dce0d\"><span class=\"gb-icon\"><svg xmlns=\"http:\/\/www.w3.org\/2000\/svg\" aria-hidden=\"true\" role=\"img\" height=\"1em\" width=\"1em\" viewBox=\"0 0 384 512\"><path fill=\"currentColor\" d=\"M172.268 501.67C26.97 291.031 0 269.413 0 192 0 85.961 85.961 0 192 0s192 85.961 192 192c0 77.413-26.97 99.031-172.268 309.67-9.535 13.774-29.93 13.773-39.464 0zM192 272c44.183 0 80-35.817 80-80s-35.817-80-80-80-80 35.817-80 80 35.817 80 80 80z\"><\/path><\/svg><\/span><span class=\"gb-headline-text\">Estudio de arquitectura<\/span><\/h3>\n\n\n\n<p>Rua J\u00falio Dinis n.\u00ba580 Sala301<\/p>\n\n\n\n<p>4050-319 Porto &#8211; Portugal<\/p>\n\n<\/div><\/div>\n\n<div class=\"gb-grid-column gb-grid-column-f04e3cf6\"><div class=\"gb-container gb-container-f04e3cf6\">\n\n<h3 class=\"gb-headline gb-headline-762e33d0\"><span class=\"gb-icon\"><svg xmlns=\"http:\/\/www.w3.org\/2000\/svg\" aria-hidden=\"true\" role=\"img\" height=\"1em\" width=\"1em\" viewBox=\"0 0 512 512\"><path fill=\"currentColor\" d=\"M493.4 24.6l-104-24c-11.3-2.6-22.9 3.3-27.5 13.9l-48 112c-4.2 9.8-1.4 21.3 6.9 28l60.6 49.6c-36 76.7-98.9 140.5-177.2 177.2l-49.6-60.6c-6.8-8.3-18.2-11.1-28-6.9l-112 48C3.9 366.5-2 378.1.6 389.4l24 104C27.1 504.2 36.7 512 48 512c256.1 0 464-207.5 464-464 0-11.2-7.7-20.9-18.6-23.4z\"><\/path><\/svg><\/span><span class=\"gb-headline-text\">Tel\u00e9fono<\/span><\/h3>\n\n\n\n<p>+351 222 413 787<\/p>\n\n\n\n<p>+351 931 622 604<\/p>\n\n<\/div><\/div>\n\n<div class=\"gb-grid-column gb-grid-column-f3d527eb\"><div class=\"gb-container gb-container-f3d527eb\">\n\n<h3 class=\"gb-headline gb-headline-81b93350\"><span class=\"gb-icon\"><svg xmlns=\"http:\/\/www.w3.org\/2000\/svg\" aria-hidden=\"true\" role=\"img\" height=\"1em\" width=\"1em\" viewBox=\"0 0 512 512\"><path fill=\"currentColor\" d=\"M464 64H48C21.49 64 0 85.49 0 112v288c0 26.51 21.49 48 48 48h416c26.51 0 48-21.49 48-48V112c0-26.51-21.49-48-48-48zm0 48v40.805c-22.422 18.259-58.168 46.651-134.587 106.49-16.841 13.247-50.201 45.072-73.413 44.701-23.208.375-56.579-31.459-73.413-44.701C106.18 199.465 70.425 171.067 48 152.805V112h416zM48 400V214.398c22.914 18.251 55.409 43.862 104.938 82.646 21.857 17.205 60.134 55.186 103.062 54.955 42.717.231 80.509-37.199 103.053-54.947 49.528-38.783 82.032-64.401 104.947-82.653V400H48z\"><\/path><\/svg><\/span><span class=\"gb-headline-text\">E-mail<\/span><\/h3>\n\n\n\n<p>info@utopia-projects.com<\/p>\n\n<\/div><\/div>\n<\/div>\n<\/div>\n\n\n<h2 class=\"gb-headline gb-headline-0686c28e gb-headline-text\">Utopia &#8211; Arquitectura e Engenharia, Lda<\/h2>\n\n\n<div class=\"gb-container gb-container-d944f73b alignfull\">\n\n<iframe class=\"map-black-white\" width=\"100%\" height=\"400\" src=\"https:\/\/www.google.com\/maps\/embed?pb=!1m18!1m12!1m3!1d4345.781114745588!2d-8.6264472!3d41.1540731!2m3!1f0!2f0!3f0!3m2!1i1024!2i768!4f13.1!3m3!1m2!1s0xd246506056ad569%3A0xd6fc857112534f15!2sUtopia%20-%20Arquitectura%20e%20Engenharia%2C%20Lda!5e0!3m2!1ses!2ses!4v1754157865109!5m2!1ses!2ses\" style=\"border:0;\" allowfullscreen=\"\" loading=\"lazy\" referrerpolicy=\"no-referrer-when-downgrade\"><\/iframe><style>.map-black-white{-webkit-filter:grayscale(100%);-moz-filter:grayscale(100%);-ms-filter:grayscale(100%);-o-filter:grayscale(100%);filter:grayscale(100%)}<\/style>\n\n<\/div>\n<\/section>\n\n<section class=\"gb-container gb-container-6c8fcf66 alignfull\">\n<div class=\"gb-container gb-container-f383aae4\">\n\n<h4 class=\"wp-block-heading\" id=\"trabalhar\">\u00bfQuieres trabajar en la Utopia?<\/h4>\n\n\n\n<p><br>Si eres arquitecto o ingeniero, quiz\u00e1s quieras colaborar con nosotros. Si lo desea, env\u00ede su curr\u00edculum al correo electr\u00f3nico a continuaci\u00f3n. Aseg\u00farese de incluir su curr\u00edculum y las razones por las que le gustar\u00eda trabajar con nosotros. Gracias por su contacto.<\/p>\n\n\n\n<p><a href=\"mailto:cv@utopia-projects.com\">cv@utopia-projects.com<\/a><\/p>\n\n\n\n<h4 class=\"wp-block-heading\" id=\"apresentar\">\u00bfQuiere presentar una empresa o sus productos y servicios?<\/h4>\n\n\n\n<p><br><\/p>\n\n\n\n<p>Si desea presentar los servicios de su empresa, los productos que desarrolla o los materiales de construcci\u00f3n innovadores, env\u00edenos un correo electr\u00f3nico a la siguiente direcci\u00f3n. No olvide incluir datos de contacto para aclaraci\u00f3n de dudas. Privilegiamos el soporte digital, por lo que los cat\u00e1logos, listas de precios u otros deben enviarse siempre en un formato que se pueda incorporar a nuestras especificaciones.<\/p>\n\n\n\n<p><a href=\"mailto:pro@utopia-projects.com\">pro@utopia-projects.com<\/a><\/p>\n\n\n\n<h4 class=\"wp-block-heading\">\u00bfQuieres seguirnos en las redes sociales?<\/h4>\n\n\n<div class=\"gb-container gb-container-8cf22b20 social\">\n\n<a class=\"gb-button gb-button-8d162b35\" href=\"https:\/\/www.linkedin.com\/company\/arquitectos-utopia\" aria-label=\"Linkedin dos Arquitetos da Utopia\"><span class=\"gb-icon\"><svg xmlns=\"http:\/\/www.w3.org\/2000\/svg\" aria-hidden=\"true\" height=\"1em\" width=\"1em\" viewBox=\"0 0 448 512\"><title>Linkedin de los Arquitectos de la Utopia<\/title><path fill=\"currentColor\" d=\"M100.28 448H7.4V148.9h92.88zM53.79 108.1C24.09 108.1 0 83.5 0 53.8a53.79 53.79 0 0 1 107.58 0c0 29.7-24.1 54.3-53.79 54.3zM447.9 448h-92.68V302.4c0-34.7-.7-79.2-48.29-79.2-48.29 0-55.69 37.7-55.69 76.7V448h-92.78V148.9h89.08v40.8h1.3c12.4-23.5 42.69-48.3 87.88-48.3 94 0 111.28 61.9 111.28 142.3V448z\"><\/path><\/svg><\/span><\/a>\n\n\n\n<a class=\"gb-button gb-button-b84b9c7f\" href=\"https:\/\/www.facebook.com\/arquitetos.utopia\" aria-label=\"Facebook dos Arquitetos da Utopia\"><span class=\"gb-icon\"><svg xmlns=\"http:\/\/www.w3.org\/2000\/svg\" aria-hidden=\"true\" height=\"1em\" width=\"1em\" viewBox=\"0 0 320 512\"><title>Facebook de los Arquitectos de la Utopia<\/title><path fill=\"currentColor\" d=\"M279.14 288l14.22-92.66h-88.91v-60.13c0-25.35 12.42-50.06 52.24-50.06h40.42V6.26S260.43 0 225.36 0c-73.22 0-121.08 44.38-121.08 124.72v70.62H22.89V288h81.39v224h100.17V288z\"><\/path><\/svg><\/span><\/a>\n\n\n\n<a class=\"gb-button gb-button-b37518f1\" href=\"https:\/\/twitter.com\/ProjectosUtopia\" aria-label=\"Twitter dos Arquitetos da Utopia\"><span class=\"gb-icon\"><svg aria-hidden=\"true\" role=\"img\" height=\"1em\" width=\"1em\" viewBox=\"0 0 512 512\" xmlns=\"http:\/\/www.w3.org\/2000\/svg\"><path fill=\"currentColor\" d=\"M389.2 48h70.6L305.6 224.2 487 464H345L233.7 318.6 106.5 464H35.8L200.7 275.5 26.8 48H172.4L272.9 180.9 389.2 48zM364.4 421.8h39.1L151.1 88h-42L364.4 421.8z\"><\/path><\/svg><\/span><\/a>\n\n\n\n<a class=\"gb-button gb-button-61e8724b\" href=\"https:\/\/www.youtube.com\/channel\/UCzS_I9baHYEWU3wCm2JpW5A\" aria-label=\"Youtube dos Arquitetos da Utopia\"><span class=\"gb-icon\"><svg xmlns=\"http:\/\/www.w3.org\/2000\/svg\" aria-hidden=\"true\" height=\"1em\" width=\"1em\" viewBox=\"0 0 576 512\"><title>Youtube de los Arquitectos de la Utopia<\/title><path fill=\"currentColor\" d=\"M549.655 124.083c-6.281-23.65-24.787-42.276-48.284-48.597C458.781 64 288 64 288 64S117.22 64 74.629 75.486c-23.497 6.322-42.003 24.947-48.284 48.597-11.412 42.867-11.412 132.305-11.412 132.305s0 89.438 11.412 132.305c6.281 23.65 24.787 41.5 48.284 47.821C117.22 448 288 448 288 448s170.78 0 213.371-11.486c23.497-6.321 42.003-24.171 48.284-47.821 11.412-42.867 11.412-132.305 11.412-132.305s0-89.438-11.412-132.305zm-317.51 213.508V175.185l142.739 81.205-142.739 81.201z\"><\/path><\/svg><\/span><\/a>\n\n\n\n<a class=\"gb-button gb-button-980f7c18\" href=\"https:\/\/www.instagram.com\/projectosutopia\/\" aria-label=\"Instagram dos Arquitetos da Utopia\"><span class=\"gb-icon\"><svg xmlns=\"http:\/\/www.w3.org\/2000\/svg\" aria-hidden=\"true\" height=\"1em\" width=\"1em\" viewBox=\"0 0 448 512\"><title>Instagram de los Arquitectos de la Utopia<\/title><path fill=\"currentColor\" d=\"M224.1 141c-63.6 0-114.9 51.3-114.9 114.9s51.3 114.9 114.9 114.9S339 319.5 339 255.9 287.7 141 224.1 141zm0 189.6c-41.1 0-74.7-33.5-74.7-74.7s33.5-74.7 74.7-74.7 74.7 33.5 74.7 74.7-33.6 74.7-74.7 74.7zm146.4-194.3c0 14.9-12 26.8-26.8 26.8-14.9 0-26.8-12-26.8-26.8s12-26.8 26.8-26.8 26.8 12 26.8 26.8zm76.1 27.2c-1.7-35.9-9.9-67.7-36.2-93.9-26.2-26.2-58-34.4-93.9-36.2-37-2.1-147.9-2.1-184.9 0-35.8 1.7-67.6 9.9-93.9 36.1s-34.4 58-36.2 93.9c-2.1 37-2.1 147.9 0 184.9 1.7 35.9 9.9 67.7 36.2 93.9s58 34.4 93.9 36.2c37 2.1 147.9 2.1 184.9 0 35.9-1.7 67.7-9.9 93.9-36.2 26.2-26.2 34.4-58 36.2-93.9 2.1-37 2.1-147.8 0-184.8zM398.8 388c-7.8 19.6-22.9 34.7-42.6 42.6-29.5 11.7-99.5 9-132.1 9s-102.7 2.6-132.1-9c-19.6-7.8-34.7-22.9-42.6-42.6-11.7-29.5-9-99.5-9-132.1s-2.6-102.7 9-132.1c7.8-19.6 22.9-34.7 42.6-42.6 29.5-11.7 99.5-9 132.1-9s102.7-2.6 132.1 9c19.6 7.8 34.7 22.9 42.6 42.6 11.7 29.5 9 99.5 9 132.1s2.7 102.7-9 132.1z\"><\/path><\/svg><\/span><\/a>\n\n\n\n<a class=\"gb-button gb-button-6737d48d\" href=\"https:\/\/arquitectura-utopia.blogspot.com\/\" aria-label=\"Blog dos Arquitetos da Utopia\"><span class=\"gb-icon\"><svg xmlns=\"http:\/\/www.w3.org\/2000\/svg\" viewBox=\"0 0 290 290\" height=\"800\" width=\"800\" xml:space=\"preserve\"><title>Blog de los Arquitectos de la Utopia<\/title><path d=\"M289.154 128.48c.11-1.746.282-9.765-5.219-15.765-3.721-4.058-8.987-6.115-15.646-6.115l-16.642-.022c-6.894 0-9.791-8.219-13.743-21.755-.284-.974-.568-1.949-.857-2.92-6.552-22.066-17.825-42.377-31.742-57.189C190.115 8.545 173.074 0 156.021 0H94.195C42.693 0 .793 41.937.793 93.484v103.209c0 51.45 41.9 93.307 93.402 93.307h101.583c51.229 0 93.14-41.845 93.429-93.311l-.053-68.209zM80.818 73.106h61.331c11.046 0 20 8.954 20 20s-8.954 20-20 20H80.818c-11.046 0-20-8.954-20-20s8.954-20 20-20zm124.613 141.119H80.818c-11.046 0-20-8.954-20-20s8.954-20 20-20H205.43c11.046 0 20 8.954 20 20s-8.953 20-19.999 20z\"><\/path><\/svg><\/span><\/a>\n\n<\/div>\n<\/div>\n<\/section>\n\n<section class=\"gb-container gb-container-39e24aab\">\n<div class=\"gb-container gb-container-a2f14f96\">\n\n<h2 class=\"wp-block-heading\">Preguntas frecuentes sobre la ubicaci\u00f3n de nuestra Oficina<\/h2>\n\n\n\n<p>Lea aqu\u00ed preguntas sobre las \u00e1reas donde nuestros arquitectos e ingenieros civiles han trabajado o desarrollado proyectos.<\/p>\n\n<\/div>\n<\/section>","protected":false},"excerpt":{"rendered":"<p>\u00a1Cont\u00e1ctanos ahora! Cu\u00e9ntanos sobre tu proyecto, qu\u00e9 quieres, cu\u00e1nto quieres invertir, el tiempo que crees que se necesita y todo lo que sabes sobre el spot. Responderemos lo antes posible. Muchas gracias por su solicitud. Formulario de contacto Respetamos nuestra Pol\u00edtica de privacidad y nuestros T\u00e9rminos y condiciones. Sus datos se almacenan de acuerdo con &#8230; <a title=\"Contactos\" class=\"read-more\" href=\"https:\/\/www.utopia-projects.com\/es\/contactos\/\" aria-label=\"Leer m\u00e1s sobre Contactos\">Leer m\u00e1s<\/a><\/p>\n","protected":false},"author":2,"featured_media":0,"parent":0,"menu_order":0,"comment_status":"closed","ping_status":"closed","template":"","meta":{"footnotes":""},"class_list":["post-112","page","type-page","status-publish"],"yoast_head":"<!-- This site is optimized with the Yoast SEO plugin v27.4 - https:\/\/yoast.com\/product\/yoast-seo-wordpress\/ -->\n<title>Contactos - Utopia<\/title>\n<meta name=\"robots\" content=\"index, follow, max-snippet:-1, max-image-preview:large, max-video-preview:-1\" \/>\n<link rel=\"canonical\" href=\"https:\/\/www.utopia-projects.com\/es\/contactos\/\" \/>\n<meta property=\"og:locale\" content=\"es_ES\" \/>\n<meta property=\"og:type\" content=\"article\" \/>\n<meta property=\"og:title\" content=\"Contactos - Utopia\" \/>\n<meta property=\"og:description\" content=\"\u00a1Cont\u00e1ctanos ahora! Cu\u00e9ntanos sobre tu proyecto, qu\u00e9 quieres, cu\u00e1nto quieres invertir, el tiempo que crees que se necesita y todo lo que sabes sobre el spot. Responderemos lo antes posible. Muchas gracias por su solicitud. Formulario de contacto Respetamos nuestra Pol\u00edtica de privacidad y nuestros T\u00e9rminos y condiciones. Sus datos se almacenan de acuerdo con ... Leer m\u00e1s\" \/>\n<meta property=\"og:url\" content=\"https:\/\/www.utopia-projects.com\/es\/contactos\/\" \/>\n<meta property=\"og:site_name\" content=\"Utopia\" \/>\n<meta property=\"article:publisher\" content=\"https:\/\/www.facebook.com\/utopia.architects\/\" \/>\n<meta property=\"article:modified_time\" content=\"2025-08-02T18:42:12+00:00\" \/>\n<meta name=\"twitter:card\" content=\"summary_large_image\" \/>\n<meta name=\"twitter:site\" content=\"@ProjectosUtopia\" \/>\n<meta name=\"twitter:label1\" content=\"Tiempo de lectura\" \/>\n\t<meta name=\"twitter:data1\" content=\"2 minutos\" \/>\n<script type=\"application\/ld+json\" class=\"yoast-schema-graph\">{\"@context\":\"https:\\\/\\\/schema.org\",\"@graph\":[{\"@type\":\"WebPage\",\"@id\":\"https:\\\/\\\/www.utopia-projects.com\\\/es\\\/contactos\\\/\",\"url\":\"https:\\\/\\\/www.utopia-projects.com\\\/es\\\/contactos\\\/\",\"name\":\"Contactos - Utopia\",\"isPartOf\":{\"@id\":\"https:\\\/\\\/www.utopia-projects.com\\\/es\\\/#website\"},\"datePublished\":\"2023-07-07T12:00:55+00:00\",\"dateModified\":\"2025-08-02T18:42:12+00:00\",\"breadcrumb\":{\"@id\":\"https:\\\/\\\/www.utopia-projects.com\\\/es\\\/contactos\\\/#breadcrumb\"},\"inLanguage\":\"es\",\"potentialAction\":[{\"@type\":\"ReadAction\",\"target\":[\"https:\\\/\\\/www.utopia-projects.com\\\/es\\\/contactos\\\/\"]}]},{\"@type\":\"BreadcrumbList\",\"@id\":\"https:\\\/\\\/www.utopia-projects.com\\\/es\\\/contactos\\\/#breadcrumb\",\"itemListElement\":[{\"@type\":\"ListItem\",\"position\":1,\"name\":\"Utopia\",\"item\":\"https:\\\/\\\/www.utopia-projects.com\\\/es\\\/\"},{\"@type\":\"ListItem\",\"position\":2,\"name\":\"Contactos\"}]},{\"@type\":\"WebSite\",\"@id\":\"https:\\\/\\\/www.utopia-projects.com\\\/es\\\/#website\",\"url\":\"https:\\\/\\\/www.utopia-projects.com\\\/es\\\/\",\"name\":\"Utopia Architects and Engineers\",\"description\":\"Architects and Engineers providing architecure and engineering services in Portugal\",\"publisher\":{\"@id\":\"https:\\\/\\\/www.utopia-projects.com\\\/es\\\/#organization\"},\"alternateName\":\"Utopia - Architecture and Engineering\",\"potentialAction\":[{\"@type\":\"SearchAction\",\"target\":{\"@type\":\"EntryPoint\",\"urlTemplate\":\"https:\\\/\\\/www.utopia-projects.com\\\/es\\\/?s={search_term_string}\"},\"query-input\":{\"@type\":\"PropertyValueSpecification\",\"valueRequired\":true,\"valueName\":\"search_term_string\"}}],\"inLanguage\":\"es\"},{\"@type\":\"Organization\",\"@id\":\"https:\\\/\\\/www.utopia-projects.com\\\/es\\\/#organization\",\"name\":\"Utopia - Arquitectura e Engenharia Lda\",\"alternateName\":\"Utopia Architects\",\"url\":\"https:\\\/\\\/www.utopia-projects.com\\\/es\\\/\",\"logo\":{\"@type\":\"ImageObject\",\"inLanguage\":\"es\",\"@id\":\"https:\\\/\\\/www.utopia-projects.com\\\/es\\\/#\\\/schema\\\/logo\\\/image\\\/\",\"url\":\"https:\\\/\\\/www.utopia-projects.com\\\/wp-content\\\/uploads\\\/2023\\\/07\\\/Utopia_architecture_and_engineering.svg\",\"contentUrl\":\"https:\\\/\\\/www.utopia-projects.com\\\/wp-content\\\/uploads\\\/2023\\\/07\\\/Utopia_architecture_and_engineering.svg\",\"caption\":\"Utopia - Arquitectura e Engenharia Lda\"},\"image\":{\"@id\":\"https:\\\/\\\/www.utopia-projects.com\\\/es\\\/#\\\/schema\\\/logo\\\/image\\\/\"},\"sameAs\":[\"https:\\\/\\\/www.facebook.com\\\/utopia.architects\\\/\",\"https:\\\/\\\/x.com\\\/ProjectosUtopia\"]}]}<\/script>\n<!-- \/ Yoast SEO plugin. -->","yoast_head_json":{"title":"Contactos - Utopia","robots":{"index":"index","follow":"follow","max-snippet":"max-snippet:-1","max-image-preview":"max-image-preview:large","max-video-preview":"max-video-preview:-1"},"canonical":"https:\/\/www.utopia-projects.com\/es\/contactos\/","og_locale":"es_ES","og_type":"article","og_title":"Contactos - Utopia","og_description":"\u00a1Cont\u00e1ctanos ahora! Cu\u00e9ntanos sobre tu proyecto, qu\u00e9 quieres, cu\u00e1nto quieres invertir, el tiempo que crees que se necesita y todo lo que sabes sobre el spot. Responderemos lo antes posible. Muchas gracias por su solicitud. Formulario de contacto Respetamos nuestra Pol\u00edtica de privacidad y nuestros T\u00e9rminos y condiciones. Sus datos se almacenan de acuerdo con ... Leer m\u00e1s","og_url":"https:\/\/www.utopia-projects.com\/es\/contactos\/","og_site_name":"Utopia","article_publisher":"https:\/\/www.facebook.com\/utopia.architects\/","article_modified_time":"2025-08-02T18:42:12+00:00","twitter_card":"summary_large_image","twitter_site":"@ProjectosUtopia","twitter_misc":{"Tiempo de lectura":"2 minutos"},"schema":{"@context":"https:\/\/schema.org","@graph":[{"@type":"WebPage","@id":"https:\/\/www.utopia-projects.com\/es\/contactos\/","url":"https:\/\/www.utopia-projects.com\/es\/contactos\/","name":"Contactos - Utopia","isPartOf":{"@id":"https:\/\/www.utopia-projects.com\/es\/#website"},"datePublished":"2023-07-07T12:00:55+00:00","dateModified":"2025-08-02T18:42:12+00:00","breadcrumb":{"@id":"https:\/\/www.utopia-projects.com\/es\/contactos\/#breadcrumb"},"inLanguage":"es","potentialAction":[{"@type":"ReadAction","target":["https:\/\/www.utopia-projects.com\/es\/contactos\/"]}]},{"@type":"BreadcrumbList","@id":"https:\/\/www.utopia-projects.com\/es\/contactos\/#breadcrumb","itemListElement":[{"@type":"ListItem","position":1,"name":"Utopia","item":"https:\/\/www.utopia-projects.com\/es\/"},{"@type":"ListItem","position":2,"name":"Contactos"}]},{"@type":"WebSite","@id":"https:\/\/www.utopia-projects.com\/es\/#website","url":"https:\/\/www.utopia-projects.com\/es\/","name":"Utopia Architects and Engineers","description":"Architects and Engineers providing architecure and engineering services in Portugal","publisher":{"@id":"https:\/\/www.utopia-projects.com\/es\/#organization"},"alternateName":"Utopia - Architecture and Engineering","potentialAction":[{"@type":"SearchAction","target":{"@type":"EntryPoint","urlTemplate":"https:\/\/www.utopia-projects.com\/es\/?s={search_term_string}"},"query-input":{"@type":"PropertyValueSpecification","valueRequired":true,"valueName":"search_term_string"}}],"inLanguage":"es"},{"@type":"Organization","@id":"https:\/\/www.utopia-projects.com\/es\/#organization","name":"Utopia - Arquitectura e Engenharia Lda","alternateName":"Utopia Architects","url":"https:\/\/www.utopia-projects.com\/es\/","logo":{"@type":"ImageObject","inLanguage":"es","@id":"https:\/\/www.utopia-projects.com\/es\/#\/schema\/logo\/image\/","url":"https:\/\/www.utopia-projects.com\/wp-content\/uploads\/2023\/07\/Utopia_architecture_and_engineering.svg","contentUrl":"https:\/\/www.utopia-projects.com\/wp-content\/uploads\/2023\/07\/Utopia_architecture_and_engineering.svg","caption":"Utopia - Arquitectura e Engenharia Lda"},"image":{"@id":"https:\/\/www.utopia-projects.com\/es\/#\/schema\/logo\/image\/"},"sameAs":["https:\/\/www.facebook.com\/utopia.architects\/","https:\/\/x.com\/ProjectosUtopia"]}]}},"_links":{"self":[{"href":"https:\/\/www.utopia-projects.com\/es\/wp-json\/wp\/v2\/pages\/112","targetHints":{"allow":["GET"]}}],"collection":[{"href":"https:\/\/www.utopia-projects.com\/es\/wp-json\/wp\/v2\/pages"}],"about":[{"href":"https:\/\/www.utopia-projects.com\/es\/wp-json\/wp\/v2\/types\/page"}],"author":[{"embeddable":true,"href":"https:\/\/www.utopia-projects.com\/es\/wp-json\/wp\/v2\/users\/2"}],"replies":[{"embeddable":true,"href":"https:\/\/www.utopia-projects.com\/es\/wp-json\/wp\/v2\/comments?post=112"}],"version-history":[{"count":5,"href":"https:\/\/www.utopia-projects.com\/es\/wp-json\/wp\/v2\/pages\/112\/revisions"}],"predecessor-version":[{"id":4066,"href":"https:\/\/www.utopia-projects.com\/es\/wp-json\/wp\/v2\/pages\/112\/revisions\/4066"}],"wp:attachment":[{"href":"https:\/\/www.utopia-projects.com\/es\/wp-json\/wp\/v2\/media?parent=112"}],"curies":[{"name":"wp","href":"https:\/\/api.w.org\/{rel}","templated":true}]}}