{"id":122,"date":"2023-07-07T11:59:32","date_gmt":"2023-07-07T11:59:32","guid":{"rendered":"https:\/\/www.utopia-projects.com\/licencias\/"},"modified":"2023-10-19T17:48:10","modified_gmt":"2023-10-19T17:48:10","slug":"licencias","status":"publish","type":"page","link":"https:\/\/www.utopia-projects.com\/es\/licencias\/","title":{"rendered":"Licencias"},"content":{"rendered":"<section class=\"gb-container gb-container-ef326bbe\">\n\n<p>Basamos nuestro trabajo en el cumplimiento escrupuloso de las leyes generales y espec\u00edficas que regulan el trabajo profesional de arquitectos e ingenieros. Tambi\u00e9n nos tomamos en serio toda la legislaci\u00f3n sobre la actividad constructiva, especificaciones t\u00e9cnicas e incluso buenas pr\u00e1cticas. La verificaci\u00f3n y supervisi\u00f3n del cumplimiento es, con car\u00e1cter general, competencia de los respectivos Concejos Municipales. En algunos casos, los organismos estatales deben emitir un dictamen vinculante. Este es el caso de proyectos en edificios hist\u00f3ricos, desarrollos tur\u00edsticos, hospitales o industrias.<\/p>\n\n\n\n<p>Por tanto, ya sea una construcci\u00f3n limpia o una rehabilitaci\u00f3n de edificios existentes, cualquier actividad en el sector de la construcci\u00f3n debe ser comunicada obligatoriamente al Ayuntamiento competente. Sin embargo, la forma o el procedimiento legal es diferente seg\u00fan el proyecto. Por lo tanto, cada comunicaci\u00f3n con las autoridades estatales y locales es muy diferente. Este proceso se llama presentaci\u00f3n de planificaci\u00f3n o presentaci\u00f3n de construcci\u00f3n y debe demostrar el cumplimiento de todas las regulaciones.<\/p>\n\n\n\n<p>En algunos casos se trata de la presentaci\u00f3n de proyectos para la obtenci\u00f3n de una licencia de obra o de construcci\u00f3n. En otros casos ser\u00e1 suficiente avisar con antelaci\u00f3n. Consulte a continuaci\u00f3n los distintos tipos de procedimientos para la obtenci\u00f3n de licencias o comun\u00edquese con nuestros arquitectos para una situaci\u00f3n m\u00e1s espec\u00edfica.<\/p>\n\n\n\n<blockquote class=\"wp-block-quote is-layout-flow wp-block-quote-is-layout-flow\">\n<h3 class=\"wp-block-heading\">Puede contactar con nuestros arquitectos para un caso m\u00e1s espec\u00edfico.<\/h3>\n<cite>Susana Barros Vilela, arquitecta<\/cite><\/blockquote>\n\n<\/section><section class=\"gb-container gb-container-e1d5312f\">\n\n<h2 class=\"wp-block-heading\">Usos de la construcci\u00f3n<\/h2>\n\n\n\n<p>Seguramente es fundamental entender d\u00f3nde se llevar\u00e1 a cabo la construcci\u00f3n porque las parcelas de referencia tienen legalmente varias relaciones de construcci\u00f3n. Pero esta raci\u00f3n depende muchas veces del tipo de edificio que queramos. Por tanto, podemos analizar los edificios en funci\u00f3n de las funciones que cumplen y obtener varias caracter\u00edsticas de cada uno. La presentaci\u00f3n se realizar\u00e1 en consecuencia y lo mismo se aplica al permiso de planificaci\u00f3n y construcci\u00f3n. Tambi\u00e9n es importante subrayar que cada tipo de edificio tiene varias normas de construcci\u00f3n y entidades espec\u00edficas que supervisar\u00e1n el permiso.<\/p>\n\n\n\n<p>Por lo tanto, comprender los requisitos legales y reglamentarios de cada direcci\u00f3n y conocer todo el programa funcional que tendr\u00e1 el edificio es crucial para desarrollar una presentaci\u00f3n bien organizada y obtener f\u00e1cilmente un permiso.<\/p>\n\n<\/section><section class=\"gb-container gb-container-6fe68755\">\n\n<h2 class=\"wp-block-heading\">Pedidos de licencia<\/h2>\n\n\n\n<p>Hay varios tipos de pedidos de licencia disponibles seg\u00fan el tipo de edificio deseado. Todos tienen caracter\u00edsticas diferentes y deben incluir diferente documentaci\u00f3n con textos y dibujos que demuestren el cumplimiento de todas las normas de construcci\u00f3n y urbanismo.<\/p>\n\n\n\n<p>Los nuevos edificios, complejos tur\u00edsticos, desarrollos territoriales con subdivisi\u00f3n y otros grandes desarrollos inmobiliarios requieren un permiso del ayuntamiento. Puede contactar con nuestros arquitectos para entender c\u00f3mo su casa, hotel o industria cumplir\u00e1 con el conjunto de normas necesarias.<\/p>\n\n\n\n<p>A menudo no se necesita un permiso siempre que se cumplan una serie de l\u00edmites y condiciones determinados para la renovaci\u00f3n de algunos edificios peque\u00f1os. Peque\u00f1as ampliaciones, peque\u00f1os cambios de materiales y terrazas y trabajos de mantenimiento no suelen necesitar permiso. Si tienes alguna duda, por favor cont\u00e1ctanos para m\u00e1s informaci\u00f3n.<\/p>\n\n<\/section><section class=\"gb-container gb-container-618a578f\">\n\n<h2 class=\"wp-block-heading\" id=\"new-buildings\">Nuevos edificios<\/h2>\n\n\n\n<p>Los edificios nuevos requieren una licencia de obras mayores. Se puede realizar una solicitud por internet para determinadas regiones. Va directamente al ayuntamiento que es la autoridad local responsable de la supervisi\u00f3n de los permisos de construcci\u00f3n. Generalmente las construcciones nuevas requieren regulaciones m\u00e1s complejas ya que no existen construcciones existentes y se debe contar con una construcci\u00f3n que cumpla con las regulaciones actualizadas.<\/p>\n\n<\/section><section class=\"gb-container gb-container-5421fb65\">\n\n<h2 class=\"wp-block-heading\" id=\"renovation\">Renovaci\u00f3n<\/h2>\n\n\n\n<p>La rehabilitaci\u00f3n de un edificio es un proceso que se puede lograr mediante varios procedimientos que pueden tener definiciones diferentes y en ocasiones similares. Suele significar una intervenci\u00f3n en un edificio para realizar algunos cambios y reutilizar alguna parte de la construcci\u00f3n. Una palabra que se usa con frecuencia es remodelaci\u00f3n y generalmente significa cambios m\u00e1s peque\u00f1os en el edificio donde la arquitectura interior es la \u00fanica transformaci\u00f3n que ocurre. Reconstrucci\u00f3n es un t\u00e9rmino que a menudo implica una transformaci\u00f3n estructural del edificio existente manteniendo el concepto general de la construcci\u00f3n.<\/p>\n\n<\/section><section class=\"gb-container gb-container-63b76ad1\">\n\n<h2 class=\"wp-block-heading\" id=\"land-development\">Desarrollo inmobiliario<\/h2>\n\n\n\n<p>La urbanizaci\u00f3n o promoci\u00f3n inmobiliaria es un proceso que requiere diferentes tipos de permisos de planificaci\u00f3n. Este proceso produce enormes consecuencias sobre el paisaje urbano y generar\u00e1 diferentes derechos y responsabilidades para los futuros propietarios. Usamos esta aplicaci\u00f3n cuando queremos hacer subdivisiones de un terreno. Con esta subdivisi\u00f3n permitimos y preparamos la construcci\u00f3n de diferentes futuras edificaciones. Muchas veces se requiere presentar un plano urban\u00edstico o plan maestro, documentaci\u00f3n escrita sobre el proyecto incluyendo todos los ratios y todos los documentos que identifiquen a los propietarios.<\/p>\n\n<\/section><section class=\"gb-container gb-container-6c11ea80\">\n\n<h2 class=\"wp-block-heading\" id=\"industrial-license\">Licencia Industrial<\/h2>\n\n\n\n<p>Ciertos edificios industriales requieren Licencias Industriales y permisos espec\u00edficos. Esta aplicaci\u00f3n es fundamental cuando la industria produce o gestiona productos o procesos productivos con certificaciones de alto nivel de detalle. Normalmente esta aplicaci\u00f3n involucra no s\u00f3lo a las autoridades locales sino tambi\u00e9n a entidades nacionales. Entre los tipos de edificios que requieren un permiso industrial se encuentran f\u00e1bricas, almacenes de productos espec\u00edficos (medicamentos, riesgos de incendio, productos qu\u00edmicos,\u2026) y otras industrias de gran escala. P\u00f3ngase en contacto con nuestros arquitectos para obtener m\u00e1s informaci\u00f3n.<\/p>\n\n<\/section><section class=\"gb-container gb-container-39e24aab\">\n\n<h2 class=\"wp-block-heading\">Preguntas sobre la obtenci\u00f3n de un permiso de construcci\u00f3n o de planificaci\u00f3n<\/h2>\n\n\n\n<p>Se puede obtener un permiso de planificaci\u00f3n o construcci\u00f3n despu\u00e9s de la presentaci\u00f3n de un proyecto. Lea aqu\u00ed algunas preguntas frecuentes que recibimos.<\/p>\n\n\n\n<div class=\"schema-faq wp-block-yoast-faq-block\"><div class=\"schema-faq-section\" id=\"faq-question-1682091465792\"><strong class=\"schema-faq-question\"><br>\u00bfQu\u00e9 tipos de edificios dise\u00f1a el estudio de arquitectura Utopia?<\/strong> <p class=\"schema-faq-answer\">Tambi\u00e9n puede elegir entre los siguientes tipos de proyectos: Proyectos Residenciales, Proyectos Comerciales y Proyectos Comunitarios. Las tipolog\u00edas edificatorias que hemos dise\u00f1ado son: Naves Industriales, Talleres de Ingenier\u00eda Ligera, Centros de D\u00eda, Call Centres, Iglesias, Restaurantes, Gasolineras, Supermercados, Comercios, Oficinas, Farmacias, Estaciones de Transferencia de Residuos, Viviendas Unifamiliares, Urbanizaciones, Ampliaciones, Rehabilitaciones, Conservaci\u00f3n, Restauraci\u00f3n e Interiores, Piscinas Privadas Cubiertas. Pero si tiene otro desaf\u00edo, esperamos tener noticias suyas pronto.<br><\/p> <\/div> <div class=\"schema-faq-section\" id=\"faq-question-1682091466941\"><strong class=\"schema-faq-question\">\u00bfEl estudio de arquitectura Utopia gestiona todos los detalles legales del municipio?<\/strong> <p class=\"schema-faq-answer\">Se lo dejamos muy claro a nuestros clientes: siempre nos ocupamos de toda la burocracia municipal relacionada con sus proyectos. Sabemos que lo aprecias. Nuestro estudio de arquitectos siempre ha hecho que esto sea el pasado.<\/p> <\/div> <\/div>\n\n<\/section>","protected":false},"excerpt":{"rendered":"<p>Basamos nuestro trabajo en el cumplimiento escrupuloso de las leyes generales y espec\u00edficas que regulan el trabajo profesional de arquitectos e ingenieros. Tambi\u00e9n nos tomamos en serio toda la legislaci\u00f3n sobre la actividad constructiva, especificaciones t\u00e9cnicas e incluso buenas pr\u00e1cticas. La verificaci\u00f3n y supervisi\u00f3n del cumplimiento es, con car\u00e1cter general, competencia de los respectivos Concejos &#8230; <a title=\"Licencias\" class=\"read-more\" href=\"https:\/\/www.utopia-projects.com\/es\/licencias\/\" aria-label=\"Leer m\u00e1s sobre Licencias\">Leer m\u00e1s<\/a><\/p>\n","protected":false},"author":2,"featured_media":0,"parent":0,"menu_order":0,"comment_status":"closed","ping_status":"closed","template":"","meta":{"footnotes":""},"class_list":["post-122","page","type-page","status-publish"],"yoast_head":"<!-- This site is optimized with the Yoast SEO plugin v27.4 - https:\/\/yoast.com\/product\/yoast-seo-wordpress\/ -->\n<title>Licencias - Utopia<\/title>\n<meta name=\"robots\" content=\"index, follow, max-snippet:-1, max-image-preview:large, max-video-preview:-1\" \/>\n<link rel=\"canonical\" href=\"https:\/\/www.utopia-projects.com\/es\/licencias\/\" \/>\n<meta property=\"og:locale\" content=\"es_ES\" \/>\n<meta property=\"og:type\" content=\"article\" \/>\n<meta property=\"og:title\" content=\"Licencias - Utopia\" \/>\n<meta property=\"og:description\" content=\"Basamos nuestro trabajo en el cumplimiento escrupuloso de las leyes generales y espec\u00edficas que regulan el trabajo profesional de arquitectos e ingenieros. Tambi\u00e9n nos tomamos en serio toda la legislaci\u00f3n sobre la actividad constructiva, especificaciones t\u00e9cnicas e incluso buenas pr\u00e1cticas. La verificaci\u00f3n y supervisi\u00f3n del cumplimiento es, con car\u00e1cter general, competencia de los respectivos Concejos ... Leer m\u00e1s\" \/>\n<meta property=\"og:url\" content=\"https:\/\/www.utopia-projects.com\/es\/licencias\/\" \/>\n<meta property=\"og:site_name\" content=\"Utopia\" \/>\n<meta property=\"article:publisher\" content=\"https:\/\/www.facebook.com\/utopia.architects\/\" \/>\n<meta property=\"article:modified_time\" content=\"2023-10-19T17:48:10+00:00\" \/>\n<meta name=\"twitter:card\" content=\"summary_large_image\" \/>\n<meta name=\"twitter:site\" content=\"@ProjectosUtopia\" \/>\n<meta name=\"twitter:label1\" content=\"Tiempo de lectura\" \/>\n\t<meta name=\"twitter:data1\" content=\"5 minutos\" \/>\n<script type=\"application\/ld+json\" class=\"yoast-schema-graph\">{\"@context\":\"https:\\\/\\\/schema.org\",\"@graph\":[{\"@type\":[\"WebPage\",\"FAQPage\"],\"@id\":\"https:\\\/\\\/www.utopia-projects.com\\\/es\\\/licencias\\\/\",\"url\":\"https:\\\/\\\/www.utopia-projects.com\\\/es\\\/licencias\\\/\",\"name\":\"Licencias - Utopia\",\"isPartOf\":{\"@id\":\"https:\\\/\\\/www.utopia-projects.com\\\/es\\\/#website\"},\"datePublished\":\"2023-07-07T11:59:32+00:00\",\"dateModified\":\"2023-10-19T17:48:10+00:00\",\"breadcrumb\":{\"@id\":\"https:\\\/\\\/www.utopia-projects.com\\\/es\\\/licencias\\\/#breadcrumb\"},\"mainEntity\":[{\"@id\":\"https:\\\/\\\/www.utopia-projects.com\\\/es\\\/licencias\\\/#faq-question-1682091465792\"},{\"@id\":\"https:\\\/\\\/www.utopia-projects.com\\\/es\\\/licencias\\\/#faq-question-1682091466941\"}],\"inLanguage\":\"es\",\"potentialAction\":[{\"@type\":\"ReadAction\",\"target\":[\"https:\\\/\\\/www.utopia-projects.com\\\/es\\\/licencias\\\/\"]}]},{\"@type\":\"BreadcrumbList\",\"@id\":\"https:\\\/\\\/www.utopia-projects.com\\\/es\\\/licencias\\\/#breadcrumb\",\"itemListElement\":[{\"@type\":\"ListItem\",\"position\":1,\"name\":\"Utopia\",\"item\":\"https:\\\/\\\/www.utopia-projects.com\\\/es\\\/\"},{\"@type\":\"ListItem\",\"position\":2,\"name\":\"Licencias\"}]},{\"@type\":\"WebSite\",\"@id\":\"https:\\\/\\\/www.utopia-projects.com\\\/es\\\/#website\",\"url\":\"https:\\\/\\\/www.utopia-projects.com\\\/es\\\/\",\"name\":\"Utopia Architects and Engineers\",\"description\":\"Architects and Engineers providing architecure and engineering services in Portugal\",\"publisher\":{\"@id\":\"https:\\\/\\\/www.utopia-projects.com\\\/es\\\/#organization\"},\"alternateName\":\"Utopia - Architecture and Engineering\",\"potentialAction\":[{\"@type\":\"SearchAction\",\"target\":{\"@type\":\"EntryPoint\",\"urlTemplate\":\"https:\\\/\\\/www.utopia-projects.com\\\/es\\\/?s={search_term_string}\"},\"query-input\":{\"@type\":\"PropertyValueSpecification\",\"valueRequired\":true,\"valueName\":\"search_term_string\"}}],\"inLanguage\":\"es\"},{\"@type\":\"Organization\",\"@id\":\"https:\\\/\\\/www.utopia-projects.com\\\/es\\\/#organization\",\"name\":\"Utopia - Arquitectura e Engenharia Lda\",\"alternateName\":\"Utopia Architects\",\"url\":\"https:\\\/\\\/www.utopia-projects.com\\\/es\\\/\",\"logo\":{\"@type\":\"ImageObject\",\"inLanguage\":\"es\",\"@id\":\"https:\\\/\\\/www.utopia-projects.com\\\/es\\\/#\\\/schema\\\/logo\\\/image\\\/\",\"url\":\"https:\\\/\\\/www.utopia-projects.com\\\/wp-content\\\/uploads\\\/2023\\\/07\\\/Utopia_architecture_and_engineering.svg\",\"contentUrl\":\"https:\\\/\\\/www.utopia-projects.com\\\/wp-content\\\/uploads\\\/2023\\\/07\\\/Utopia_architecture_and_engineering.svg\",\"caption\":\"Utopia - Arquitectura e Engenharia Lda\"},\"image\":{\"@id\":\"https:\\\/\\\/www.utopia-projects.com\\\/es\\\/#\\\/schema\\\/logo\\\/image\\\/\"},\"sameAs\":[\"https:\\\/\\\/www.facebook.com\\\/utopia.architects\\\/\",\"https:\\\/\\\/x.com\\\/ProjectosUtopia\"]},{\"@type\":\"Question\",\"@id\":\"https:\\\/\\\/www.utopia-projects.com\\\/es\\\/licencias\\\/#faq-question-1682091465792\",\"position\":1,\"url\":\"https:\\\/\\\/www.utopia-projects.com\\\/es\\\/licencias\\\/#faq-question-1682091465792\",\"name\":\"What building types does Utopia architectural practice design?\",\"answerCount\":1,\"acceptedAnswer\":{\"@type\":\"Answer\",\"text\":\"You can also choose from the following project types: Residential Projects, Commercial Projects and Community Projects. The building types we have designed are: Industrial Units, Light Engineering Workshops, Day Centres, Call Centres, Churches, Restaurants, Petrol Stations, Supermarkets, Shops, Offices, Pharmacies, Waste Transfer Stations, Individual Houses, Housing Developments, Extensions, Alterations, Conservation, Restoration and Interiors, Private Indoor Swimming Pools. But if you have an other challenge, we look forward to hearing from you soon.<br\\\/>\",\"inLanguage\":\"es\"},\"inLanguage\":\"es\"},{\"@type\":\"Question\",\"@id\":\"https:\\\/\\\/www.utopia-projects.com\\\/es\\\/licencias\\\/#faq-question-1682091466941\",\"position\":2,\"url\":\"https:\\\/\\\/www.utopia-projects.com\\\/es\\\/licencias\\\/#faq-question-1682091466941\",\"name\":\"Does Utopia architectural practice manage all the legal details on the municipality?\",\"answerCount\":1,\"acceptedAnswer\":{\"@type\":\"Answer\",\"text\":\"We make it very clear to our clients: We take always care of all the municipality bureaucracy concerned to your projects. We know you appreciate it. Our architects firm have always done this is the past.\",\"inLanguage\":\"es\"},\"inLanguage\":\"es\"}]}<\/script>\n<!-- \/ Yoast SEO plugin. -->","yoast_head_json":{"title":"Licencias - Utopia","robots":{"index":"index","follow":"follow","max-snippet":"max-snippet:-1","max-image-preview":"max-image-preview:large","max-video-preview":"max-video-preview:-1"},"canonical":"https:\/\/www.utopia-projects.com\/es\/licencias\/","og_locale":"es_ES","og_type":"article","og_title":"Licencias - Utopia","og_description":"Basamos nuestro trabajo en el cumplimiento escrupuloso de las leyes generales y espec\u00edficas que regulan el trabajo profesional de arquitectos e ingenieros. Tambi\u00e9n nos tomamos en serio toda la legislaci\u00f3n sobre la actividad constructiva, especificaciones t\u00e9cnicas e incluso buenas pr\u00e1cticas. La verificaci\u00f3n y supervisi\u00f3n del cumplimiento es, con car\u00e1cter general, competencia de los respectivos Concejos ... Leer m\u00e1s","og_url":"https:\/\/www.utopia-projects.com\/es\/licencias\/","og_site_name":"Utopia","article_publisher":"https:\/\/www.facebook.com\/utopia.architects\/","article_modified_time":"2023-10-19T17:48:10+00:00","twitter_card":"summary_large_image","twitter_site":"@ProjectosUtopia","twitter_misc":{"Tiempo de lectura":"5 minutos"},"schema":{"@context":"https:\/\/schema.org","@graph":[{"@type":["WebPage","FAQPage"],"@id":"https:\/\/www.utopia-projects.com\/es\/licencias\/","url":"https:\/\/www.utopia-projects.com\/es\/licencias\/","name":"Licencias - Utopia","isPartOf":{"@id":"https:\/\/www.utopia-projects.com\/es\/#website"},"datePublished":"2023-07-07T11:59:32+00:00","dateModified":"2023-10-19T17:48:10+00:00","breadcrumb":{"@id":"https:\/\/www.utopia-projects.com\/es\/licencias\/#breadcrumb"},"mainEntity":[{"@id":"https:\/\/www.utopia-projects.com\/es\/licencias\/#faq-question-1682091465792"},{"@id":"https:\/\/www.utopia-projects.com\/es\/licencias\/#faq-question-1682091466941"}],"inLanguage":"es","potentialAction":[{"@type":"ReadAction","target":["https:\/\/www.utopia-projects.com\/es\/licencias\/"]}]},{"@type":"BreadcrumbList","@id":"https:\/\/www.utopia-projects.com\/es\/licencias\/#breadcrumb","itemListElement":[{"@type":"ListItem","position":1,"name":"Utopia","item":"https:\/\/www.utopia-projects.com\/es\/"},{"@type":"ListItem","position":2,"name":"Licencias"}]},{"@type":"WebSite","@id":"https:\/\/www.utopia-projects.com\/es\/#website","url":"https:\/\/www.utopia-projects.com\/es\/","name":"Utopia Architects and Engineers","description":"Architects and Engineers providing architecure and engineering services in Portugal","publisher":{"@id":"https:\/\/www.utopia-projects.com\/es\/#organization"},"alternateName":"Utopia - Architecture and Engineering","potentialAction":[{"@type":"SearchAction","target":{"@type":"EntryPoint","urlTemplate":"https:\/\/www.utopia-projects.com\/es\/?s={search_term_string}"},"query-input":{"@type":"PropertyValueSpecification","valueRequired":true,"valueName":"search_term_string"}}],"inLanguage":"es"},{"@type":"Organization","@id":"https:\/\/www.utopia-projects.com\/es\/#organization","name":"Utopia - Arquitectura e Engenharia Lda","alternateName":"Utopia Architects","url":"https:\/\/www.utopia-projects.com\/es\/","logo":{"@type":"ImageObject","inLanguage":"es","@id":"https:\/\/www.utopia-projects.com\/es\/#\/schema\/logo\/image\/","url":"https:\/\/www.utopia-projects.com\/wp-content\/uploads\/2023\/07\/Utopia_architecture_and_engineering.svg","contentUrl":"https:\/\/www.utopia-projects.com\/wp-content\/uploads\/2023\/07\/Utopia_architecture_and_engineering.svg","caption":"Utopia - Arquitectura e Engenharia Lda"},"image":{"@id":"https:\/\/www.utopia-projects.com\/es\/#\/schema\/logo\/image\/"},"sameAs":["https:\/\/www.facebook.com\/utopia.architects\/","https:\/\/x.com\/ProjectosUtopia"]},{"@type":"Question","@id":"https:\/\/www.utopia-projects.com\/es\/licencias\/#faq-question-1682091465792","position":1,"url":"https:\/\/www.utopia-projects.com\/es\/licencias\/#faq-question-1682091465792","name":"What building types does Utopia architectural practice design?","answerCount":1,"acceptedAnswer":{"@type":"Answer","text":"You can also choose from the following project types: Residential Projects, Commercial Projects and Community Projects. The building types we have designed are: Industrial Units, Light Engineering Workshops, Day Centres, Call Centres, Churches, Restaurants, Petrol Stations, Supermarkets, Shops, Offices, Pharmacies, Waste Transfer Stations, Individual Houses, Housing Developments, Extensions, Alterations, Conservation, Restoration and Interiors, Private Indoor Swimming Pools. But if you have an other challenge, we look forward to hearing from you soon.<br\/>","inLanguage":"es"},"inLanguage":"es"},{"@type":"Question","@id":"https:\/\/www.utopia-projects.com\/es\/licencias\/#faq-question-1682091466941","position":2,"url":"https:\/\/www.utopia-projects.com\/es\/licencias\/#faq-question-1682091466941","name":"Does Utopia architectural practice manage all the legal details on the municipality?","answerCount":1,"acceptedAnswer":{"@type":"Answer","text":"We make it very clear to our clients: We take always care of all the municipality bureaucracy concerned to your projects. We know you appreciate it. Our architects firm have always done this is the past.","inLanguage":"es"},"inLanguage":"es"}]}},"_links":{"self":[{"href":"https:\/\/www.utopia-projects.com\/es\/wp-json\/wp\/v2\/pages\/122","targetHints":{"allow":["GET"]}}],"collection":[{"href":"https:\/\/www.utopia-projects.com\/es\/wp-json\/wp\/v2\/pages"}],"about":[{"href":"https:\/\/www.utopia-projects.com\/es\/wp-json\/wp\/v2\/types\/page"}],"author":[{"embeddable":true,"href":"https:\/\/www.utopia-projects.com\/es\/wp-json\/wp\/v2\/users\/2"}],"replies":[{"embeddable":true,"href":"https:\/\/www.utopia-projects.com\/es\/wp-json\/wp\/v2\/comments?post=122"}],"version-history":[{"count":0,"href":"https:\/\/www.utopia-projects.com\/es\/wp-json\/wp\/v2\/pages\/122\/revisions"}],"wp:attachment":[{"href":"https:\/\/www.utopia-projects.com\/es\/wp-json\/wp\/v2\/media?parent=122"}],"curies":[{"name":"wp","href":"https:\/\/api.w.org\/{rel}","templated":true}]}}