{"id":128,"date":"2023-07-07T11:58:23","date_gmt":"2023-07-07T11:58:23","guid":{"rendered":"https:\/\/www.utopia-projects.com\/estudio\/"},"modified":"2023-10-13T21:26:51","modified_gmt":"2023-10-13T21:26:51","slug":"estudio","status":"publish","type":"page","link":"https:\/\/www.utopia-projects.com\/es\/estudio\/","title":{"rendered":"Estudio"},"content":{"rendered":"<section class=\"gb-container gb-container-6a979763\">\n\n<h1 class=\"wp-block-heading\">Estudio de Arquitectura en Portugal<\/h1>\n\n\n\n<p>Creada en 2002 con sede en Oporto, Utopia es una firma de dise\u00f1o que ofrece servicios de arquitectura, urbanismo, dise\u00f1o de mobiliario e ingenier\u00eda. Es innovador porque coordina a todos los expertos involucrados en tu proyecto, reduciendo todas tus preocupaciones. El equipo incluye arquitectos, ingenieros, paisajistas y dise\u00f1adores que trabajan en estrecha colaboraci\u00f3n. Desarrollamos varios servicios, a saber, proyectos de ra\u00edz, conversiones, ampliaciones y decoraci\u00f3n de interiores. Por eso desarrollamos todos los programas, incluyendo vivienda, comercio, servicios e industria. Siempre estamos interesados en un nuevo desaf\u00edo.<\/p>\n\n\n\n<blockquote class=\"wp-block-quote is-layout-flow wp-block-quote-is-layout-flow\">\n<p>Siempre estamos dispuestos a aceptar su nuevo desaf\u00edo.<\/p>\n<cite>Susana Barros Vilela, arquitecta<\/cite><\/blockquote>\n\n<\/section><section class=\"gb-container gb-container-ef326bbe\">\n\n<h2 class=\"wp-block-heading\">Nuestra historia<\/h2>\n\n\n\n<p>Nuestra pr\u00e1ctica de ingenier\u00eda y arquitectura cuenta con m\u00e1s de una d\u00e9cada de obras y proyectos realizados. En este camino, tuvimos la misi\u00f3n de centrarnos en el cliente y todo lo dem\u00e1s. De hecho, nuestros clientes conf\u00edan en el aumento de cada proyecto y las nuevas comisiones siempre han llegado de los mismos clientes y nuevos, como resultado de saber c\u00f3mo trabajamos y qu\u00e9 logramos. Nuestras publicaciones y conferencias son tambi\u00e9n una oportunidad para mostrar esa historia de obras que nos inspira a continuar.<\/p>\n\n<\/section><section class=\"gb-container gb-container-f9d22d0c\">\n\n<h2 class=\"wp-block-heading\">Filosof\u00eda del estudio de arquitectura<\/h2>\n\n\n\n<p>Nuestra filosof\u00eda de trabajo se basa en la importancia que damos a los objetivos de nuestros clientes y al presupuesto disponible. Al mismo tiempo hacemos un an\u00e1lisis claro de todos los aspectos legales que involucran su proyecto, para poder producir soluciones perfectas est\u00e9tica y funcionalmente. Tambi\u00e9n seleccionamos cuidadosamente todas las soluciones seg\u00fan cada caso, en ocasiones arquitectura moderna y en otros casos soluciones constructivas tradicionales. Trabajamos con una filosof\u00eda clara: escuchar, pensar y resolver.<\/p>\n\n<\/section><section class=\"gb-container gb-container-97447b8a\">\n\n<h2 class=\"wp-block-heading\">Equipo de arquitectos<\/h2>\n\n\n\n<p>Puedes conocer aqu\u00ed nuestro equipo de arquitectos e ingenieros en Portugal y c\u00f3mo trabajamos. Nuestra prioridad es una gesti\u00f3n de proyecto realizada por arquitectos, ya que es el \u00fanico proceso que permite un trabajo preciso de cada ingeniero y garantiza un resultado final donde ingenier\u00eda y arquitectura est\u00e1n completamente unidas. Esto tambi\u00e9n reduce toda la log\u00edstica y preocupaciones de nuestros clientes. Nuestro equipo de profesionales cuenta con una gran experiencia acreditando as\u00ed la m\u00e1xima calidad y apoyo a nuestros proyectos. Tambi\u00e9n podr\u00e1s entender aqu\u00ed el rol y tareas de cada t\u00e9cnico.<\/p>\n\n<\/section><section class=\"gb-container gb-container-7d4ccde9\">\n\n<h2 class=\"wp-block-heading\">Internacional<\/h2>\n\n\n\n<p>Trabajar en todo el mundo es muy importante para nosotros. Lo consideramos un desaf\u00edo permanente y miramos a cada pa\u00eds como un conjunto de oportunidades que nos permiten mostrar nuestra competitividad y know-how. Portugal, Angola, Mozambique, Espa\u00f1a, Brasil, Argelia, Noruega son mercados donde hemos trabajado y donde esperamos crecer a\u00fan m\u00e1s.<\/p>\n\n<\/section><section class=\"gb-container gb-container-2cbcf045\">\n\n<h2 class=\"wp-block-heading\">Innovaci\u00f3n<\/h2>\n\n\n\n<p>La innovaci\u00f3n es un tema que nos tomamos en serio. Consideramos la innovaci\u00f3n no como un proceso acad\u00e9mico encerrado dentro de los muros de la universidad, sino como una intervenci\u00f3n din\u00e1mica que ocurre todos los d\u00edas y que puede transformarse en un mejor servicio para nuestros clientes y la comunidad. En realidad, intentamos cuestionar permanentemente nuestro trabajo y las especificaciones t\u00e9cnicas que elaboramos para cada construcci\u00f3n. Le damos a algunos temas m\u00e1s importancia que a otros como resultado de los problemas contempor\u00e1neos que enfrenta nuestra sociedad. Por ello destacamos la eficiencia energ\u00e9tica, mejorando el comportamiento t\u00e9rmico de los edificios y reduciendo el consumo energ\u00e9tico, abaratando los costes energ\u00e9ticos. Al mismo tiempo debemos expresar nuestra preocupaci\u00f3n por luchar por m\u00e9todos de construcci\u00f3n m\u00e1s r\u00e1pidos y con calidad y seguridad superiores. Y tampoco debemos olvidar nuestro trabajo con m\u00e9todos constructivos alternativos y de menor coste como es el caso de la estructura ligera de acero.<\/p>\n\n<\/section><section class=\"gb-container gb-container-444b285c\">\n\n<h2 class=\"wp-block-heading\">Responsabilidad social<\/h2>\n\n\n\n<p>La conciencia social de nuestra empresa es algo que buscamos desarrollar d\u00eda a d\u00eda en funci\u00f3n de nuestros propios recursos. Esto significa que aplicamos la responsabilidad social en cada proyecto de arquitectura que dise\u00f1amos.<\/p>\n\n\n\n<p>Como ejemplo podemos mirar nuestra visi\u00f3n de la arquitectura sostenible. Una arquitectura amigable con el medio ambiente y con preocupaciones ecol\u00f3gicas es algo que evoluciona cada d\u00eda y se puede lograr de diferentes maneras. Nuestra huella ecol\u00f3gica es el resultado de la etapa de construcci\u00f3n y de la vida y mantenimiento de un edificio.<\/p>\n\n\n\n<p>Al mismo tiempo luchamos por una arquitectura inclusiva y accesible a todos. Esta es una lucha interminable que aceptamos con orgullo.<\/p>\n\n<\/section><section class=\"gb-container gb-container-39e24aab\">\n\n<h2 class=\"wp-block-heading\">Preguntas frecuentes sobre nuestro estudio<\/h2>\n\n\n\n<p>Tambi\u00e9n puede leer aqu\u00ed algunas respuestas importantes que brindamos sobre nuestra pr\u00e1ctica de dise\u00f1o. Temas como arquitectura sustentable, mejores m\u00e9todos de construcci\u00f3n, costos y contratistas.<\/p>\n\n\n\n<div class=\"schema-faq wp-block-yoast-faq-block\"><div class=\"schema-faq-section\" id=\"faq-question-1682091465792\"><strong class=\"schema-faq-question\">\u00bfPuede un arquitecto asesorar sobre el m\u00e9todo de construcci\u00f3n m\u00e1s sostenible?<\/strong> <p class=\"schema-faq-answer\">S\u00ed, un arquitecto de nuestra oficina puede explicarle para una ubicaci\u00f3n en particular cu\u00e1l es el mejor proceso de construcci\u00f3n para proteger el medio ambiente.<\/p> <\/div> <div class=\"schema-faq-section\" id=\"faq-question-1682091466941\"><strong class=\"schema-faq-question\">\u00bfQu\u00e9 tipo de profesionales ofrece la pr\u00e1ctica de Utop\u00eda?<\/strong> <p class=\"schema-faq-answer\">Nuestro estudio de arquitectura tiene a su disposici\u00f3n arquitectos, paisajistas, ingenieros, dise\u00f1adores, aparejadores, maquetistas y artistas pl\u00e1sticos.<\/p> <\/div> <div class=\"schema-faq-section\" id=\"faq-question-1682091468038\"><strong class=\"schema-faq-question\">\u00bfLa utop\u00eda tambi\u00e9n construye?<\/strong> <p class=\"schema-faq-answer\">No. Creemos que los servicios de arquitectura e ingenier\u00eda tienen un componente deontol\u00f3gico tan alto que resulta incompatible con otros intereses como la construcci\u00f3n. Dise\u00f1ar y construir son cosas distintas con intereses distintos. Defendemos a nuestros clientes con dise\u00f1o y supervisi\u00f3n. En la sociedad existen situaciones similares que no deben confundirse y que representan conflictos por prescribir y vender medicamentos, legislar y defender a los electores, etc.<\/p> <\/div> <div class=\"schema-faq-section\" id=\"faq-question-1689543427451\"><strong class=\"schema-faq-question\">\u00bfPuede un arquitecto ayudarme a elegir el mejor contratista con un bajo costo de construcci\u00f3n?<\/strong> <p class=\"schema-faq-answer\">S\u00ed, los arquitectos de Utopia elaboran un proyecto de ejecuci\u00f3n. Con estas especificaciones es posible realizar una puja competitiva con un grupo seleccionado de constructores y as\u00ed elegir el m\u00e1s barato.<\/p> <\/div> <div class=\"schema-faq-section\" id=\"faq-question-1689689644496\"><strong class=\"schema-faq-question\">\u00bfUtopia dise\u00f1a todo tipo de proyectos?<\/strong> <p class=\"schema-faq-answer\">S\u00ed. Como podr\u00e1s ver en nuestro portfolio podr\u00e1s encontrar all\u00ed que desarrollamos todo tipo de proyectos. Como una de las firmas de arquitectura l\u00edderes en Portugal, el equipo de Utopia Architects ofrece dise\u00f1o profesional. Con m\u00e1s de doce a\u00f1os de experiencia como estudio de arquitectura, Utopia Architects Practice ofrece un proyecto altamente profesional.<\/p> <\/div> <\/div>\n\n<\/section>","protected":false},"excerpt":{"rendered":"<p>Estudio de Arquitectura en Portugal Creada en 2002 con sede en Oporto, Utopia es una firma de dise\u00f1o que ofrece servicios de arquitectura, urbanismo, dise\u00f1o de mobiliario e ingenier\u00eda. Es innovador porque coordina a todos los expertos involucrados en tu proyecto, reduciendo todas tus preocupaciones. El equipo incluye arquitectos, ingenieros, paisajistas y dise\u00f1adores que trabajan &#8230; <a title=\"Estudio\" class=\"read-more\" href=\"https:\/\/www.utopia-projects.com\/es\/estudio\/\" aria-label=\"Leer m\u00e1s sobre Estudio\">Leer m\u00e1s<\/a><\/p>\n","protected":false},"author":2,"featured_media":0,"parent":0,"menu_order":0,"comment_status":"closed","ping_status":"closed","template":"","meta":{"footnotes":""},"class_list":["post-128","page","type-page","status-publish"],"yoast_head":"<!-- This site is optimized with the Yoast SEO plugin v27.1.1 - https:\/\/yoast.com\/product\/yoast-seo-wordpress\/ -->\n<title>Estudio - Utopia<\/title>\n<meta name=\"robots\" content=\"index, follow, max-snippet:-1, max-image-preview:large, max-video-preview:-1\" \/>\n<link rel=\"canonical\" href=\"https:\/\/www.utopia-projects.com\/es\/estudio\/\" \/>\n<meta property=\"og:locale\" content=\"es_ES\" \/>\n<meta property=\"og:type\" content=\"article\" \/>\n<meta property=\"og:title\" content=\"Estudio - Utopia\" \/>\n<meta property=\"og:description\" content=\"Estudio de Arquitectura en Portugal Creada en 2002 con sede en Oporto, Utopia es una firma de dise\u00f1o que ofrece servicios de arquitectura, urbanismo, dise\u00f1o de mobiliario e ingenier\u00eda. Es innovador porque coordina a todos los expertos involucrados en tu proyecto, reduciendo todas tus preocupaciones. El equipo incluye arquitectos, ingenieros, paisajistas y dise\u00f1adores que trabajan ... Leer m\u00e1s\" \/>\n<meta property=\"og:url\" content=\"https:\/\/www.utopia-projects.com\/es\/estudio\/\" \/>\n<meta property=\"og:site_name\" content=\"Utopia\" \/>\n<meta property=\"article:publisher\" content=\"https:\/\/www.facebook.com\/utopia.architects\/\" \/>\n<meta property=\"article:modified_time\" content=\"2023-10-13T21:26:51+00:00\" \/>\n<meta name=\"twitter:card\" content=\"summary_large_image\" \/>\n<meta name=\"twitter:site\" content=\"@ProjectosUtopia\" \/>\n<meta name=\"twitter:label1\" content=\"Tiempo de lectura\" \/>\n\t<meta name=\"twitter:data1\" content=\"5 minutos\" \/>\n<script type=\"application\/ld+json\" class=\"yoast-schema-graph\">{\"@context\":\"https:\/\/schema.org\",\"@graph\":[{\"@type\":[\"WebPage\",\"FAQPage\"],\"@id\":\"https:\/\/www.utopia-projects.com\/es\/estudio\/\",\"url\":\"https:\/\/www.utopia-projects.com\/es\/estudio\/\",\"name\":\"Estudio - Utopia\",\"isPartOf\":{\"@id\":\"https:\/\/www.utopia-projects.com\/es\/#website\"},\"datePublished\":\"2023-07-07T11:58:23+00:00\",\"dateModified\":\"2023-10-13T21:26:51+00:00\",\"breadcrumb\":{\"@id\":\"https:\/\/www.utopia-projects.com\/es\/estudio\/#breadcrumb\"},\"mainEntity\":[{\"@id\":\"https:\/\/www.utopia-projects.com\/es\/estudio\/#faq-question-1682091465792\"},{\"@id\":\"https:\/\/www.utopia-projects.com\/es\/estudio\/#faq-question-1682091466941\"},{\"@id\":\"https:\/\/www.utopia-projects.com\/es\/estudio\/#faq-question-1682091468038\"},{\"@id\":\"https:\/\/www.utopia-projects.com\/es\/estudio\/#faq-question-1689543427451\"},{\"@id\":\"https:\/\/www.utopia-projects.com\/es\/estudio\/#faq-question-1689689644496\"}],\"inLanguage\":\"es\",\"potentialAction\":[{\"@type\":\"ReadAction\",\"target\":[\"https:\/\/www.utopia-projects.com\/es\/estudio\/\"]}]},{\"@type\":\"BreadcrumbList\",\"@id\":\"https:\/\/www.utopia-projects.com\/es\/estudio\/#breadcrumb\",\"itemListElement\":[{\"@type\":\"ListItem\",\"position\":1,\"name\":\"Utopia\",\"item\":\"https:\/\/www.utopia-projects.com\/es\/\"},{\"@type\":\"ListItem\",\"position\":2,\"name\":\"Estudio\"}]},{\"@type\":\"WebSite\",\"@id\":\"https:\/\/www.utopia-projects.com\/es\/#website\",\"url\":\"https:\/\/www.utopia-projects.com\/es\/\",\"name\":\"Utopia Architects and Engineers\",\"description\":\"Architects and Engineers providing architecure and engineering services in Portugal\",\"publisher\":{\"@id\":\"https:\/\/www.utopia-projects.com\/es\/#organization\"},\"alternateName\":\"Utopia - Architecture and Engineering\",\"potentialAction\":[{\"@type\":\"SearchAction\",\"target\":{\"@type\":\"EntryPoint\",\"urlTemplate\":\"https:\/\/www.utopia-projects.com\/es\/?s={search_term_string}\"},\"query-input\":{\"@type\":\"PropertyValueSpecification\",\"valueRequired\":true,\"valueName\":\"search_term_string\"}}],\"inLanguage\":\"es\"},{\"@type\":\"Organization\",\"@id\":\"https:\/\/www.utopia-projects.com\/es\/#organization\",\"name\":\"Utopia - Arquitectura e Engenharia Lda\",\"alternateName\":\"Utopia Architects\",\"url\":\"https:\/\/www.utopia-projects.com\/es\/\",\"logo\":{\"@type\":\"ImageObject\",\"inLanguage\":\"es\",\"@id\":\"https:\/\/www.utopia-projects.com\/es\/#\/schema\/logo\/image\/\",\"url\":\"https:\/\/www.utopia-projects.com\/wp-content\/uploads\/2023\/07\/Utopia_architecture_and_engineering.svg\",\"contentUrl\":\"https:\/\/www.utopia-projects.com\/wp-content\/uploads\/2023\/07\/Utopia_architecture_and_engineering.svg\",\"caption\":\"Utopia - Arquitectura e Engenharia Lda\"},\"image\":{\"@id\":\"https:\/\/www.utopia-projects.com\/es\/#\/schema\/logo\/image\/\"},\"sameAs\":[\"https:\/\/www.facebook.com\/utopia.architects\/\",\"https:\/\/x.com\/ProjectosUtopia\"]},{\"@type\":\"Question\",\"@id\":\"https:\/\/www.utopia-projects.com\/es\/estudio\/#faq-question-1682091465792\",\"position\":1,\"url\":\"https:\/\/www.utopia-projects.com\/es\/estudio\/#faq-question-1682091465792\",\"name\":\"Can an architect advise on the most sustainable method of construction?\",\"answerCount\":1,\"acceptedAnswer\":{\"@type\":\"Answer\",\"text\":\"Yes, an architect in our office can explain to you for a particular location what is the best construction process to protect the environment.\",\"inLanguage\":\"es\"},\"inLanguage\":\"es\"},{\"@type\":\"Question\",\"@id\":\"https:\/\/www.utopia-projects.com\/es\/estudio\/#faq-question-1682091466941\",\"position\":2,\"url\":\"https:\/\/www.utopia-projects.com\/es\/estudio\/#faq-question-1682091466941\",\"name\":\"What kind of professionals does the Utopia practice provide?\",\"answerCount\":1,\"acceptedAnswer\":{\"@type\":\"Answer\",\"text\":\"Our architecture studio has at its disposal architects, landscape architects, engineers, designers, surveyors, maquetists and plastic artists.\",\"inLanguage\":\"es\"},\"inLanguage\":\"es\"},{\"@type\":\"Question\",\"@id\":\"https:\/\/www.utopia-projects.com\/es\/estudio\/#faq-question-1682091468038\",\"position\":3,\"url\":\"https:\/\/www.utopia-projects.com\/es\/estudio\/#faq-question-1682091468038\",\"name\":\"Does Utopia also build?\",\"answerCount\":1,\"acceptedAnswer\":{\"@type\":\"Answer\",\"text\":\"No. We believe that architectural and engineering services have such a high deontological component that it is incompatible with other interests such as construction. Designing and building are distinct things with distinct interests. We defend our clients with design and supervision. In society there are similar situations that should not be confused and that represent conflicts prescribing and selling medicines, legislating and defending constituents, etc.\",\"inLanguage\":\"es\"},\"inLanguage\":\"es\"},{\"@type\":\"Question\",\"@id\":\"https:\/\/www.utopia-projects.com\/es\/estudio\/#faq-question-1689543427451\",\"position\":4,\"url\":\"https:\/\/www.utopia-projects.com\/es\/estudio\/#faq-question-1689543427451\",\"name\":\"Can an architect help me choose the best contractor with a low construction cost?\",\"answerCount\":1,\"acceptedAnswer\":{\"@type\":\"Answer\",\"text\":\"Yes, the architects at Utopia develop an execution project. With these specifications it is possible to make a competitive bidding with a selected group of builders and thus choose the cheapest one.\",\"inLanguage\":\"es\"},\"inLanguage\":\"es\"},{\"@type\":\"Question\",\"@id\":\"https:\/\/www.utopia-projects.com\/es\/estudio\/#faq-question-1689689644496\",\"position\":5,\"url\":\"https:\/\/www.utopia-projects.com\/es\/estudio\/#faq-question-1689689644496\",\"name\":\"Does Utopia design all kind of projects?\",\"answerCount\":1,\"acceptedAnswer\":{\"@type\":\"Answer\",\"text\":\"Yes. As you may see on our portfolio you can find there we develop all kind of projects. As one of the leading chartered architectural firms in Portugal, the team at Utopia Architects provide professional design &amp; consultancy for any commercial, industrial and residential projects. With over twelve years experience as an architectural practice, Utopia Architects Practice provide a highly professional project &amp; planning management service, from concept to completion.\",\"inLanguage\":\"es\"},\"inLanguage\":\"es\"}]}<\/script>\n<!-- \/ Yoast SEO plugin. -->","yoast_head_json":{"title":"Estudio - Utopia","robots":{"index":"index","follow":"follow","max-snippet":"max-snippet:-1","max-image-preview":"max-image-preview:large","max-video-preview":"max-video-preview:-1"},"canonical":"https:\/\/www.utopia-projects.com\/es\/estudio\/","og_locale":"es_ES","og_type":"article","og_title":"Estudio - Utopia","og_description":"Estudio de Arquitectura en Portugal Creada en 2002 con sede en Oporto, Utopia es una firma de dise\u00f1o que ofrece servicios de arquitectura, urbanismo, dise\u00f1o de mobiliario e ingenier\u00eda. Es innovador porque coordina a todos los expertos involucrados en tu proyecto, reduciendo todas tus preocupaciones. El equipo incluye arquitectos, ingenieros, paisajistas y dise\u00f1adores que trabajan ... Leer m\u00e1s","og_url":"https:\/\/www.utopia-projects.com\/es\/estudio\/","og_site_name":"Utopia","article_publisher":"https:\/\/www.facebook.com\/utopia.architects\/","article_modified_time":"2023-10-13T21:26:51+00:00","twitter_card":"summary_large_image","twitter_site":"@ProjectosUtopia","twitter_misc":{"Tiempo de lectura":"5 minutos"},"schema":{"@context":"https:\/\/schema.org","@graph":[{"@type":["WebPage","FAQPage"],"@id":"https:\/\/www.utopia-projects.com\/es\/estudio\/","url":"https:\/\/www.utopia-projects.com\/es\/estudio\/","name":"Estudio - Utopia","isPartOf":{"@id":"https:\/\/www.utopia-projects.com\/es\/#website"},"datePublished":"2023-07-07T11:58:23+00:00","dateModified":"2023-10-13T21:26:51+00:00","breadcrumb":{"@id":"https:\/\/www.utopia-projects.com\/es\/estudio\/#breadcrumb"},"mainEntity":[{"@id":"https:\/\/www.utopia-projects.com\/es\/estudio\/#faq-question-1682091465792"},{"@id":"https:\/\/www.utopia-projects.com\/es\/estudio\/#faq-question-1682091466941"},{"@id":"https:\/\/www.utopia-projects.com\/es\/estudio\/#faq-question-1682091468038"},{"@id":"https:\/\/www.utopia-projects.com\/es\/estudio\/#faq-question-1689543427451"},{"@id":"https:\/\/www.utopia-projects.com\/es\/estudio\/#faq-question-1689689644496"}],"inLanguage":"es","potentialAction":[{"@type":"ReadAction","target":["https:\/\/www.utopia-projects.com\/es\/estudio\/"]}]},{"@type":"BreadcrumbList","@id":"https:\/\/www.utopia-projects.com\/es\/estudio\/#breadcrumb","itemListElement":[{"@type":"ListItem","position":1,"name":"Utopia","item":"https:\/\/www.utopia-projects.com\/es\/"},{"@type":"ListItem","position":2,"name":"Estudio"}]},{"@type":"WebSite","@id":"https:\/\/www.utopia-projects.com\/es\/#website","url":"https:\/\/www.utopia-projects.com\/es\/","name":"Utopia Architects and Engineers","description":"Architects and Engineers providing architecure and engineering services in Portugal","publisher":{"@id":"https:\/\/www.utopia-projects.com\/es\/#organization"},"alternateName":"Utopia - Architecture and Engineering","potentialAction":[{"@type":"SearchAction","target":{"@type":"EntryPoint","urlTemplate":"https:\/\/www.utopia-projects.com\/es\/?s={search_term_string}"},"query-input":{"@type":"PropertyValueSpecification","valueRequired":true,"valueName":"search_term_string"}}],"inLanguage":"es"},{"@type":"Organization","@id":"https:\/\/www.utopia-projects.com\/es\/#organization","name":"Utopia - Arquitectura e Engenharia Lda","alternateName":"Utopia Architects","url":"https:\/\/www.utopia-projects.com\/es\/","logo":{"@type":"ImageObject","inLanguage":"es","@id":"https:\/\/www.utopia-projects.com\/es\/#\/schema\/logo\/image\/","url":"https:\/\/www.utopia-projects.com\/wp-content\/uploads\/2023\/07\/Utopia_architecture_and_engineering.svg","contentUrl":"https:\/\/www.utopia-projects.com\/wp-content\/uploads\/2023\/07\/Utopia_architecture_and_engineering.svg","caption":"Utopia - Arquitectura e Engenharia Lda"},"image":{"@id":"https:\/\/www.utopia-projects.com\/es\/#\/schema\/logo\/image\/"},"sameAs":["https:\/\/www.facebook.com\/utopia.architects\/","https:\/\/x.com\/ProjectosUtopia"]},{"@type":"Question","@id":"https:\/\/www.utopia-projects.com\/es\/estudio\/#faq-question-1682091465792","position":1,"url":"https:\/\/www.utopia-projects.com\/es\/estudio\/#faq-question-1682091465792","name":"Can an architect advise on the most sustainable method of construction?","answerCount":1,"acceptedAnswer":{"@type":"Answer","text":"Yes, an architect in our office can explain to you for a particular location what is the best construction process to protect the environment.","inLanguage":"es"},"inLanguage":"es"},{"@type":"Question","@id":"https:\/\/www.utopia-projects.com\/es\/estudio\/#faq-question-1682091466941","position":2,"url":"https:\/\/www.utopia-projects.com\/es\/estudio\/#faq-question-1682091466941","name":"What kind of professionals does the Utopia practice provide?","answerCount":1,"acceptedAnswer":{"@type":"Answer","text":"Our architecture studio has at its disposal architects, landscape architects, engineers, designers, surveyors, maquetists and plastic artists.","inLanguage":"es"},"inLanguage":"es"},{"@type":"Question","@id":"https:\/\/www.utopia-projects.com\/es\/estudio\/#faq-question-1682091468038","position":3,"url":"https:\/\/www.utopia-projects.com\/es\/estudio\/#faq-question-1682091468038","name":"Does Utopia also build?","answerCount":1,"acceptedAnswer":{"@type":"Answer","text":"No. We believe that architectural and engineering services have such a high deontological component that it is incompatible with other interests such as construction. Designing and building are distinct things with distinct interests. We defend our clients with design and supervision. In society there are similar situations that should not be confused and that represent conflicts prescribing and selling medicines, legislating and defending constituents, etc.","inLanguage":"es"},"inLanguage":"es"},{"@type":"Question","@id":"https:\/\/www.utopia-projects.com\/es\/estudio\/#faq-question-1689543427451","position":4,"url":"https:\/\/www.utopia-projects.com\/es\/estudio\/#faq-question-1689543427451","name":"Can an architect help me choose the best contractor with a low construction cost?","answerCount":1,"acceptedAnswer":{"@type":"Answer","text":"Yes, the architects at Utopia develop an execution project. With these specifications it is possible to make a competitive bidding with a selected group of builders and thus choose the cheapest one.","inLanguage":"es"},"inLanguage":"es"},{"@type":"Question","@id":"https:\/\/www.utopia-projects.com\/es\/estudio\/#faq-question-1689689644496","position":5,"url":"https:\/\/www.utopia-projects.com\/es\/estudio\/#faq-question-1689689644496","name":"Does Utopia design all kind of projects?","answerCount":1,"acceptedAnswer":{"@type":"Answer","text":"Yes. As you may see on our portfolio you can find there we develop all kind of projects. As one of the leading chartered architectural firms in Portugal, the team at Utopia Architects provide professional design &amp; consultancy for any commercial, industrial and residential projects. With over twelve years experience as an architectural practice, Utopia Architects Practice provide a highly professional project &amp; planning management service, from concept to completion.","inLanguage":"es"},"inLanguage":"es"}]}},"_links":{"self":[{"href":"https:\/\/www.utopia-projects.com\/es\/wp-json\/wp\/v2\/pages\/128","targetHints":{"allow":["GET"]}}],"collection":[{"href":"https:\/\/www.utopia-projects.com\/es\/wp-json\/wp\/v2\/pages"}],"about":[{"href":"https:\/\/www.utopia-projects.com\/es\/wp-json\/wp\/v2\/types\/page"}],"author":[{"embeddable":true,"href":"https:\/\/www.utopia-projects.com\/es\/wp-json\/wp\/v2\/users\/2"}],"replies":[{"embeddable":true,"href":"https:\/\/www.utopia-projects.com\/es\/wp-json\/wp\/v2\/comments?post=128"}],"version-history":[{"count":0,"href":"https:\/\/www.utopia-projects.com\/es\/wp-json\/wp\/v2\/pages\/128\/revisions"}],"wp:attachment":[{"href":"https:\/\/www.utopia-projects.com\/es\/wp-json\/wp\/v2\/media?parent=128"}],"curies":[{"name":"wp","href":"https:\/\/api.w.org\/{rel}","templated":true}]}}