{"id":140,"date":"2023-07-07T11:58:52","date_gmt":"2023-07-07T11:58:52","guid":{"rendered":"https:\/\/www.utopia-projects.com\/servicios\/"},"modified":"2023-10-19T17:02:16","modified_gmt":"2023-10-19T17:02:16","slug":"servicios","status":"publish","type":"page","link":"https:\/\/www.utopia-projects.com\/es\/servicios\/","title":{"rendered":"Servicios"},"content":{"rendered":"<section class=\"gb-container gb-container-6a979763\">\n\n<h1 class=\"wp-block-heading\">Servicios<\/h1>\n\n\n\n<p>Nuestros arquitectos e ingenieros brindan un amplio grupo de servicios de acuerdo a la necesidad de nuestros clientes y nuestro conocimiento. Nuestros servicios de arquitectura e ingenier\u00eda hacen que nuestros clientes aumenten el ahorro en tiempo, log\u00edstica y financiaci\u00f3n. Nos gusta subrayar nuestra calidad y competitividad en el proyecto de arquitectura y en los diversos proyectos de ingenier\u00eda. Desarrollamos peque\u00f1os proyectos como dise\u00f1o de mobiliario o arquitectura de interiores. Sin embargo, dise\u00f1amos proyectos de mediana escala como edificios de diferentes tipos e incluso proyectos de gran escala como obras de arquitectura paisaj\u00edstica. Del mismo modo, tambi\u00e9n estamos orgullosos de nuestros dise\u00f1os para resorts, planes maestros y proyectos urbanos. Tambi\u00e9n incluimos en nuestra gama de servicios la vigilancia de obra y la gesti\u00f3n de licitaciones.<\/p>\n\n\n\n<blockquote class=\"wp-block-quote is-layout-flow wp-block-quote-is-layout-flow\">\n<p>Nuestra gama de servicios tambi\u00e9n se puede adaptar a las necesidades espec\u00edficas de nuestros clientes.<\/p>\n<cite>Ricardo Cruz, arquitecto<\/cite><\/blockquote>\n\n<\/section><section class=\"gb-container gb-container-64c6bc87\">\n\n<h2 class=\"wp-block-heading\" id=\"architecture-projects\">Proyectos de Arquitectura<\/h2>\n\n\n\n<p>El proyecto de arquitectura es un conjunto de documentos escritos y dibujados desarrollados por un equipo de arquitectos. Este equipo conoce los objetivos, el programa, el presupuesto financiero, el territorio circundante y la legislaci\u00f3n. El equipo de arquitectura concibe y dise\u00f1a soluciones arquitect\u00f3nicas adaptadas a todo esto. El proyecto de arquitectura consta de varias etapas de trabajo: programa preliminar, estudios preliminares, presentaci\u00f3n del proyecto, presentaci\u00f3n del reglamento de construcci\u00f3n, proyecto de ejecuci\u00f3n y finalmente direcci\u00f3n de obra.<\/p>\n\n<\/section><section class=\"gb-container gb-container-decd6712\">\n\n<h2 class=\"wp-block-heading\" id=\"engineering-projects\">Proyectos de Ingenier\u00eda<\/h2>\n\n\n\n<p>Los proyectos de ingenier\u00eda son un conjunto de documentos que explican cada c\u00e1lculo constructivo. Permiten por tanto el resultado esperado en el dise\u00f1o arquitect\u00f3nico. Cada proyecto de ingenier\u00eda da el detalle necesario a cada tema: estructura, drenaje, abastecimiento de agua, comportamiento t\u00e9rmico, comportamiento ac\u00fastico, instalaciones mec\u00e1nicas, ventilaci\u00f3n y climatizaci\u00f3n. La complejidad de cada tema implica la existencia de un ingeniero especializado en el tema del proyecto. Al mismo tiempo, el hecho de que varios proyectos especializados se desarrollen por separado implica la existencia de un jefe de proyecto que coordina todo el trabajo y la compatibilidad entre proyectos. Nosotros en Utopia brindamos todos estos servicios permitiendo una inversi\u00f3n segura para nuestros clientes.<\/p>\n\n<\/section><section class=\"gb-container gb-container-ec74e991\">\n\n<h2 class=\"wp-block-heading\" id=\"town-planning\">Proyectos Urbanos<\/h2>\n\n\n\n<p>Los proyectos urban\u00edsticos o proyectos urbanos incluyen todos los estudios y proyectos de gran impacto. Los complejos tur\u00edsticos son algunos de los proyectos aqu\u00ed incluidos pero tambi\u00e9n debemos hacer referencia a planes directores y planes estrat\u00e9gicos. Tampoco debemos olvidar algunas de las torres y rascacielos que desarrollamos ya que tuvieron un gran impacto urban\u00edstico a nivel suelo y paisaj\u00edstico.<\/p>\n\n<\/section><section class=\"gb-container gb-container-1d039f61\">\n\n<h2 class=\"wp-block-heading\" id=\"interior-architecture\">Arquitectura de interiores<\/h2>\n\n\n\n<p>Los proyectos de arquitectura de interiores o los tambi\u00e9n llamados proyectos de interiorismo forman parte del grupo de servicios que brinda nuestro estudio de arquitectura. Son muy habituales en la reforma de un hotel o cualquier otro edificio tur\u00edstico, en casas de lujo y oficinas de alto nivel. Este servicio se puede prestar en dos grandes tipos: acondicionamiento en el que se cambian todos los acabados, y FF&amp;E en el que s\u00f3lo se renuevan muebles y equipos.<\/p>\n\n<\/section><section class=\"gb-container gb-container-bb7a953d\">\n\n<h2 class=\"wp-block-heading\" id=\"design\">Design<\/h2>\n\n\n\n<p>El desarrollo de servicios de dise\u00f1o tambi\u00e9n es un activo importante de nuestra empresa de dise\u00f1o. Principalmente deber\u00edamos hablar del dise\u00f1o de mobiliario, dise\u00f1o de producto y dise\u00f1o industrial por la importancia que tienen en nuestra pr\u00e1ctica del dise\u00f1o. Otros trabajos como el dise\u00f1o de marca o el dise\u00f1o gr\u00e1fico tambi\u00e9n han sido realizados con \u00e9xito por nuestro equipo ya que tambi\u00e9n estaban relacionados de alguna manera con los servicios inmobiliarios.<\/p>\n\n<\/section><section class=\"gb-container gb-container-71f1b36c\">\n\n<h2 class=\"wp-block-heading\" id=\"landscape-architecture\">Arquitectura del Paisaje<\/h2>\n\n\n\n<p>Forman parte de los servicios de Arquitectura del Paisaje trabajos exteriores en parques y jardines, plazas, calles urbanas, estacionamientos abiertos u otros proyectos de gran escala con impacto en el terreno. El paisajismo implica conocimientos de biolog\u00eda, bot\u00e1nica, agricultura, arquitectura, urbanismo y otros. Los proyectos de paisajismo tambi\u00e9n son nuestra herramienta favorita para promover dise\u00f1os de arquitectura sostenible. Luchamos por una sociedad m\u00e1s ecol\u00f3gica y la creaci\u00f3n de un mundo m\u00e1s respetuoso con el medio ambiente.<\/p>\n\n<\/section><section class=\"gb-container gb-container-8879b83a\">\n\n<h2 class=\"wp-block-heading\" id=\"construction-supervision\">Asistencia t\u00e9cnica en obra<\/h2>\n\n\n\n<p>La assistencia t\u00e9cnica en obra puede incluir una amplia gama de servicios, como inspecciones del sitio, estudios o gesti\u00f3n de la construcci\u00f3n. Cada proyecto debe ser analizado y siempre una propuesta hecha a medida para que sea competitiva y efectiva. La funci\u00f3n principal de estos servicios es garantizar que el proyecto se construya correctamente. Tambi\u00e9n asegura que el proyecto tiene todas las especificaciones t\u00e9cnicas incluidas. De esta manera podemos cumplir los objetivos y plazos de nuestros clientes.<\/p>\n\n<\/section><section class=\"gb-container gb-container-353e8509\">\n\n<h2 class=\"wp-block-heading\">Preguntas frecuentes sobre nuestros servicios<\/h2>\n\n\n\n<p>Tambi\u00e9n puede leer aqu\u00ed algunas respuestas importantes que brindamos sobre nuestra pr\u00e1ctica de dise\u00f1o. Temas como arquitectura sustentable, mejores m\u00e9todos de construcci\u00f3n, costos y contratistas.<\/p>\n\n\n\n<div class=\"schema-faq wp-block-yoast-faq-block\"><div class=\"schema-faq-section\" id=\"faq-question-1682091151431\"><strong class=\"schema-faq-question\">\u00bfPara qu\u00e9 tipo de sectores desarrollan sus servicios?<\/strong> <p class=\"schema-faq-answer\">Como podr\u00e1s ver en nuestro portfolio podr\u00e1s encontrar all\u00ed que desarrollamos todo tipo de proyectos. Como una de las firmas de arquitectura l\u00edderes en Portugal, el equipo de Utopia Architects ofrece dise\u00f1o profesional. Con m\u00e1s de doce a\u00f1os de experiencia como estudio de arquitectura, Utopia Architects Practice ofrece un proyecto altamente profesional.<\/p> <\/div> <div class=\"schema-faq-section\" id=\"faq-question-1682091465792\"><strong class=\"schema-faq-question\">\u00bfPuede Utopia ofrecer servicios de decoraci\u00f3n de interiores y arquitectura al mismo tiempo?<\/strong> <p class=\"schema-faq-answer\">S\u00ed, podemos desarrollar arquitectura y arquitectura de interiores al mismo tiempo. Es algo muy com\u00fan que agrega consistencia al proyecto. <\/p> <\/div> <div class=\"schema-faq-section\" id=\"faq-question-1689689411817\"><strong class=\"schema-faq-question\">Can Utopia proporciona una propuesta detallada de los servicios espec\u00edficos prestados.<\/strong> <p class=\"schema-faq-answer\">S\u00ed, claro. As\u00ed como los servicios de Dise\u00f1o de Edificaciones, Aprobaciones Legales, Especificaciones, Documentaci\u00f3n de Licitaciones, Administraci\u00f3n de Contratos e Inspecciones. Los informes condicionales y los estudios de viabilidad se pueden realizar en conjunto con aparejadores, ingenieros estructurales y de servicio. Un Paquete de Dise\u00f1o puede dise\u00f1arse a medida para satisfacer las necesidades espec\u00edficas del Cliente, ya sea en Portugal o en cualquier otro pa\u00eds. El estudio de arquitectura Utopia tiene experiencia en informar sobre defectos de construcci\u00f3n, energ\u00eda, conservaci\u00f3n, prevenci\u00f3n de incendios y apelaciones de planificaci\u00f3n. Nuestra experiencia a lo largo de los a\u00f1os ha sido con el sector privado, as\u00ed como con la Asociaci\u00f3n de Vivienda local y el Ejecutivo de Vivienda local.<br><\/p> <\/div> <\/div>\n\n<\/section>","protected":false},"excerpt":{"rendered":"<p>Servicios Nuestros arquitectos e ingenieros brindan un amplio grupo de servicios de acuerdo a la necesidad de nuestros clientes y nuestro conocimiento. Nuestros servicios de arquitectura e ingenier\u00eda hacen que nuestros clientes aumenten el ahorro en tiempo, log\u00edstica y financiaci\u00f3n. Nos gusta subrayar nuestra calidad y competitividad en el proyecto de arquitectura y en los &#8230; <a title=\"Servicios\" class=\"read-more\" href=\"https:\/\/www.utopia-projects.com\/es\/servicios\/\" aria-label=\"Leer m\u00e1s sobre Servicios\">Leer m\u00e1s<\/a><\/p>\n","protected":false},"author":2,"featured_media":0,"parent":0,"menu_order":0,"comment_status":"closed","ping_status":"closed","template":"","meta":{"footnotes":""},"class_list":["post-140","page","type-page","status-publish"],"yoast_head":"<!-- This site is optimized with the Yoast SEO plugin v27.4 - https:\/\/yoast.com\/product\/yoast-seo-wordpress\/ -->\n<title>Servicios - Utopia<\/title>\n<meta name=\"robots\" content=\"index, follow, max-snippet:-1, max-image-preview:large, max-video-preview:-1\" \/>\n<link rel=\"canonical\" href=\"https:\/\/www.utopia-projects.com\/es\/servicios\/\" \/>\n<meta property=\"og:locale\" content=\"es_ES\" \/>\n<meta property=\"og:type\" content=\"article\" \/>\n<meta property=\"og:title\" content=\"Servicios - Utopia\" \/>\n<meta property=\"og:description\" content=\"Servicios Nuestros arquitectos e ingenieros brindan un amplio grupo de servicios de acuerdo a la necesidad de nuestros clientes y nuestro conocimiento. Nuestros servicios de arquitectura e ingenier\u00eda hacen que nuestros clientes aumenten el ahorro en tiempo, log\u00edstica y financiaci\u00f3n. Nos gusta subrayar nuestra calidad y competitividad en el proyecto de arquitectura y en los ... Leer m\u00e1s\" \/>\n<meta property=\"og:url\" content=\"https:\/\/www.utopia-projects.com\/es\/servicios\/\" \/>\n<meta property=\"og:site_name\" content=\"Utopia\" \/>\n<meta property=\"article:publisher\" content=\"https:\/\/www.facebook.com\/utopia.architects\/\" \/>\n<meta property=\"article:modified_time\" content=\"2023-10-19T17:02:16+00:00\" \/>\n<meta name=\"twitter:card\" content=\"summary_large_image\" \/>\n<meta name=\"twitter:site\" content=\"@ProjectosUtopia\" \/>\n<meta name=\"twitter:label1\" content=\"Tiempo de lectura\" \/>\n\t<meta name=\"twitter:data1\" content=\"5 minutos\" \/>\n<script type=\"application\/ld+json\" class=\"yoast-schema-graph\">{\"@context\":\"https:\\\/\\\/schema.org\",\"@graph\":[{\"@type\":[\"WebPage\",\"FAQPage\"],\"@id\":\"https:\\\/\\\/www.utopia-projects.com\\\/es\\\/servicios\\\/\",\"url\":\"https:\\\/\\\/www.utopia-projects.com\\\/es\\\/servicios\\\/\",\"name\":\"Servicios - Utopia\",\"isPartOf\":{\"@id\":\"https:\\\/\\\/www.utopia-projects.com\\\/es\\\/#website\"},\"datePublished\":\"2023-07-07T11:58:52+00:00\",\"dateModified\":\"2023-10-19T17:02:16+00:00\",\"breadcrumb\":{\"@id\":\"https:\\\/\\\/www.utopia-projects.com\\\/es\\\/servicios\\\/#breadcrumb\"},\"mainEntity\":[{\"@id\":\"https:\\\/\\\/www.utopia-projects.com\\\/es\\\/servicios\\\/#faq-question-1682091151431\"},{\"@id\":\"https:\\\/\\\/www.utopia-projects.com\\\/es\\\/servicios\\\/#faq-question-1682091465792\"},{\"@id\":\"https:\\\/\\\/www.utopia-projects.com\\\/es\\\/servicios\\\/#faq-question-1689689411817\"}],\"inLanguage\":\"es\",\"potentialAction\":[{\"@type\":\"ReadAction\",\"target\":[\"https:\\\/\\\/www.utopia-projects.com\\\/es\\\/servicios\\\/\"]}]},{\"@type\":\"BreadcrumbList\",\"@id\":\"https:\\\/\\\/www.utopia-projects.com\\\/es\\\/servicios\\\/#breadcrumb\",\"itemListElement\":[{\"@type\":\"ListItem\",\"position\":1,\"name\":\"Utopia\",\"item\":\"https:\\\/\\\/www.utopia-projects.com\\\/es\\\/\"},{\"@type\":\"ListItem\",\"position\":2,\"name\":\"Servicios\"}]},{\"@type\":\"WebSite\",\"@id\":\"https:\\\/\\\/www.utopia-projects.com\\\/es\\\/#website\",\"url\":\"https:\\\/\\\/www.utopia-projects.com\\\/es\\\/\",\"name\":\"Utopia Architects and Engineers\",\"description\":\"Architects and Engineers providing architecure and engineering services in Portugal\",\"publisher\":{\"@id\":\"https:\\\/\\\/www.utopia-projects.com\\\/es\\\/#organization\"},\"alternateName\":\"Utopia - Architecture and Engineering\",\"potentialAction\":[{\"@type\":\"SearchAction\",\"target\":{\"@type\":\"EntryPoint\",\"urlTemplate\":\"https:\\\/\\\/www.utopia-projects.com\\\/es\\\/?s={search_term_string}\"},\"query-input\":{\"@type\":\"PropertyValueSpecification\",\"valueRequired\":true,\"valueName\":\"search_term_string\"}}],\"inLanguage\":\"es\"},{\"@type\":\"Organization\",\"@id\":\"https:\\\/\\\/www.utopia-projects.com\\\/es\\\/#organization\",\"name\":\"Utopia - Arquitectura e Engenharia Lda\",\"alternateName\":\"Utopia Architects\",\"url\":\"https:\\\/\\\/www.utopia-projects.com\\\/es\\\/\",\"logo\":{\"@type\":\"ImageObject\",\"inLanguage\":\"es\",\"@id\":\"https:\\\/\\\/www.utopia-projects.com\\\/es\\\/#\\\/schema\\\/logo\\\/image\\\/\",\"url\":\"https:\\\/\\\/www.utopia-projects.com\\\/wp-content\\\/uploads\\\/2023\\\/07\\\/Utopia_architecture_and_engineering.svg\",\"contentUrl\":\"https:\\\/\\\/www.utopia-projects.com\\\/wp-content\\\/uploads\\\/2023\\\/07\\\/Utopia_architecture_and_engineering.svg\",\"caption\":\"Utopia - Arquitectura e Engenharia Lda\"},\"image\":{\"@id\":\"https:\\\/\\\/www.utopia-projects.com\\\/es\\\/#\\\/schema\\\/logo\\\/image\\\/\"},\"sameAs\":[\"https:\\\/\\\/www.facebook.com\\\/utopia.architects\\\/\",\"https:\\\/\\\/x.com\\\/ProjectosUtopia\"]},{\"@type\":\"Question\",\"@id\":\"https:\\\/\\\/www.utopia-projects.com\\\/es\\\/servicios\\\/#faq-question-1682091151431\",\"position\":1,\"url\":\"https:\\\/\\\/www.utopia-projects.com\\\/es\\\/servicios\\\/#faq-question-1682091151431\",\"name\":\"For what kind of sectors do you develop your services?\",\"answerCount\":1,\"acceptedAnswer\":{\"@type\":\"Answer\",\"text\":\"As you may see on our portfolio you can find there we develop all kind of projects. As one of the leading chartered architectural firms in Portugal, the team at Utopia Architects provide professional design &amp; consultancy for any commercial, industrial and residential projects. With over twelve years experience as an architectural practice, Utopia Architects Practice provide a highly professional project &amp; planning management service, from concept to completion.\",\"inLanguage\":\"es\"},\"inLanguage\":\"es\"},{\"@type\":\"Question\",\"@id\":\"https:\\\/\\\/www.utopia-projects.com\\\/es\\\/servicios\\\/#faq-question-1682091465792\",\"position\":2,\"url\":\"https:\\\/\\\/www.utopia-projects.com\\\/es\\\/servicios\\\/#faq-question-1682091465792\",\"name\":\"Can Utopia provide interior decoration and architecture services at same time?\",\"answerCount\":1,\"acceptedAnswer\":{\"@type\":\"Answer\",\"text\":\"Yes, we can develop architecture and interior architecture at the same time. It's something very common that adds consistency to the project. \",\"inLanguage\":\"es\"},\"inLanguage\":\"es\"},{\"@type\":\"Question\",\"@id\":\"https:\\\/\\\/www.utopia-projects.com\\\/es\\\/servicios\\\/#faq-question-1689689411817\",\"position\":3,\"url\":\"https:\\\/\\\/www.utopia-projects.com\\\/es\\\/servicios\\\/#faq-question-1689689411817\",\"name\":\"Can Utopia provide a detailed a detailed proposal of the specific services provided.\",\"answerCount\":1,\"acceptedAnswer\":{\"@type\":\"Answer\",\"text\":\"Yes, of course. As well as the services of Building Design, Statutory Approvals, Specifications, Tender Documentation, Contract Administration and Inspections. Conditional Reports and Feasibility Studies can be undertaken in conjunction with Quantity Surveyors, Structural and Service Engineers. A Design Package can be tailor-made to suit the specific needs of the Client,\u00a0 whether in Portugal or any other country. Utopia architectural practice has had experience of reporting on Building Defects, Energy, Conservation, Fire Prevention and Planning Appeals. Our experience over the years has been with the Private Sector as well as that of the local Housing Association and the local Housing Executive.<br\\\/>\",\"inLanguage\":\"es\"},\"inLanguage\":\"es\"}]}<\/script>\n<!-- \/ Yoast SEO plugin. -->","yoast_head_json":{"title":"Servicios - Utopia","robots":{"index":"index","follow":"follow","max-snippet":"max-snippet:-1","max-image-preview":"max-image-preview:large","max-video-preview":"max-video-preview:-1"},"canonical":"https:\/\/www.utopia-projects.com\/es\/servicios\/","og_locale":"es_ES","og_type":"article","og_title":"Servicios - Utopia","og_description":"Servicios Nuestros arquitectos e ingenieros brindan un amplio grupo de servicios de acuerdo a la necesidad de nuestros clientes y nuestro conocimiento. Nuestros servicios de arquitectura e ingenier\u00eda hacen que nuestros clientes aumenten el ahorro en tiempo, log\u00edstica y financiaci\u00f3n. Nos gusta subrayar nuestra calidad y competitividad en el proyecto de arquitectura y en los ... Leer m\u00e1s","og_url":"https:\/\/www.utopia-projects.com\/es\/servicios\/","og_site_name":"Utopia","article_publisher":"https:\/\/www.facebook.com\/utopia.architects\/","article_modified_time":"2023-10-19T17:02:16+00:00","twitter_card":"summary_large_image","twitter_site":"@ProjectosUtopia","twitter_misc":{"Tiempo de lectura":"5 minutos"},"schema":{"@context":"https:\/\/schema.org","@graph":[{"@type":["WebPage","FAQPage"],"@id":"https:\/\/www.utopia-projects.com\/es\/servicios\/","url":"https:\/\/www.utopia-projects.com\/es\/servicios\/","name":"Servicios - Utopia","isPartOf":{"@id":"https:\/\/www.utopia-projects.com\/es\/#website"},"datePublished":"2023-07-07T11:58:52+00:00","dateModified":"2023-10-19T17:02:16+00:00","breadcrumb":{"@id":"https:\/\/www.utopia-projects.com\/es\/servicios\/#breadcrumb"},"mainEntity":[{"@id":"https:\/\/www.utopia-projects.com\/es\/servicios\/#faq-question-1682091151431"},{"@id":"https:\/\/www.utopia-projects.com\/es\/servicios\/#faq-question-1682091465792"},{"@id":"https:\/\/www.utopia-projects.com\/es\/servicios\/#faq-question-1689689411817"}],"inLanguage":"es","potentialAction":[{"@type":"ReadAction","target":["https:\/\/www.utopia-projects.com\/es\/servicios\/"]}]},{"@type":"BreadcrumbList","@id":"https:\/\/www.utopia-projects.com\/es\/servicios\/#breadcrumb","itemListElement":[{"@type":"ListItem","position":1,"name":"Utopia","item":"https:\/\/www.utopia-projects.com\/es\/"},{"@type":"ListItem","position":2,"name":"Servicios"}]},{"@type":"WebSite","@id":"https:\/\/www.utopia-projects.com\/es\/#website","url":"https:\/\/www.utopia-projects.com\/es\/","name":"Utopia Architects and Engineers","description":"Architects and Engineers providing architecure and engineering services in Portugal","publisher":{"@id":"https:\/\/www.utopia-projects.com\/es\/#organization"},"alternateName":"Utopia - Architecture and Engineering","potentialAction":[{"@type":"SearchAction","target":{"@type":"EntryPoint","urlTemplate":"https:\/\/www.utopia-projects.com\/es\/?s={search_term_string}"},"query-input":{"@type":"PropertyValueSpecification","valueRequired":true,"valueName":"search_term_string"}}],"inLanguage":"es"},{"@type":"Organization","@id":"https:\/\/www.utopia-projects.com\/es\/#organization","name":"Utopia - Arquitectura e Engenharia Lda","alternateName":"Utopia Architects","url":"https:\/\/www.utopia-projects.com\/es\/","logo":{"@type":"ImageObject","inLanguage":"es","@id":"https:\/\/www.utopia-projects.com\/es\/#\/schema\/logo\/image\/","url":"https:\/\/www.utopia-projects.com\/wp-content\/uploads\/2023\/07\/Utopia_architecture_and_engineering.svg","contentUrl":"https:\/\/www.utopia-projects.com\/wp-content\/uploads\/2023\/07\/Utopia_architecture_and_engineering.svg","caption":"Utopia - Arquitectura e Engenharia Lda"},"image":{"@id":"https:\/\/www.utopia-projects.com\/es\/#\/schema\/logo\/image\/"},"sameAs":["https:\/\/www.facebook.com\/utopia.architects\/","https:\/\/x.com\/ProjectosUtopia"]},{"@type":"Question","@id":"https:\/\/www.utopia-projects.com\/es\/servicios\/#faq-question-1682091151431","position":1,"url":"https:\/\/www.utopia-projects.com\/es\/servicios\/#faq-question-1682091151431","name":"For what kind of sectors do you develop your services?","answerCount":1,"acceptedAnswer":{"@type":"Answer","text":"As you may see on our portfolio you can find there we develop all kind of projects. As one of the leading chartered architectural firms in Portugal, the team at Utopia Architects provide professional design &amp; consultancy for any commercial, industrial and residential projects. With over twelve years experience as an architectural practice, Utopia Architects Practice provide a highly professional project &amp; planning management service, from concept to completion.","inLanguage":"es"},"inLanguage":"es"},{"@type":"Question","@id":"https:\/\/www.utopia-projects.com\/es\/servicios\/#faq-question-1682091465792","position":2,"url":"https:\/\/www.utopia-projects.com\/es\/servicios\/#faq-question-1682091465792","name":"Can Utopia provide interior decoration and architecture services at same time?","answerCount":1,"acceptedAnswer":{"@type":"Answer","text":"Yes, we can develop architecture and interior architecture at the same time. It's something very common that adds consistency to the project. ","inLanguage":"es"},"inLanguage":"es"},{"@type":"Question","@id":"https:\/\/www.utopia-projects.com\/es\/servicios\/#faq-question-1689689411817","position":3,"url":"https:\/\/www.utopia-projects.com\/es\/servicios\/#faq-question-1689689411817","name":"Can Utopia provide a detailed a detailed proposal of the specific services provided.","answerCount":1,"acceptedAnswer":{"@type":"Answer","text":"Yes, of course. As well as the services of Building Design, Statutory Approvals, Specifications, Tender Documentation, Contract Administration and Inspections. Conditional Reports and Feasibility Studies can be undertaken in conjunction with Quantity Surveyors, Structural and Service Engineers. A Design Package can be tailor-made to suit the specific needs of the Client,\u00a0 whether in Portugal or any other country. Utopia architectural practice has had experience of reporting on Building Defects, Energy, Conservation, Fire Prevention and Planning Appeals. Our experience over the years has been with the Private Sector as well as that of the local Housing Association and the local Housing Executive.<br\/>","inLanguage":"es"},"inLanguage":"es"}]}},"_links":{"self":[{"href":"https:\/\/www.utopia-projects.com\/es\/wp-json\/wp\/v2\/pages\/140","targetHints":{"allow":["GET"]}}],"collection":[{"href":"https:\/\/www.utopia-projects.com\/es\/wp-json\/wp\/v2\/pages"}],"about":[{"href":"https:\/\/www.utopia-projects.com\/es\/wp-json\/wp\/v2\/types\/page"}],"author":[{"embeddable":true,"href":"https:\/\/www.utopia-projects.com\/es\/wp-json\/wp\/v2\/users\/2"}],"replies":[{"embeddable":true,"href":"https:\/\/www.utopia-projects.com\/es\/wp-json\/wp\/v2\/comments?post=140"}],"version-history":[{"count":0,"href":"https:\/\/www.utopia-projects.com\/es\/wp-json\/wp\/v2\/pages\/140\/revisions"}],"wp:attachment":[{"href":"https:\/\/www.utopia-projects.com\/es\/wp-json\/wp\/v2\/media?parent=140"}],"curies":[{"name":"wp","href":"https:\/\/api.w.org\/{rel}","templated":true}]}}