{"id":169,"date":"2023-07-07T11:04:54","date_gmt":"2023-07-07T11:04:54","guid":{"rendered":"https:\/\/www.utopia-projects.com\/?page_id=169"},"modified":"2023-07-19T21:33:54","modified_gmt":"2023-07-19T21:33:54","slug":"es-privacy-policy","status":"publish","type":"page","link":"https:\/\/www.utopia-projects.com\/es\/es-privacy-policy\/","title":{"rendered":"Pol\u00edtica de Privacidad"},"content":{"rendered":"\n<h2 class=\"wp-block-heading\">Quienes somos<\/h2>\n\n<p>La direcci\u00f3n de nuestro sitio web es: https:\/\/www.utopia-projects.com<\/p>\n\n<p>Este sitio web es propiedad de Utopia \u2013 Arquitectura e Engenharia Lda, una empresa de la UE con sede en Oporto, Portugal.<\/p>\n\n<h2 class=\"wp-block-heading\">Comentarios<\/h2>\n\n<p>Cuando los visitantes dejan comentarios en el formulario de contacto de nuestro sitio, recopilamos los datos que se muestran en el formulario de comentarios, y tambi\u00e9n la direcci\u00f3n IP del visitante y la cadena del agente de usuario del navegador para ayudar a la detecci\u00f3n de spam.<\/p>\n\n<p>Se puede proporcionar una cadena an\u00f3nima creada a partir de su direcci\u00f3n de correo electr\u00f3nico (tambi\u00e9n llamada hash) al servicio Gravatar para ver si la est\u00e1 utilizando. La pol\u00edtica de privacidad del servicio Gravatar est\u00e1 disponible aqu\u00ed: https:\/\/automattic.com\/privacy\/. Despu\u00e9s de la aprobaci\u00f3n de su comentario, su foto de perfil es visible para el p\u00fablico en el contexto de su comentario.<\/p>\n\n<h2 class=\"wp-block-heading\">Medios de comunicaci\u00f3n<\/h2>\n\n<p>Si carga im\u00e1genes dentro de nuestros formularios de contacto, debe evitar cargar im\u00e1genes con datos de ubicaci\u00f3n incrustados (GPS EXIF) incluidos. No los usamos, pero tenga en cuenta que otros visitantes del sitio web pueden descargar y extraer cualquier dato de ubicaci\u00f3n de las im\u00e1genes del sitio web.<\/p>\n\n<h2 class=\"wp-block-heading\">Cookies<\/h2>\n\n<p>Si deja un comentario en nuestro sitio, puede optar por guardar su informaci\u00f3n. Esto incluye el nombre, la direcci\u00f3n de correo electr\u00f3nico y el sitio web en las cookies. Estos son para su conveniencia. Permite que no tengas que volver a rellenar tus datos cuando dejes otro comentario. Estas cookies tendr\u00e1n una duraci\u00f3n de un a\u00f1o.<\/p>\n\n<h2 class=\"wp-block-heading\">Contenido incrustado de otros sitios web<\/h2>\n\n<p>Los art\u00edculos en este sitio pueden incluir contenido incrustado (por ejemplo, videos, im\u00e1genes, art\u00edculos, etc.). El contenido incrustado de otros sitios web se comporta exactamente de la misma manera que si el visitante hubiera visitado el otro sitio web. Le informamos que estos sitios web pueden recopilar datos sobre usted, usar cookies, incrustar seguimiento adicional de terceros y monitorear su interacci\u00f3n con ese contenido incrustado. Los datos incluyen el seguimiento de su interacci\u00f3n con el contenido incrustado si tiene una cuenta y ha iniciado sesi\u00f3n en ese sitio web.<\/p>\n\n<h2 class=\"wp-block-heading\">Con qui\u00e9n compartimos sus datos<\/h2>\n\n<p>Si utiliza uno de nuestros formularios, el servidor puede guardar su direcci\u00f3n IP.<\/p>\n\n<h2 class=\"wp-block-heading\">Cu\u00e1nto tiempo conservamos sus datos<\/h2>\n\n<p>Si deja un comentario en nuestros formularios, el comentario y sus metadatos se conservan indefinidamente. Esto es para que podamos reconocer y aprobar cualquier comentario de seguimiento autom\u00e1ticamente en lugar de mantenerlos en una cola de moderaci\u00f3n.<\/p>\n\n<h2 class=\"wp-block-heading\">Qu\u00e9 derechos tienes sobre tus datos<\/h2>\n\n<p>Si tiene una cuenta en este sitio o ha dejado comentarios, puede solicitar recibir un archivo exportado de los datos personales que tenemos sobre usted, incluidos los datos que nos haya proporcionado. Tambi\u00e9n puede solicitar que eliminemos cualquier dato personal que tengamos sobre usted. Esto no incluye ning\u00fan dato que estemos obligados a conservar con fines administrativos, legales o de seguridad.<\/p>\n\n<h2 class=\"wp-block-heading\">D\u00f3nde viajan tus datos<\/h2>\n\n<p>Los comentarios de los visitantes puede que los revise un servicio de detecci\u00f3n autom\u00e1tica de spam.<\/p>\n\n<h2 class=\"wp-block-heading\">Google Analytics<\/h2>\n\n<h3 class=\"wp-block-heading\">Descripci\u00f3n y alcance del tratamiento<\/h3>\n\n<p>Tambi\u00e9n utilizamos Google Analytics en nuestro portal con fines de an\u00e1lisis web. Este es un servicio de an\u00e1lisis proporcionado por Google LLC (www.google.com). Google Analytics utiliza m\u00e9todos que permiten analizar c\u00f3mo el usuario respectivo utiliza nuestro portal. Esto nos permite optimizar nuestro servicio y adaptarlo a las necesidades de los usuarios.<\/p>\n\n<p>Su navegador normalmente transmite a un servidor de Google en los EE. UU. la informaci\u00f3n sobre su uso de este sitio web que la cookie recopila autom\u00e1ticamente. Google almacena esa misma informaci\u00f3n.<br\/>Nuestro portal tiene habilitada la anonimizaci\u00f3n de IP, que trunca la direcci\u00f3n IP antes de la transmisi\u00f3n dentro de los estados miembros de la Uni\u00f3n Europea o en otros estados parte del Acuerdo sobre el Espacio Econ\u00f3mico Europeo.<br\/>El navegador solo transmite la direcci\u00f3n IP completa a un servidor de Google en los EE. UU. y se trunca all\u00ed en algunas excepciones. Su navegador transmite una direcci\u00f3n IP an\u00f3nima en l\u00ednea con Google Analytics, pero nunca se fusionar\u00e1 con otros datos de Google. Google LLC tiene su sede en EE. UU. y est\u00e1 certificada bajo el Escudo de privacidad UE-EE. UU. En base a este acuerdo entre EE. UU. y la Comisi\u00f3n Europea, esta \u00faltima estableci\u00f3 un nivel adecuado de protecci\u00f3n de datos para las empresas certificadas por Privacy Shield.<\/p>\n\n<h3 class=\"wp-block-heading\">Finalidad del tratamiento<\/h3>\n\n<p>La finalidad del tratamiento es analizar el comportamiento de navegaci\u00f3n para optimizar el servicio y adaptar nuestro portal a las necesidades de los usuarios. Esto tambi\u00e9n constituye nuestro inter\u00e9s leg\u00edtimo de acuerdo con el Art\u00edculo 6 (1) (f) DSGVO.<\/p>\n\n<h3 class=\"wp-block-heading\">Base legal para el procesamiento<\/h3>\n\n<p>La base legal para el procesamiento de datos en l\u00ednea con el an\u00e1lisis web es el art\u00edculo 6 (1) (f) DSGVO.<\/p>\n\n<h3 class=\"wp-block-heading\">Duraci\u00f3n del procesamiento, objeci\u00f3n o eliminaci\u00f3n<\/h3>\n\n<p>Si abandonamos el prop\u00f3sito y ya no usamos Google Analytics, borraremos los datos recopilados. Puede evitar que los datos sobre su uso del sitio web generados por la cookie (incluida su direcci\u00f3n IP) lleguen a Google y sean procesados por Google. Solo tiene que descargar e instalar el complemento del navegador: http:\/\/tools.google.com\/dlpage\/gaoptout<\/p>\n","protected":false},"excerpt":{"rendered":"<p>Quienes somos La direcci\u00f3n de nuestro sitio web es: https:\/\/www.utopia-projects.com Este sitio web es propiedad de Utopia \u2013 Arquitectura e Engenharia Lda, una empresa de la UE con sede en Oporto, Portugal. Comentarios Cuando los visitantes dejan comentarios en el formulario de contacto de nuestro sitio, recopilamos los datos que se muestran en el formulario &#8230; <a title=\"Pol\u00edtica de Privacidad\" class=\"read-more\" href=\"https:\/\/www.utopia-projects.com\/es\/es-privacy-policy\/\" aria-label=\"Leer m\u00e1s sobre Pol\u00edtica de Privacidad\">Leer m\u00e1s<\/a><\/p>\n","protected":false},"author":2,"featured_media":0,"parent":0,"menu_order":100,"comment_status":"closed","ping_status":"closed","template":"","meta":{"footnotes":""},"class_list":["post-169","page","type-page","status-publish"],"yoast_head":"<!-- This site is optimized with the Yoast SEO plugin v27.4 - https:\/\/yoast.com\/product\/yoast-seo-wordpress\/ -->\n<title>Pol\u00edtica de Privacidad - Utopia<\/title>\n<meta name=\"robots\" content=\"index, follow, max-snippet:-1, max-image-preview:large, max-video-preview:-1\" \/>\n<link rel=\"canonical\" href=\"https:\/\/www.utopia-projects.com\/es\/es-privacy-policy\/\" \/>\n<meta property=\"og:locale\" content=\"es_ES\" \/>\n<meta property=\"og:type\" content=\"article\" \/>\n<meta property=\"og:title\" content=\"Pol\u00edtica de Privacidad - Utopia\" \/>\n<meta property=\"og:description\" content=\"Quienes somos La direcci\u00f3n de nuestro sitio web es: https:\/\/www.utopia-projects.com Este sitio web es propiedad de Utopia \u2013 Arquitectura e Engenharia Lda, una empresa de la UE con sede en Oporto, Portugal. Comentarios Cuando los visitantes dejan comentarios en el formulario de contacto de nuestro sitio, recopilamos los datos que se muestran en el formulario ... Leer m\u00e1s\" \/>\n<meta property=\"og:url\" content=\"https:\/\/www.utopia-projects.com\/es\/es-privacy-policy\/\" \/>\n<meta property=\"og:site_name\" content=\"Utopia\" \/>\n<meta property=\"article:publisher\" content=\"https:\/\/www.facebook.com\/utopia.architects\/\" \/>\n<meta property=\"article:modified_time\" content=\"2023-07-19T21:33:54+00:00\" \/>\n<meta name=\"twitter:card\" content=\"summary_large_image\" \/>\n<meta name=\"twitter:site\" content=\"@ProjectosUtopia\" \/>\n<meta name=\"twitter:label1\" content=\"Tiempo de lectura\" \/>\n\t<meta name=\"twitter:data1\" content=\"5 minutos\" \/>\n<script type=\"application\/ld+json\" class=\"yoast-schema-graph\">{\"@context\":\"https:\\\/\\\/schema.org\",\"@graph\":[{\"@type\":\"WebPage\",\"@id\":\"https:\\\/\\\/www.utopia-projects.com\\\/es\\\/es-privacy-policy\\\/\",\"url\":\"https:\\\/\\\/www.utopia-projects.com\\\/es\\\/es-privacy-policy\\\/\",\"name\":\"Pol\u00edtica de Privacidad - Utopia\",\"isPartOf\":{\"@id\":\"https:\\\/\\\/www.utopia-projects.com\\\/es\\\/#website\"},\"datePublished\":\"2023-07-07T11:04:54+00:00\",\"dateModified\":\"2023-07-19T21:33:54+00:00\",\"breadcrumb\":{\"@id\":\"https:\\\/\\\/www.utopia-projects.com\\\/es\\\/es-privacy-policy\\\/#breadcrumb\"},\"inLanguage\":\"es\",\"potentialAction\":[{\"@type\":\"ReadAction\",\"target\":[\"https:\\\/\\\/www.utopia-projects.com\\\/es\\\/es-privacy-policy\\\/\"]}]},{\"@type\":\"BreadcrumbList\",\"@id\":\"https:\\\/\\\/www.utopia-projects.com\\\/es\\\/es-privacy-policy\\\/#breadcrumb\",\"itemListElement\":[{\"@type\":\"ListItem\",\"position\":1,\"name\":\"Utopia\",\"item\":\"https:\\\/\\\/www.utopia-projects.com\\\/es\\\/\"},{\"@type\":\"ListItem\",\"position\":2,\"name\":\"Pol\u00edtica de Privacidad\"}]},{\"@type\":\"WebSite\",\"@id\":\"https:\\\/\\\/www.utopia-projects.com\\\/es\\\/#website\",\"url\":\"https:\\\/\\\/www.utopia-projects.com\\\/es\\\/\",\"name\":\"Utopia Architects and Engineers\",\"description\":\"Architects and Engineers providing architecure and engineering services in Portugal\",\"publisher\":{\"@id\":\"https:\\\/\\\/www.utopia-projects.com\\\/es\\\/#organization\"},\"alternateName\":\"Utopia - Architecture and Engineering\",\"potentialAction\":[{\"@type\":\"SearchAction\",\"target\":{\"@type\":\"EntryPoint\",\"urlTemplate\":\"https:\\\/\\\/www.utopia-projects.com\\\/es\\\/?s={search_term_string}\"},\"query-input\":{\"@type\":\"PropertyValueSpecification\",\"valueRequired\":true,\"valueName\":\"search_term_string\"}}],\"inLanguage\":\"es\"},{\"@type\":\"Organization\",\"@id\":\"https:\\\/\\\/www.utopia-projects.com\\\/es\\\/#organization\",\"name\":\"Utopia - Arquitectura e Engenharia Lda\",\"alternateName\":\"Utopia Architects\",\"url\":\"https:\\\/\\\/www.utopia-projects.com\\\/es\\\/\",\"logo\":{\"@type\":\"ImageObject\",\"inLanguage\":\"es\",\"@id\":\"https:\\\/\\\/www.utopia-projects.com\\\/es\\\/#\\\/schema\\\/logo\\\/image\\\/\",\"url\":\"https:\\\/\\\/www.utopia-projects.com\\\/wp-content\\\/uploads\\\/2023\\\/07\\\/Utopia_architecture_and_engineering.svg\",\"contentUrl\":\"https:\\\/\\\/www.utopia-projects.com\\\/wp-content\\\/uploads\\\/2023\\\/07\\\/Utopia_architecture_and_engineering.svg\",\"caption\":\"Utopia - Arquitectura e Engenharia Lda\"},\"image\":{\"@id\":\"https:\\\/\\\/www.utopia-projects.com\\\/es\\\/#\\\/schema\\\/logo\\\/image\\\/\"},\"sameAs\":[\"https:\\\/\\\/www.facebook.com\\\/utopia.architects\\\/\",\"https:\\\/\\\/x.com\\\/ProjectosUtopia\"]}]}<\/script>\n<!-- \/ Yoast SEO plugin. -->","yoast_head_json":{"title":"Pol\u00edtica de Privacidad - Utopia","robots":{"index":"index","follow":"follow","max-snippet":"max-snippet:-1","max-image-preview":"max-image-preview:large","max-video-preview":"max-video-preview:-1"},"canonical":"https:\/\/www.utopia-projects.com\/es\/es-privacy-policy\/","og_locale":"es_ES","og_type":"article","og_title":"Pol\u00edtica de Privacidad - Utopia","og_description":"Quienes somos La direcci\u00f3n de nuestro sitio web es: https:\/\/www.utopia-projects.com Este sitio web es propiedad de Utopia \u2013 Arquitectura e Engenharia Lda, una empresa de la UE con sede en Oporto, Portugal. Comentarios Cuando los visitantes dejan comentarios en el formulario de contacto de nuestro sitio, recopilamos los datos que se muestran en el formulario ... Leer m\u00e1s","og_url":"https:\/\/www.utopia-projects.com\/es\/es-privacy-policy\/","og_site_name":"Utopia","article_publisher":"https:\/\/www.facebook.com\/utopia.architects\/","article_modified_time":"2023-07-19T21:33:54+00:00","twitter_card":"summary_large_image","twitter_site":"@ProjectosUtopia","twitter_misc":{"Tiempo de lectura":"5 minutos"},"schema":{"@context":"https:\/\/schema.org","@graph":[{"@type":"WebPage","@id":"https:\/\/www.utopia-projects.com\/es\/es-privacy-policy\/","url":"https:\/\/www.utopia-projects.com\/es\/es-privacy-policy\/","name":"Pol\u00edtica de Privacidad - Utopia","isPartOf":{"@id":"https:\/\/www.utopia-projects.com\/es\/#website"},"datePublished":"2023-07-07T11:04:54+00:00","dateModified":"2023-07-19T21:33:54+00:00","breadcrumb":{"@id":"https:\/\/www.utopia-projects.com\/es\/es-privacy-policy\/#breadcrumb"},"inLanguage":"es","potentialAction":[{"@type":"ReadAction","target":["https:\/\/www.utopia-projects.com\/es\/es-privacy-policy\/"]}]},{"@type":"BreadcrumbList","@id":"https:\/\/www.utopia-projects.com\/es\/es-privacy-policy\/#breadcrumb","itemListElement":[{"@type":"ListItem","position":1,"name":"Utopia","item":"https:\/\/www.utopia-projects.com\/es\/"},{"@type":"ListItem","position":2,"name":"Pol\u00edtica de Privacidad"}]},{"@type":"WebSite","@id":"https:\/\/www.utopia-projects.com\/es\/#website","url":"https:\/\/www.utopia-projects.com\/es\/","name":"Utopia Architects and Engineers","description":"Architects and Engineers providing architecure and engineering services in Portugal","publisher":{"@id":"https:\/\/www.utopia-projects.com\/es\/#organization"},"alternateName":"Utopia - Architecture and Engineering","potentialAction":[{"@type":"SearchAction","target":{"@type":"EntryPoint","urlTemplate":"https:\/\/www.utopia-projects.com\/es\/?s={search_term_string}"},"query-input":{"@type":"PropertyValueSpecification","valueRequired":true,"valueName":"search_term_string"}}],"inLanguage":"es"},{"@type":"Organization","@id":"https:\/\/www.utopia-projects.com\/es\/#organization","name":"Utopia - Arquitectura e Engenharia Lda","alternateName":"Utopia Architects","url":"https:\/\/www.utopia-projects.com\/es\/","logo":{"@type":"ImageObject","inLanguage":"es","@id":"https:\/\/www.utopia-projects.com\/es\/#\/schema\/logo\/image\/","url":"https:\/\/www.utopia-projects.com\/wp-content\/uploads\/2023\/07\/Utopia_architecture_and_engineering.svg","contentUrl":"https:\/\/www.utopia-projects.com\/wp-content\/uploads\/2023\/07\/Utopia_architecture_and_engineering.svg","caption":"Utopia - Arquitectura e Engenharia Lda"},"image":{"@id":"https:\/\/www.utopia-projects.com\/es\/#\/schema\/logo\/image\/"},"sameAs":["https:\/\/www.facebook.com\/utopia.architects\/","https:\/\/x.com\/ProjectosUtopia"]}]}},"_links":{"self":[{"href":"https:\/\/www.utopia-projects.com\/es\/wp-json\/wp\/v2\/pages\/169","targetHints":{"allow":["GET"]}}],"collection":[{"href":"https:\/\/www.utopia-projects.com\/es\/wp-json\/wp\/v2\/pages"}],"about":[{"href":"https:\/\/www.utopia-projects.com\/es\/wp-json\/wp\/v2\/types\/page"}],"author":[{"embeddable":true,"href":"https:\/\/www.utopia-projects.com\/es\/wp-json\/wp\/v2\/users\/2"}],"replies":[{"embeddable":true,"href":"https:\/\/www.utopia-projects.com\/es\/wp-json\/wp\/v2\/comments?post=169"}],"version-history":[{"count":0,"href":"https:\/\/www.utopia-projects.com\/es\/wp-json\/wp\/v2\/pages\/169\/revisions"}],"wp:attachment":[{"href":"https:\/\/www.utopia-projects.com\/es\/wp-json\/wp\/v2\/media?parent=169"}],"curies":[{"name":"wp","href":"https:\/\/api.w.org\/{rel}","templated":true}]}}