{"id":3680,"date":"2024-05-20T18:31:02","date_gmt":"2024-05-20T18:31:02","guid":{"rendered":"https:\/\/www.utopia-projects.com\/?page_id=3680"},"modified":"2024-05-22T07:02:11","modified_gmt":"2024-05-22T07:02:11","slug":"politica-de-cookies","status":"publish","type":"page","link":"https:\/\/www.utopia-projects.com\/es\/politica-de-cookies\/","title":{"rendered":"Pol\u00edtica de cookies"},"content":{"rendered":"\n<h2 class=\"wp-block-heading\">Introducci\u00f3n<\/h2>\n\n<p>Esta Pol\u00edtica de Cookies explica qu\u00e9 son las cookies y c\u00f3mo las utilizamos en nuestro sitio web. Le recomendamos que lea esta pol\u00edtica para entender qu\u00e9 son las cookies, c\u00f3mo las utilizamos, los tipos de cookies que utilizamos, la informaci\u00f3n que recopilamos utilizando cookies y c\u00f3mo se utiliza esa informaci\u00f3n, y c\u00f3mo controlar las preferencias de cookies.<\/p>\n\n<p>Para m\u00e1s informaci\u00f3n sobre c\u00f3mo utilizamos, almacenamos y mantenemos seguros sus datos personales, consulte nuestra Pol\u00edtica de privacidad.<\/p>\n\n<h2 class=\"wp-block-heading\">\u00bfQu\u00e9 son las cookies?<\/h2>\n\n<p>Las cookies son peque\u00f1os archivos de texto que se utilizan para almacenar peque\u00f1as piezas de informaci\u00f3n. Se almacenan en su dispositivo cuando el sitio web se carga en su navegador. Estas cookies nos ayudan a que el sitio web funcione correctamente, a que sea m\u00e1s seguro, a ofrecer una mejor experiencia al usuario, a entender c\u00f3mo funciona el sitio web y a analizar qu\u00e9 funciona y qu\u00e9 aspectos deben mejorarse.<\/p>\n\n<h2 class=\"wp-block-heading\">\u00bfC\u00f3mo utilizamos las cookies?<\/h2>\n\n<p>Como la mayor\u00eda de los servicios en l\u00ednea, nuestro sitio web utiliza sus propias cookies para diversos fines. Las cookies de origen son principalmente necesarias para que el sitio web funcione correctamente y no recopilan ninguna informaci\u00f3n que le identifique personalmente.<\/p>\n\n<h2 class=\"wp-block-heading\">Tipos de cookies que utilizamos<\/h2>\n\n<p>Utilizamos diferentes tipos de cookies.<\/p>\n\n<h3 class=\"wp-block-heading\">Esencial<\/h3>\n\n<p>Algunas cookies son esenciales para que el sitio web funcione correctamente. Permiten funcionalidades b\u00e1sicas como la navegaci\u00f3n por p\u00e1ginas y el acceso a zonas seguras del sitio web. Estas cookies no recogen ni almacenan informaci\u00f3n personal.<\/p>\n\n<h3 class=\"wp-block-heading\">Google Analytics<\/h3>\n\n<p>Utilizamos Google Analytics para recopilar informaci\u00f3n sobre el uso de nuestro sitio web. Esta informaci\u00f3n nos ayuda a comprender c\u00f3mo interact\u00faan los visitantes con nuestro sitio, identificando las p\u00e1ginas visitadas, la duraci\u00f3n de las visitas y otros datos anal\u00edticos. Estos datos son an\u00f3nimos y no recogen informaci\u00f3n personal. Puedes rechazarlos.<\/p>\n\n<h2 class=\"wp-block-heading\">Gesti\u00f3n de las preferencias de cookies<\/h2>\n\n<p>La primera vez que visite nuestra p\u00e1gina puede elegir aceptar o rechazar las cookies. Esta configuraci\u00f3n caduca a los 180 d\u00edas. A continuaci\u00f3n, se le pedir\u00e1 que elija de nuevo. Puede cambiar sus preferencias de cookies en cualquier momento borrando la memoria cach\u00e9. Esto le permitir\u00e1 revisar el banner de consentimiento de cookies y cambiar sus preferencias o retirar su consentimiento inmediatamente.<\/p>\n\n<p>Los distintos navegadores ofrecen diferentes m\u00e9todos para bloquear y eliminar las cookies utilizadas por los sitios web. Puede cambiar la configuraci\u00f3n de su navegador para bloquear o eliminar las cookies.<\/p>\n\n<h2 class=\"wp-block-heading\">Actualizaciones de la pol\u00edtica de cookies<\/h2>\n\n<p>Podemos actualizar esta Pol\u00edtica de Cookies de vez en cuando para reflejar, por ejemplo, los cambios en las cookies que utilizamos o por otras razones operativas, legales o reglamentarias. Por lo tanto, le recomendamos que revise esta pol\u00edtica con regularidad para mantenerse informado sobre nuestro uso de cookies y tecnolog\u00edas relacionadas.<\/p>\n\n<h2 class=\"wp-block-heading\">P\u00f3ngase en contacto con nosotros<\/h2>\n\n<p>Si tiene alguna pregunta sobre esta Pol\u00edtica de Cookies, p\u00f3ngase en contacto con nosotros:<\/p>\n\n<p><strong>Utopia &#8211; Arquitectura e Engenharia Lda<br\/><\/strong>info@utopia-projects.com<br\/>Rua de Julio Dinis n.580 sala301, 4050-319 Porto, Portugal<\/p>\n\n<p>Este documento se actualiz\u00f3 el 20 de mayo de 2024<\/p>\n","protected":false},"excerpt":{"rendered":"<p>Introducci\u00f3n Esta Pol\u00edtica de Cookies explica qu\u00e9 son las cookies y c\u00f3mo las utilizamos en nuestro sitio web. Le recomendamos que lea esta pol\u00edtica para entender qu\u00e9 son las cookies, c\u00f3mo las utilizamos, los tipos de cookies que utilizamos, la informaci\u00f3n que recopilamos utilizando cookies y c\u00f3mo se utiliza esa informaci\u00f3n, y c\u00f3mo controlar las &#8230; <a title=\"Pol\u00edtica de cookies\" class=\"read-more\" href=\"https:\/\/www.utopia-projects.com\/es\/politica-de-cookies\/\" aria-label=\"Leer m\u00e1s sobre Pol\u00edtica de cookies\">Leer m\u00e1s<\/a><\/p>\n","protected":false},"author":2,"featured_media":0,"parent":0,"menu_order":99,"comment_status":"closed","ping_status":"closed","template":"","meta":{"footnotes":""},"class_list":["post-3680","page","type-page","status-publish"],"yoast_head":"<!-- This site is optimized with the Yoast SEO plugin v27.4 - https:\/\/yoast.com\/product\/yoast-seo-wordpress\/ -->\n<title>Pol\u00edtica de cookies - Utopia<\/title>\n<meta name=\"robots\" content=\"index, follow, max-snippet:-1, max-image-preview:large, max-video-preview:-1\" \/>\n<link rel=\"canonical\" href=\"https:\/\/www.utopia-projects.com\/es\/politica-de-cookies\/\" \/>\n<meta property=\"og:locale\" content=\"es_ES\" \/>\n<meta property=\"og:type\" content=\"article\" \/>\n<meta property=\"og:title\" content=\"Pol\u00edtica de cookies - Utopia\" \/>\n<meta property=\"og:description\" content=\"Introducci\u00f3n Esta Pol\u00edtica de Cookies explica qu\u00e9 son las cookies y c\u00f3mo las utilizamos en nuestro sitio web. Le recomendamos que lea esta pol\u00edtica para entender qu\u00e9 son las cookies, c\u00f3mo las utilizamos, los tipos de cookies que utilizamos, la informaci\u00f3n que recopilamos utilizando cookies y c\u00f3mo se utiliza esa informaci\u00f3n, y c\u00f3mo controlar las ... Leer m\u00e1s\" \/>\n<meta property=\"og:url\" content=\"https:\/\/www.utopia-projects.com\/es\/politica-de-cookies\/\" \/>\n<meta property=\"og:site_name\" content=\"Utopia\" \/>\n<meta property=\"article:publisher\" content=\"https:\/\/www.facebook.com\/utopia.architects\/\" \/>\n<meta property=\"article:modified_time\" content=\"2024-05-22T07:02:11+00:00\" \/>\n<meta name=\"twitter:card\" content=\"summary_large_image\" \/>\n<meta name=\"twitter:site\" content=\"@ProjectosUtopia\" \/>\n<meta name=\"twitter:label1\" content=\"Tiempo de lectura\" \/>\n\t<meta name=\"twitter:data1\" content=\"3 minutos\" \/>\n<script type=\"application\/ld+json\" class=\"yoast-schema-graph\">{\"@context\":\"https:\\\/\\\/schema.org\",\"@graph\":[{\"@type\":\"WebPage\",\"@id\":\"https:\\\/\\\/www.utopia-projects.com\\\/es\\\/politica-de-cookies\\\/\",\"url\":\"https:\\\/\\\/www.utopia-projects.com\\\/es\\\/politica-de-cookies\\\/\",\"name\":\"Pol\u00edtica de cookies - Utopia\",\"isPartOf\":{\"@id\":\"https:\\\/\\\/www.utopia-projects.com\\\/es\\\/#website\"},\"datePublished\":\"2024-05-20T18:31:02+00:00\",\"dateModified\":\"2024-05-22T07:02:11+00:00\",\"breadcrumb\":{\"@id\":\"https:\\\/\\\/www.utopia-projects.com\\\/es\\\/politica-de-cookies\\\/#breadcrumb\"},\"inLanguage\":\"es\",\"potentialAction\":[{\"@type\":\"ReadAction\",\"target\":[\"https:\\\/\\\/www.utopia-projects.com\\\/es\\\/politica-de-cookies\\\/\"]}]},{\"@type\":\"BreadcrumbList\",\"@id\":\"https:\\\/\\\/www.utopia-projects.com\\\/es\\\/politica-de-cookies\\\/#breadcrumb\",\"itemListElement\":[{\"@type\":\"ListItem\",\"position\":1,\"name\":\"Utopia\",\"item\":\"https:\\\/\\\/www.utopia-projects.com\\\/es\\\/\"},{\"@type\":\"ListItem\",\"position\":2,\"name\":\"Pol\u00edtica de cookies\"}]},{\"@type\":\"WebSite\",\"@id\":\"https:\\\/\\\/www.utopia-projects.com\\\/es\\\/#website\",\"url\":\"https:\\\/\\\/www.utopia-projects.com\\\/es\\\/\",\"name\":\"Utopia Architects and Engineers\",\"description\":\"Architects and Engineers providing architecure and engineering services in Portugal\",\"publisher\":{\"@id\":\"https:\\\/\\\/www.utopia-projects.com\\\/es\\\/#organization\"},\"alternateName\":\"Utopia - Architecture and Engineering\",\"potentialAction\":[{\"@type\":\"SearchAction\",\"target\":{\"@type\":\"EntryPoint\",\"urlTemplate\":\"https:\\\/\\\/www.utopia-projects.com\\\/es\\\/?s={search_term_string}\"},\"query-input\":{\"@type\":\"PropertyValueSpecification\",\"valueRequired\":true,\"valueName\":\"search_term_string\"}}],\"inLanguage\":\"es\"},{\"@type\":\"Organization\",\"@id\":\"https:\\\/\\\/www.utopia-projects.com\\\/es\\\/#organization\",\"name\":\"Utopia - Arquitectura e Engenharia Lda\",\"alternateName\":\"Utopia Architects\",\"url\":\"https:\\\/\\\/www.utopia-projects.com\\\/es\\\/\",\"logo\":{\"@type\":\"ImageObject\",\"inLanguage\":\"es\",\"@id\":\"https:\\\/\\\/www.utopia-projects.com\\\/es\\\/#\\\/schema\\\/logo\\\/image\\\/\",\"url\":\"https:\\\/\\\/www.utopia-projects.com\\\/wp-content\\\/uploads\\\/2023\\\/07\\\/Utopia_architecture_and_engineering.svg\",\"contentUrl\":\"https:\\\/\\\/www.utopia-projects.com\\\/wp-content\\\/uploads\\\/2023\\\/07\\\/Utopia_architecture_and_engineering.svg\",\"caption\":\"Utopia - Arquitectura e Engenharia Lda\"},\"image\":{\"@id\":\"https:\\\/\\\/www.utopia-projects.com\\\/es\\\/#\\\/schema\\\/logo\\\/image\\\/\"},\"sameAs\":[\"https:\\\/\\\/www.facebook.com\\\/utopia.architects\\\/\",\"https:\\\/\\\/x.com\\\/ProjectosUtopia\"]}]}<\/script>\n<!-- \/ Yoast SEO plugin. -->","yoast_head_json":{"title":"Pol\u00edtica de cookies - Utopia","robots":{"index":"index","follow":"follow","max-snippet":"max-snippet:-1","max-image-preview":"max-image-preview:large","max-video-preview":"max-video-preview:-1"},"canonical":"https:\/\/www.utopia-projects.com\/es\/politica-de-cookies\/","og_locale":"es_ES","og_type":"article","og_title":"Pol\u00edtica de cookies - Utopia","og_description":"Introducci\u00f3n Esta Pol\u00edtica de Cookies explica qu\u00e9 son las cookies y c\u00f3mo las utilizamos en nuestro sitio web. Le recomendamos que lea esta pol\u00edtica para entender qu\u00e9 son las cookies, c\u00f3mo las utilizamos, los tipos de cookies que utilizamos, la informaci\u00f3n que recopilamos utilizando cookies y c\u00f3mo se utiliza esa informaci\u00f3n, y c\u00f3mo controlar las ... Leer m\u00e1s","og_url":"https:\/\/www.utopia-projects.com\/es\/politica-de-cookies\/","og_site_name":"Utopia","article_publisher":"https:\/\/www.facebook.com\/utopia.architects\/","article_modified_time":"2024-05-22T07:02:11+00:00","twitter_card":"summary_large_image","twitter_site":"@ProjectosUtopia","twitter_misc":{"Tiempo de lectura":"3 minutos"},"schema":{"@context":"https:\/\/schema.org","@graph":[{"@type":"WebPage","@id":"https:\/\/www.utopia-projects.com\/es\/politica-de-cookies\/","url":"https:\/\/www.utopia-projects.com\/es\/politica-de-cookies\/","name":"Pol\u00edtica de cookies - Utopia","isPartOf":{"@id":"https:\/\/www.utopia-projects.com\/es\/#website"},"datePublished":"2024-05-20T18:31:02+00:00","dateModified":"2024-05-22T07:02:11+00:00","breadcrumb":{"@id":"https:\/\/www.utopia-projects.com\/es\/politica-de-cookies\/#breadcrumb"},"inLanguage":"es","potentialAction":[{"@type":"ReadAction","target":["https:\/\/www.utopia-projects.com\/es\/politica-de-cookies\/"]}]},{"@type":"BreadcrumbList","@id":"https:\/\/www.utopia-projects.com\/es\/politica-de-cookies\/#breadcrumb","itemListElement":[{"@type":"ListItem","position":1,"name":"Utopia","item":"https:\/\/www.utopia-projects.com\/es\/"},{"@type":"ListItem","position":2,"name":"Pol\u00edtica de cookies"}]},{"@type":"WebSite","@id":"https:\/\/www.utopia-projects.com\/es\/#website","url":"https:\/\/www.utopia-projects.com\/es\/","name":"Utopia Architects and Engineers","description":"Architects and Engineers providing architecure and engineering services in Portugal","publisher":{"@id":"https:\/\/www.utopia-projects.com\/es\/#organization"},"alternateName":"Utopia - Architecture and Engineering","potentialAction":[{"@type":"SearchAction","target":{"@type":"EntryPoint","urlTemplate":"https:\/\/www.utopia-projects.com\/es\/?s={search_term_string}"},"query-input":{"@type":"PropertyValueSpecification","valueRequired":true,"valueName":"search_term_string"}}],"inLanguage":"es"},{"@type":"Organization","@id":"https:\/\/www.utopia-projects.com\/es\/#organization","name":"Utopia - Arquitectura e Engenharia Lda","alternateName":"Utopia Architects","url":"https:\/\/www.utopia-projects.com\/es\/","logo":{"@type":"ImageObject","inLanguage":"es","@id":"https:\/\/www.utopia-projects.com\/es\/#\/schema\/logo\/image\/","url":"https:\/\/www.utopia-projects.com\/wp-content\/uploads\/2023\/07\/Utopia_architecture_and_engineering.svg","contentUrl":"https:\/\/www.utopia-projects.com\/wp-content\/uploads\/2023\/07\/Utopia_architecture_and_engineering.svg","caption":"Utopia - Arquitectura e Engenharia Lda"},"image":{"@id":"https:\/\/www.utopia-projects.com\/es\/#\/schema\/logo\/image\/"},"sameAs":["https:\/\/www.facebook.com\/utopia.architects\/","https:\/\/x.com\/ProjectosUtopia"]}]}},"_links":{"self":[{"href":"https:\/\/www.utopia-projects.com\/es\/wp-json\/wp\/v2\/pages\/3680","targetHints":{"allow":["GET"]}}],"collection":[{"href":"https:\/\/www.utopia-projects.com\/es\/wp-json\/wp\/v2\/pages"}],"about":[{"href":"https:\/\/www.utopia-projects.com\/es\/wp-json\/wp\/v2\/types\/page"}],"author":[{"embeddable":true,"href":"https:\/\/www.utopia-projects.com\/es\/wp-json\/wp\/v2\/users\/2"}],"replies":[{"embeddable":true,"href":"https:\/\/www.utopia-projects.com\/es\/wp-json\/wp\/v2\/comments?post=3680"}],"version-history":[{"count":18,"href":"https:\/\/www.utopia-projects.com\/es\/wp-json\/wp\/v2\/pages\/3680\/revisions"}],"predecessor-version":[{"id":3749,"href":"https:\/\/www.utopia-projects.com\/es\/wp-json\/wp\/v2\/pages\/3680\/revisions\/3749"}],"wp:attachment":[{"href":"https:\/\/www.utopia-projects.com\/es\/wp-json\/wp\/v2\/media?parent=3680"}],"curies":[{"name":"wp","href":"https:\/\/api.w.org\/{rel}","templated":true}]}}