{"id":116,"date":"2023-07-07T12:00:34","date_gmt":"2023-07-07T12:00:34","guid":{"rendered":"https:\/\/www.utopia-projects.com\/honoraires\/"},"modified":"2024-05-22T08:46:15","modified_gmt":"2024-05-22T08:46:15","slug":"honoraires","status":"publish","type":"page","link":"https:\/\/www.utopia-projects.com\/fr\/honoraires\/","title":{"rendered":"Honoraires"},"content":{"rendered":"<section class=\"gb-container gb-container-39e24aab\">\n\n<p>Nos services commencent apr\u00e8s l&rsquo;acceptation d&rsquo;un contrat qui garantit les droits et les responsabilit\u00e9s des deux parties. Nous garantissons donc votre confiance et la qualit\u00e9 de votre projet. Vous pourrez y consulter notre proc\u00e9dure et la mani\u00e8re dont nous calculons nos honoraires.<\/p>\n\n<\/section><section class=\"gb-container gb-container-6a089105\">\n\n<h2 class=\"wp-block-heading\">Demander des honoraires<\/h2>\n\n\n\n<p>Vous pouvez obtenir une proposition de busyness de notre cabinet d&rsquo;architectes apr\u00e8s nous avoir envoy\u00e9 les informations n\u00e9cessaires sur votre projet. Par cons\u00e9quent, veuillez consulter la section \u00ab\u00a0Nous contacter\u00a0\u00bb et nous envoyer un e-mail pour nous faire part de votre demande.<\/p>\n\n\n\n<p><a href=\"https:\/\/www.utopia-projects.com\/fr\/contacts\/\">Contactez nos architectes d\u00e8s maintenant !<\/a><\/p>\n\n<\/section><section class=\"gb-container gb-container-6ede9a48\">\n\n<h2 class=\"wp-block-heading\">Comment sont calcul\u00e9s les frais d&rsquo;architecture et d&rsquo;ing\u00e9nierie ?<\/h2>\n\n\n\n<p>Nous calculons nos honoraires de deux mani\u00e8res, en fonction du type de projet :<\/p>\n\n\n\n<p>1. Selon la l\u00e9gislation portugaise publi\u00e9e en 1972 qui r\u00e9glemente les honoraires publics pour les projets d&rsquo;architecture et d&rsquo;ing\u00e9nierie.<\/p>\n\n\n\n<p>2. Selon le co\u00fbt horaire du service que nous fournissons aux clients priv\u00e9s. Nous pouvons estimer le temps n\u00e9cessaire et \u00e9tablir une valeur pour l&rsquo;heure.<\/p>\n\n<\/section><section class=\"gb-container gb-container-35525a7d\">\n\n<h2 class=\"wp-block-heading\">Calendrier et \u00e9ch\u00e9ances<\/h2>\n\n\n\n<p>Pour nous, la planification est sacr\u00e9e. En principe, nous concevons avec vous plusieurs stades de d\u00e9veloppement avec diff\u00e9rentes dates d&rsquo;accouchement. Nous sommes fiers de respecter les d\u00e9lais. Nous savons que vous pensez exactement la m\u00eame chose.<\/p>\n\n<\/section><section class=\"gb-container gb-container-a6dc1349\">\n\n<h2 class=\"wp-block-heading\">\u00c9tapes de paiement<\/h2>\n\n\n\n<p>Tout projet comporte plusieurs \u00e9tapes de travail et de paiement. C&rsquo;est la garantie que toutes les d\u00e9cisions que nous prenons et que toutes les solutions que nous d\u00e9veloppons sont orient\u00e9es vers vos objectifs. Vous pouvez \u00e9galement avoir un contact avec ce d\u00e9veloppement et un dialogue continu avec nos architectes. Un paiement est effectu\u00e9 \u00e0 la fin de chaque \u00e9tape.  <\/p>\n\n<\/section><section class=\"gb-container gb-container-a988aab2\">\n\n<h2 class=\"wp-block-heading\">Aides publiques<\/h2>\n\n\n\n<p>L&rsquo;Union europ\u00e9enne dispose de plusieurs aides publiques \u00e0 l&rsquo;investissement strat\u00e9gique dans certains domaines. Il nous est souvent demand\u00e9 d&rsquo;avoir des projets compatibles avec ces programmes strat\u00e9giques publics. Les soins de sant\u00e9, le tourisme, l&rsquo;\u00e9ducation et l&rsquo;industrie sont quelques-uns des secteurs les plus importants pour les aides financi\u00e8res publiques. Nos plans directeurs et nos projets d&rsquo;architecture sont toujours compatibles avec ces programmes.   <\/p>\n\n<\/section><section class=\"gb-container gb-container-c32c25fb\">\n\n<h2 class=\"wp-block-heading\">Questions fr\u00e9quentes sur nos tarifs<\/h2>\n\n\n\n<p>Voici quelques-unes des r\u00e9ponses les plus courantes concernant les honoraires d&rsquo;architectes et les co\u00fbts des projets de g\u00e9nie civil.<\/p>\n\n\n\n<div class=\"schema-faq wp-block-yoast-faq-block\"><div class=\"schema-faq-section\" id=\"faq-question-1682091465792\"><strong class=\"schema-faq-question\">Existe-t-il des honoraires fixes pour les services d&rsquo;architecture ?<\/strong> <p class=\"schema-faq-answer\">Nous soumettons \u00e0 nos clients une proposition comportant des honoraires fixes et des paiements \u00e9chelonn\u00e9s. D&rsquo;autres architectes peuvent facturer diff\u00e9remment. Le march\u00e9 des dessins et mod\u00e8les est ouvert conform\u00e9ment aux r\u00e8gles du march\u00e9 de l&rsquo;Union europ\u00e9enne.<\/p> <\/div> <\/div>\n\n<\/section>","protected":false},"excerpt":{"rendered":"<p>Nos services commencent apr\u00e8s l&rsquo;acceptation d&rsquo;un contrat qui garantit les droits et les responsabilit\u00e9s des deux parties. Nous garantissons donc votre confiance et la qualit\u00e9 de votre projet. Vous pourrez y consulter notre proc\u00e9dure et la mani\u00e8re dont nous calculons nos honoraires. Demander des honoraires Vous pouvez obtenir une proposition de busyness de notre cabinet &#8230; <a title=\"Honoraires\" class=\"read-more\" href=\"https:\/\/www.utopia-projects.com\/fr\/honoraires\/\" aria-label=\"En savoir plus sur Honoraires\">Lire plus<\/a><\/p>\n","protected":false},"author":2,"featured_media":0,"parent":0,"menu_order":0,"comment_status":"closed","ping_status":"closed","template":"","meta":{"footnotes":""},"class_list":["post-116","page","type-page","status-publish"],"yoast_head":"<!-- This site is optimized with the Yoast SEO plugin v27.4 - https:\/\/yoast.com\/product\/yoast-seo-wordpress\/ -->\n<title>Honoraires - Utopia<\/title>\n<meta name=\"robots\" content=\"index, follow, max-snippet:-1, max-image-preview:large, max-video-preview:-1\" \/>\n<link rel=\"canonical\" href=\"https:\/\/www.utopia-projects.com\/fr\/honoraires\/\" \/>\n<meta property=\"og:locale\" content=\"fr_FR\" \/>\n<meta property=\"og:type\" content=\"article\" \/>\n<meta property=\"og:title\" content=\"Honoraires - Utopia\" \/>\n<meta property=\"og:description\" content=\"Nos services commencent apr\u00e8s l&rsquo;acceptation d&rsquo;un contrat qui garantit les droits et les responsabilit\u00e9s des deux parties. Nous garantissons donc votre confiance et la qualit\u00e9 de votre projet. Vous pourrez y consulter notre proc\u00e9dure et la mani\u00e8re dont nous calculons nos honoraires. Demander des honoraires Vous pouvez obtenir une proposition de busyness de notre cabinet ... Lire plus\" \/>\n<meta property=\"og:url\" content=\"https:\/\/www.utopia-projects.com\/fr\/honoraires\/\" \/>\n<meta property=\"og:site_name\" content=\"Utopia\" \/>\n<meta property=\"article:publisher\" content=\"https:\/\/www.facebook.com\/utopia.architects\/\" \/>\n<meta property=\"article:modified_time\" content=\"2024-05-22T08:46:15+00:00\" \/>\n<meta name=\"twitter:card\" content=\"summary_large_image\" \/>\n<meta name=\"twitter:site\" content=\"@ProjectosUtopia\" \/>\n<meta name=\"twitter:label1\" content=\"Dur\u00e9e de lecture estim\u00e9e\" \/>\n\t<meta name=\"twitter:data1\" content=\"2 minutes\" \/>\n<script type=\"application\/ld+json\" class=\"yoast-schema-graph\">{\"@context\":\"https:\\\/\\\/schema.org\",\"@graph\":[{\"@type\":[\"WebPage\",\"FAQPage\"],\"@id\":\"https:\\\/\\\/www.utopia-projects.com\\\/fr\\\/honoraires\\\/\",\"url\":\"https:\\\/\\\/www.utopia-projects.com\\\/fr\\\/honoraires\\\/\",\"name\":\"Honoraires - Utopia\",\"isPartOf\":{\"@id\":\"https:\\\/\\\/www.utopia-projects.com\\\/fr\\\/#website\"},\"datePublished\":\"2023-07-07T12:00:34+00:00\",\"dateModified\":\"2024-05-22T08:46:15+00:00\",\"breadcrumb\":{\"@id\":\"https:\\\/\\\/www.utopia-projects.com\\\/fr\\\/honoraires\\\/#breadcrumb\"},\"mainEntity\":[{\"@id\":\"https:\\\/\\\/www.utopia-projects.com\\\/fr\\\/honoraires\\\/#faq-question-1682091465792\"}],\"inLanguage\":\"fr-FR\",\"potentialAction\":[{\"@type\":\"ReadAction\",\"target\":[\"https:\\\/\\\/www.utopia-projects.com\\\/fr\\\/honoraires\\\/\"]}]},{\"@type\":\"BreadcrumbList\",\"@id\":\"https:\\\/\\\/www.utopia-projects.com\\\/fr\\\/honoraires\\\/#breadcrumb\",\"itemListElement\":[{\"@type\":\"ListItem\",\"position\":1,\"name\":\"Utopia\",\"item\":\"https:\\\/\\\/www.utopia-projects.com\\\/fr\\\/\"},{\"@type\":\"ListItem\",\"position\":2,\"name\":\"Honoraires\"}]},{\"@type\":\"WebSite\",\"@id\":\"https:\\\/\\\/www.utopia-projects.com\\\/fr\\\/#website\",\"url\":\"https:\\\/\\\/www.utopia-projects.com\\\/fr\\\/\",\"name\":\"Utopia Architects and Engineers\",\"description\":\"Architects and Engineers providing architecure and engineering services in Portugal\",\"publisher\":{\"@id\":\"https:\\\/\\\/www.utopia-projects.com\\\/fr\\\/#organization\"},\"alternateName\":\"Utopia - Architecture and Engineering\",\"potentialAction\":[{\"@type\":\"SearchAction\",\"target\":{\"@type\":\"EntryPoint\",\"urlTemplate\":\"https:\\\/\\\/www.utopia-projects.com\\\/fr\\\/?s={search_term_string}\"},\"query-input\":{\"@type\":\"PropertyValueSpecification\",\"valueRequired\":true,\"valueName\":\"search_term_string\"}}],\"inLanguage\":\"fr-FR\"},{\"@type\":\"Organization\",\"@id\":\"https:\\\/\\\/www.utopia-projects.com\\\/fr\\\/#organization\",\"name\":\"Utopia - Arquitectura e Engenharia Lda\",\"alternateName\":\"Utopia Architects\",\"url\":\"https:\\\/\\\/www.utopia-projects.com\\\/fr\\\/\",\"logo\":{\"@type\":\"ImageObject\",\"inLanguage\":\"fr-FR\",\"@id\":\"https:\\\/\\\/www.utopia-projects.com\\\/fr\\\/#\\\/schema\\\/logo\\\/image\\\/\",\"url\":\"https:\\\/\\\/www.utopia-projects.com\\\/wp-content\\\/uploads\\\/2023\\\/07\\\/Utopia_architecture_and_engineering.svg\",\"contentUrl\":\"https:\\\/\\\/www.utopia-projects.com\\\/wp-content\\\/uploads\\\/2023\\\/07\\\/Utopia_architecture_and_engineering.svg\",\"caption\":\"Utopia - Arquitectura e Engenharia Lda\"},\"image\":{\"@id\":\"https:\\\/\\\/www.utopia-projects.com\\\/fr\\\/#\\\/schema\\\/logo\\\/image\\\/\"},\"sameAs\":[\"https:\\\/\\\/www.facebook.com\\\/utopia.architects\\\/\",\"https:\\\/\\\/x.com\\\/ProjectosUtopia\"]},{\"@type\":\"Question\",\"@id\":\"https:\\\/\\\/www.utopia-projects.com\\\/fr\\\/honoraires\\\/#faq-question-1682091465792\",\"position\":1,\"url\":\"https:\\\/\\\/www.utopia-projects.com\\\/fr\\\/honoraires\\\/#faq-question-1682091465792\",\"name\":\"Are there any fixed fees for architectural services?\",\"answerCount\":1,\"acceptedAnswer\":{\"@type\":\"Answer\",\"text\":\"We provide a proposal to our clientes that has a fixed fees that has payments made in stages. Other architects may charge differently. The design market is open following european union market rules.\",\"inLanguage\":\"fr-FR\"},\"inLanguage\":\"fr-FR\"}]}<\/script>\n<!-- \/ Yoast SEO plugin. -->","yoast_head_json":{"title":"Honoraires - Utopia","robots":{"index":"index","follow":"follow","max-snippet":"max-snippet:-1","max-image-preview":"max-image-preview:large","max-video-preview":"max-video-preview:-1"},"canonical":"https:\/\/www.utopia-projects.com\/fr\/honoraires\/","og_locale":"fr_FR","og_type":"article","og_title":"Honoraires - Utopia","og_description":"Nos services commencent apr\u00e8s l&rsquo;acceptation d&rsquo;un contrat qui garantit les droits et les responsabilit\u00e9s des deux parties. Nous garantissons donc votre confiance et la qualit\u00e9 de votre projet. Vous pourrez y consulter notre proc\u00e9dure et la mani\u00e8re dont nous calculons nos honoraires. Demander des honoraires Vous pouvez obtenir une proposition de busyness de notre cabinet ... Lire plus","og_url":"https:\/\/www.utopia-projects.com\/fr\/honoraires\/","og_site_name":"Utopia","article_publisher":"https:\/\/www.facebook.com\/utopia.architects\/","article_modified_time":"2024-05-22T08:46:15+00:00","twitter_card":"summary_large_image","twitter_site":"@ProjectosUtopia","twitter_misc":{"Dur\u00e9e de lecture estim\u00e9e":"2 minutes"},"schema":{"@context":"https:\/\/schema.org","@graph":[{"@type":["WebPage","FAQPage"],"@id":"https:\/\/www.utopia-projects.com\/fr\/honoraires\/","url":"https:\/\/www.utopia-projects.com\/fr\/honoraires\/","name":"Honoraires - Utopia","isPartOf":{"@id":"https:\/\/www.utopia-projects.com\/fr\/#website"},"datePublished":"2023-07-07T12:00:34+00:00","dateModified":"2024-05-22T08:46:15+00:00","breadcrumb":{"@id":"https:\/\/www.utopia-projects.com\/fr\/honoraires\/#breadcrumb"},"mainEntity":[{"@id":"https:\/\/www.utopia-projects.com\/fr\/honoraires\/#faq-question-1682091465792"}],"inLanguage":"fr-FR","potentialAction":[{"@type":"ReadAction","target":["https:\/\/www.utopia-projects.com\/fr\/honoraires\/"]}]},{"@type":"BreadcrumbList","@id":"https:\/\/www.utopia-projects.com\/fr\/honoraires\/#breadcrumb","itemListElement":[{"@type":"ListItem","position":1,"name":"Utopia","item":"https:\/\/www.utopia-projects.com\/fr\/"},{"@type":"ListItem","position":2,"name":"Honoraires"}]},{"@type":"WebSite","@id":"https:\/\/www.utopia-projects.com\/fr\/#website","url":"https:\/\/www.utopia-projects.com\/fr\/","name":"Utopia Architects and Engineers","description":"Architects and Engineers providing architecure and engineering services in Portugal","publisher":{"@id":"https:\/\/www.utopia-projects.com\/fr\/#organization"},"alternateName":"Utopia - Architecture and Engineering","potentialAction":[{"@type":"SearchAction","target":{"@type":"EntryPoint","urlTemplate":"https:\/\/www.utopia-projects.com\/fr\/?s={search_term_string}"},"query-input":{"@type":"PropertyValueSpecification","valueRequired":true,"valueName":"search_term_string"}}],"inLanguage":"fr-FR"},{"@type":"Organization","@id":"https:\/\/www.utopia-projects.com\/fr\/#organization","name":"Utopia - Arquitectura e Engenharia Lda","alternateName":"Utopia Architects","url":"https:\/\/www.utopia-projects.com\/fr\/","logo":{"@type":"ImageObject","inLanguage":"fr-FR","@id":"https:\/\/www.utopia-projects.com\/fr\/#\/schema\/logo\/image\/","url":"https:\/\/www.utopia-projects.com\/wp-content\/uploads\/2023\/07\/Utopia_architecture_and_engineering.svg","contentUrl":"https:\/\/www.utopia-projects.com\/wp-content\/uploads\/2023\/07\/Utopia_architecture_and_engineering.svg","caption":"Utopia - Arquitectura e Engenharia Lda"},"image":{"@id":"https:\/\/www.utopia-projects.com\/fr\/#\/schema\/logo\/image\/"},"sameAs":["https:\/\/www.facebook.com\/utopia.architects\/","https:\/\/x.com\/ProjectosUtopia"]},{"@type":"Question","@id":"https:\/\/www.utopia-projects.com\/fr\/honoraires\/#faq-question-1682091465792","position":1,"url":"https:\/\/www.utopia-projects.com\/fr\/honoraires\/#faq-question-1682091465792","name":"Are there any fixed fees for architectural services?","answerCount":1,"acceptedAnswer":{"@type":"Answer","text":"We provide a proposal to our clientes that has a fixed fees that has payments made in stages. Other architects may charge differently. The design market is open following european union market rules.","inLanguage":"fr-FR"},"inLanguage":"fr-FR"}]}},"_links":{"self":[{"href":"https:\/\/www.utopia-projects.com\/fr\/wp-json\/wp\/v2\/pages\/116","targetHints":{"allow":["GET"]}}],"collection":[{"href":"https:\/\/www.utopia-projects.com\/fr\/wp-json\/wp\/v2\/pages"}],"about":[{"href":"https:\/\/www.utopia-projects.com\/fr\/wp-json\/wp\/v2\/types\/page"}],"author":[{"embeddable":true,"href":"https:\/\/www.utopia-projects.com\/fr\/wp-json\/wp\/v2\/users\/2"}],"replies":[{"embeddable":true,"href":"https:\/\/www.utopia-projects.com\/fr\/wp-json\/wp\/v2\/comments?post=116"}],"version-history":[{"count":4,"href":"https:\/\/www.utopia-projects.com\/fr\/wp-json\/wp\/v2\/pages\/116\/revisions"}],"predecessor-version":[{"id":3771,"href":"https:\/\/www.utopia-projects.com\/fr\/wp-json\/wp\/v2\/pages\/116\/revisions\/3771"}],"wp:attachment":[{"href":"https:\/\/www.utopia-projects.com\/fr\/wp-json\/wp\/v2\/media?parent=116"}],"curies":[{"name":"wp","href":"https:\/\/api.w.org\/{rel}","templated":true}]}}