{"id":138,"date":"2023-07-07T11:58:52","date_gmt":"2023-07-07T11:58:52","guid":{"rendered":"https:\/\/www.utopia-projects.com\/services\/"},"modified":"2023-10-19T17:02:16","modified_gmt":"2023-10-19T17:02:16","slug":"services","status":"publish","type":"page","link":"https:\/\/www.utopia-projects.com\/fr\/services\/","title":{"rendered":"Services"},"content":{"rendered":"<section class=\"gb-container gb-container-6a979763\">\n\n<h1 class=\"wp-block-heading\">Services<\/h1>\n\n\n\n<p>Nos architectes et ing\u00e9nieurs fournissent un large groupe de services en fonction des besoins de nos clients et de nos connaissances. Nos services d\u2019architecture et d\u2019ing\u00e9nierie permettent \u00e0 nos clients d\u2019augmenter leurs \u00e9conomies de temps, de logistique et de financement. Nous aimons souligner notre qualit\u00e9 et notre comp\u00e9titivit\u00e9 sur le projet d&rsquo;architecture et sur les diff\u00e9rents projets d&rsquo;ing\u00e9nierie. Nous d\u00e9veloppons des petits projets tels que le design de mobilier ou l&rsquo;architecture d&rsquo;int\u00e9rieur.2 N\u00e9anmoins, nous concevons des projets de moyenne envergure tels que des b\u00e2timents de diff\u00e9rents types et m\u00eame des projets de grande envergure tels que des travaux d&rsquo;architecture paysag\u00e8re. De m\u00eame, nous sommes \u00e9galement fiers de nos conceptions de stations baln\u00e9aires, de plans directeurs et de projets urbains. Nous incluons \u00e9galement dans notre gamme de services la surveillance de chantier et la gestion des appels d\u2019offres.<\/p>\n\n\n\n<blockquote class=\"wp-block-quote is-layout-flow wp-block-quote-is-layout-flow\">\n<p>Notre gamme de services peut \u00e9galement \u00eatre adapt\u00e9e aux besoins sp\u00e9cifiques de nos clients.<\/p>\n<cite>Ricardo Cruz, architecte<\/cite><\/blockquote>\n\n<\/section><section class=\"gb-container gb-container-64c6bc87\">\n\n<h2 class=\"wp-block-heading\" id=\"architecture-projects\">Projets d&rsquo;architecture<\/h2>\n\n\n\n<p>Le projet d&rsquo;architecture est un ensemble de documents \u00e9crits et dessin\u00e9s \u00e9labor\u00e9s par une \u00e9quipe d&rsquo;architectes. Cette \u00e9quipe conna\u00eet les objectifs, le programme, le budget financier, le territoire environnant et la l\u00e9gislation. L&rsquo;\u00e9quipe d&rsquo;architecture con\u00e7oit et con\u00e7oit des solutions d&rsquo;architecture adapt\u00e9es \u00e0 toutes ces r\u00e9alit\u00e9s ant\u00e9rieures. Le projet d&rsquo;architecture comporte plusieurs \u00e9tapes de travail : le programme pr\u00e9liminaire, les \u00e9tudes pr\u00e9liminaires, la soumission du plan, la soumission du r\u00e8glement de construction, le projet d&rsquo;ex\u00e9cution et enfin le suivi des travaux.<\/p>\n\n<\/section><section class=\"gb-container gb-container-decd6712\">\n\n<h2 class=\"wp-block-heading\" id=\"engineering-projects\">Projets d&rsquo;ing\u00e9nierie<\/h2>\n\n\n\n<p>Les projets d&rsquo;ing\u00e9nierie sont un ensemble de documents qui expliquent chaque calcul de construction. Ils permettent donc le r\u00e9sultat attendu dans la conception de l&rsquo;architecture. Chaque projet d&rsquo;ing\u00e9nierie donne les d\u00e9tails n\u00e9cessaires \u00e0 chaque th\u00e8me : structure, drainage, adduction d&rsquo;eau, comportement thermique, comportement acoustique, installations m\u00e9caniques, ventilation et acclimatation. La complexit\u00e9 de chaque th\u00e9matique implique l&rsquo;existence d&rsquo;un ing\u00e9nieur sp\u00e9cialis\u00e9 sur le sujet du projet. Parall\u00e8lement, le fait que plusieurs projets sp\u00e9cialis\u00e9s soient d\u00e9velopp\u00e9s s\u00e9par\u00e9ment implique l&rsquo;existence d&rsquo;un chef de projet qui coordonne l&rsquo;ensemble du travail et la compatibilit\u00e9 entre les projets. Chez Utopia, nous fournissons tous ces services permettant un investissement s\u00fbr \u00e0 nos clients.<\/p>\n\n<\/section><section class=\"gb-container gb-container-ec74e991\">\n\n<h2 class=\"wp-block-heading\" id=\"town-planning\">Projets urbains<\/h2>\n\n\n\n<p>Les projets d&rsquo;urbanisme ou projets urbains regroupent toutes les \u00e9tudes et projets ayant un impact \u00e0 grande \u00e9chelle. Les stations touristiques font partie des projets inclus ici, mais il faut \u00e9galement faire r\u00e9f\u00e9rence aux plans directeurs et aux plans strat\u00e9giques. Nous ne devons pas non plus oublier certaines des tours et des gratte-ciel que nous avons d\u00e9velopp\u00e9s car ils ont eu un impact urbain important sur le sol et le paysage.<\/p>\n\n<\/section><section class=\"gb-container gb-container-1d039f61\">\n\n<h2 class=\"wp-block-heading\" id=\"interior-architecture\">Architecture d&rsquo;int\u00e9rieur<\/h2>\n\n\n\n<p>Les projets d&rsquo;architecture d&rsquo;int\u00e9rieur ou \u00e9galement appel\u00e9s projets de design d&rsquo;int\u00e9rieur font partie de l&rsquo;ensemble des services propos\u00e9s par notre cabinet d&rsquo;architecture. Ils sont tr\u00e8s fr\u00e9quents sur une r\u00e9novation d&rsquo;h\u00f4tel ou tout autre b\u00e2timent touristique, sur des maisons de luxe et des bureaux de haut niveau. Ce service peut \u00eatre fourni sous deux grands types : l&rsquo;am\u00e9nagement dans lequel toutes les finitions sont modifi\u00e9es, et FF&amp;E dans lequel seuls les meubles et \u00e9quipements sont r\u00e9nov\u00e9s.<\/p>\n\n<\/section><section class=\"gb-container gb-container-bb7a953d\">\n\n<h2 class=\"wp-block-heading\" id=\"design\">Design<\/h2>\n\n\n\n<p>Le d\u00e9veloppement de services de design est \u00e9galement un atout fort de notre cabinet de design. Nous devrions parler principalement du design de meubles, du design de produits et du design industriel en raison de l&rsquo;importance qu&rsquo;ils ont dans notre pratique du design. D&rsquo;autres travaux comme le design de marque ou le design graphique ont \u00e9galement \u00e9t\u00e9 r\u00e9alis\u00e9s par notre \u00e9quipe avec succ\u00e8s puisqu&rsquo;ils \u00e9taient \u00e9galement li\u00e9s d&rsquo;une mani\u00e8re ou d&rsquo;une autre aux services immobiliers.<\/p>\n\n<\/section><section class=\"gb-container gb-container-71f1b36c\">\n\n<h2 class=\"wp-block-heading\" id=\"landscape-architecture\">Architecture du paysage<\/h2>\n\n\n\n<p>Les travaux ext\u00e9rieurs sur les parcs et jardins, les places, les rues urbaines, les parkings ouverts ou d&rsquo;autres projets \u00e0 grande \u00e9chelle ayant un impact sur le territoire font tous partie des services d&rsquo;architecture de paysage. Cela implique des connaissances en biologie, botanique, agriculture, architecture, urbanisme et autres. Les projets paysagers sont \u00e9galement notre outil pr\u00e9f\u00e9r\u00e9 pour promouvoir les conceptions architecturales durables. Nous luttons pour une soci\u00e9t\u00e9 plus \u00e9cologique et la cr\u00e9ation d&rsquo;un monde plus respectueux de l&rsquo;environnement.<\/p>\n\n<\/section><section class=\"gb-container gb-container-8879b83a\">\n\n<h2 class=\"wp-block-heading\" id=\"construction-supervision\">Assistance technique<\/h2>\n\n\n\n<p>La assistance technique peut inclure une large gamme de services tels que des inspections de chantier, des enqu\u00eates ou la gestion de la construction. Chaque projet doit \u00eatre analys\u00e9 et une proposition doit toujours \u00eatre \u00e9labor\u00e9e sur mesure afin d&rsquo;\u00eatre comp\u00e9titive et efficace. Le r\u00f4le principal de ces services est de garantir que le projet est construit correctement. Il garantit \u00e9galement que le projet comprend toutes les sp\u00e9cifications techniques. Nous pouvons ainsi accomplir les objectifs et les d\u00e9lais de nos clients.<\/p>\n\n<\/section><section class=\"gb-container gb-container-353e8509\">\n\n<h2 class=\"wp-block-heading\">Questions fr\u00e9quemment pos\u00e9es sur nos services<\/h2>\n\n\n\n<p>Vous pouvez \u00e9galement lire ici quelques r\u00e9ponses importantes que nous apportons sur notre pratique de conception. Des th\u00e8mes tels que l&rsquo;architecture durable, les meilleures m\u00e9thodes de construction, les co\u00fbts et les entrepreneurs.<\/p>\n\n\n\n<div class=\"schema-faq wp-block-yoast-faq-block\"><div class=\"schema-faq-section\" id=\"faq-question-1682091151431\"><strong class=\"schema-faq-question\">Pour quels types de secteurs d\u00e9veloppez-vous vos services ?<\/strong> <p class=\"schema-faq-answer\">Comme vous pouvez le voir sur notre portfolio, vous y trouverez que nous d\u00e9veloppons toutes sortes de projets. En tant que l&rsquo;un des principaux cabinets d&rsquo;architectes agr\u00e9\u00e9s au Portugal, l&rsquo;\u00e9quipe d&rsquo;Utopia Architects propose une conception professionnelle Avec plus de douze ans d&rsquo;exp\u00e9rience en tant que cabinet d&rsquo;architecture, Utopia Architects Practice propose un projet hautement professionnel.<\/p> <\/div> <div class=\"schema-faq-section\" id=\"faq-question-1682091465792\"><strong class=\"schema-faq-question\">Utopia peut-elle fournir des services de d\u00e9coration d\u2019int\u00e9rieur et d\u2019architecture en m\u00eame temps ?<\/strong> <p class=\"schema-faq-answer\">Oui, nous pouvons d\u00e9velopper en m\u00eame temps l\u2019architecture et l\u2019architecture int\u00e9rieure. C&rsquo;est quelque chose de tr\u00e8s courant qui ajoute de la coh\u00e9rence au projet. <\/p> <\/div> <div class=\"schema-faq-section\" id=\"faq-question-1689689411817\"><strong class=\"schema-faq-question\">Utopia peut-elle fournir une proposition d\u00e9taill\u00e9e des services sp\u00e9cifiques fournis.<\/strong> <p class=\"schema-faq-answer\">Oui bien s\u00fbr. Ainsi que les services de conception de b\u00e2timents, d\u2019approbations statutaires, de sp\u00e9cifications, de documents d\u2019appel d\u2019offres, d\u2019administration des contrats et d\u2019inspections. Des rapports conditionnels et des \u00e9tudes de faisabilit\u00e9 peuvent \u00eatre entrepris en collaboration avec des m\u00e9treurs, des ing\u00e9nieurs en structure et en service. Un package de conception peut \u00eatre con\u00e7u sur mesure pour r\u00e9pondre aux besoins sp\u00e9cifiques du client, que ce soit au Portugal ou dans tout autre pays. Le cabinet d&rsquo;architecture Utopia a eu l&rsquo;exp\u00e9rience de rendre compte des d\u00e9fauts de construction, de l&rsquo;\u00e9nergie, de la conservation, de la pr\u00e9vention des incendies et des appels en mati\u00e8re de planification. Notre exp\u00e9rience au fil des ann\u00e9es s&rsquo;est \u00e9tendue au secteur priv\u00e9 ainsi qu&rsquo;\u00e0 celle de l&rsquo;association locale du logement et du directeur local du logement.<br><\/p> <\/div> <\/div>\n\n<\/section>","protected":false},"excerpt":{"rendered":"<p>Services Nos architectes et ing\u00e9nieurs fournissent un large groupe de services en fonction des besoins de nos clients et de nos connaissances. Nos services d\u2019architecture et d\u2019ing\u00e9nierie permettent \u00e0 nos clients d\u2019augmenter leurs \u00e9conomies de temps, de logistique et de financement. Nous aimons souligner notre qualit\u00e9 et notre comp\u00e9titivit\u00e9 sur le projet d&rsquo;architecture et sur &#8230; <a title=\"Services\" class=\"read-more\" href=\"https:\/\/www.utopia-projects.com\/fr\/services\/\" aria-label=\"En savoir plus sur Services\">Lire plus<\/a><\/p>\n","protected":false},"author":2,"featured_media":0,"parent":0,"menu_order":0,"comment_status":"closed","ping_status":"closed","template":"","meta":{"footnotes":""},"class_list":["post-138","page","type-page","status-publish"],"yoast_head":"<!-- This site is optimized with the Yoast SEO plugin v27.4 - https:\/\/yoast.com\/product\/yoast-seo-wordpress\/ -->\n<title>Services - Utopia<\/title>\n<meta name=\"robots\" content=\"index, follow, max-snippet:-1, max-image-preview:large, max-video-preview:-1\" \/>\n<link rel=\"canonical\" href=\"https:\/\/www.utopia-projects.com\/fr\/services\/\" \/>\n<meta property=\"og:locale\" content=\"fr_FR\" \/>\n<meta property=\"og:type\" content=\"article\" \/>\n<meta property=\"og:title\" content=\"Services - Utopia\" \/>\n<meta property=\"og:description\" content=\"Services Nos architectes et ing\u00e9nieurs fournissent un large groupe de services en fonction des besoins de nos clients et de nos connaissances. Nos services d\u2019architecture et d\u2019ing\u00e9nierie permettent \u00e0 nos clients d\u2019augmenter leurs \u00e9conomies de temps, de logistique et de financement. Nous aimons souligner notre qualit\u00e9 et notre comp\u00e9titivit\u00e9 sur le projet d&rsquo;architecture et sur ... Lire plus\" \/>\n<meta property=\"og:url\" content=\"https:\/\/www.utopia-projects.com\/fr\/services\/\" \/>\n<meta property=\"og:site_name\" content=\"Utopia\" \/>\n<meta property=\"article:publisher\" content=\"https:\/\/www.facebook.com\/utopia.architects\/\" \/>\n<meta property=\"article:modified_time\" content=\"2023-10-19T17:02:16+00:00\" \/>\n<meta name=\"twitter:card\" content=\"summary_large_image\" \/>\n<meta name=\"twitter:site\" content=\"@ProjectosUtopia\" \/>\n<meta name=\"twitter:label1\" content=\"Dur\u00e9e de lecture estim\u00e9e\" \/>\n\t<meta name=\"twitter:data1\" content=\"6 minutes\" \/>\n<script type=\"application\/ld+json\" class=\"yoast-schema-graph\">{\"@context\":\"https:\\\/\\\/schema.org\",\"@graph\":[{\"@type\":[\"WebPage\",\"FAQPage\"],\"@id\":\"https:\\\/\\\/www.utopia-projects.com\\\/fr\\\/services\\\/\",\"url\":\"https:\\\/\\\/www.utopia-projects.com\\\/fr\\\/services\\\/\",\"name\":\"Services - Utopia\",\"isPartOf\":{\"@id\":\"https:\\\/\\\/www.utopia-projects.com\\\/fr\\\/#website\"},\"datePublished\":\"2023-07-07T11:58:52+00:00\",\"dateModified\":\"2023-10-19T17:02:16+00:00\",\"breadcrumb\":{\"@id\":\"https:\\\/\\\/www.utopia-projects.com\\\/fr\\\/services\\\/#breadcrumb\"},\"mainEntity\":[{\"@id\":\"https:\\\/\\\/www.utopia-projects.com\\\/fr\\\/services\\\/#faq-question-1682091151431\"},{\"@id\":\"https:\\\/\\\/www.utopia-projects.com\\\/fr\\\/services\\\/#faq-question-1682091465792\"},{\"@id\":\"https:\\\/\\\/www.utopia-projects.com\\\/fr\\\/services\\\/#faq-question-1689689411817\"}],\"inLanguage\":\"fr-FR\",\"potentialAction\":[{\"@type\":\"ReadAction\",\"target\":[\"https:\\\/\\\/www.utopia-projects.com\\\/fr\\\/services\\\/\"]}]},{\"@type\":\"BreadcrumbList\",\"@id\":\"https:\\\/\\\/www.utopia-projects.com\\\/fr\\\/services\\\/#breadcrumb\",\"itemListElement\":[{\"@type\":\"ListItem\",\"position\":1,\"name\":\"Utopia\",\"item\":\"https:\\\/\\\/www.utopia-projects.com\\\/fr\\\/\"},{\"@type\":\"ListItem\",\"position\":2,\"name\":\"Services\"}]},{\"@type\":\"WebSite\",\"@id\":\"https:\\\/\\\/www.utopia-projects.com\\\/fr\\\/#website\",\"url\":\"https:\\\/\\\/www.utopia-projects.com\\\/fr\\\/\",\"name\":\"Utopia Architects and Engineers\",\"description\":\"Architects and Engineers providing architecure and engineering services in Portugal\",\"publisher\":{\"@id\":\"https:\\\/\\\/www.utopia-projects.com\\\/fr\\\/#organization\"},\"alternateName\":\"Utopia - Architecture and Engineering\",\"potentialAction\":[{\"@type\":\"SearchAction\",\"target\":{\"@type\":\"EntryPoint\",\"urlTemplate\":\"https:\\\/\\\/www.utopia-projects.com\\\/fr\\\/?s={search_term_string}\"},\"query-input\":{\"@type\":\"PropertyValueSpecification\",\"valueRequired\":true,\"valueName\":\"search_term_string\"}}],\"inLanguage\":\"fr-FR\"},{\"@type\":\"Organization\",\"@id\":\"https:\\\/\\\/www.utopia-projects.com\\\/fr\\\/#organization\",\"name\":\"Utopia - Arquitectura e Engenharia Lda\",\"alternateName\":\"Utopia Architects\",\"url\":\"https:\\\/\\\/www.utopia-projects.com\\\/fr\\\/\",\"logo\":{\"@type\":\"ImageObject\",\"inLanguage\":\"fr-FR\",\"@id\":\"https:\\\/\\\/www.utopia-projects.com\\\/fr\\\/#\\\/schema\\\/logo\\\/image\\\/\",\"url\":\"https:\\\/\\\/www.utopia-projects.com\\\/wp-content\\\/uploads\\\/2023\\\/07\\\/Utopia_architecture_and_engineering.svg\",\"contentUrl\":\"https:\\\/\\\/www.utopia-projects.com\\\/wp-content\\\/uploads\\\/2023\\\/07\\\/Utopia_architecture_and_engineering.svg\",\"caption\":\"Utopia - Arquitectura e Engenharia Lda\"},\"image\":{\"@id\":\"https:\\\/\\\/www.utopia-projects.com\\\/fr\\\/#\\\/schema\\\/logo\\\/image\\\/\"},\"sameAs\":[\"https:\\\/\\\/www.facebook.com\\\/utopia.architects\\\/\",\"https:\\\/\\\/x.com\\\/ProjectosUtopia\"]},{\"@type\":\"Question\",\"@id\":\"https:\\\/\\\/www.utopia-projects.com\\\/fr\\\/services\\\/#faq-question-1682091151431\",\"position\":1,\"url\":\"https:\\\/\\\/www.utopia-projects.com\\\/fr\\\/services\\\/#faq-question-1682091151431\",\"name\":\"For what kind of sectors do you develop your services?\",\"answerCount\":1,\"acceptedAnswer\":{\"@type\":\"Answer\",\"text\":\"As you may see on our portfolio you can find there we develop all kind of projects. As one of the leading chartered architectural firms in Portugal, the team at Utopia Architects provide professional design &amp; consultancy for any commercial, industrial and residential projects. With over twelve years experience as an architectural practice, Utopia Architects Practice provide a highly professional project &amp; planning management service, from concept to completion.\",\"inLanguage\":\"fr-FR\"},\"inLanguage\":\"fr-FR\"},{\"@type\":\"Question\",\"@id\":\"https:\\\/\\\/www.utopia-projects.com\\\/fr\\\/services\\\/#faq-question-1682091465792\",\"position\":2,\"url\":\"https:\\\/\\\/www.utopia-projects.com\\\/fr\\\/services\\\/#faq-question-1682091465792\",\"name\":\"Can Utopia provide interior decoration and architecture services at same time?\",\"answerCount\":1,\"acceptedAnswer\":{\"@type\":\"Answer\",\"text\":\"Yes, we can develop architecture and interior architecture at the same time. It's something very common that adds consistency to the project. \",\"inLanguage\":\"fr-FR\"},\"inLanguage\":\"fr-FR\"},{\"@type\":\"Question\",\"@id\":\"https:\\\/\\\/www.utopia-projects.com\\\/fr\\\/services\\\/#faq-question-1689689411817\",\"position\":3,\"url\":\"https:\\\/\\\/www.utopia-projects.com\\\/fr\\\/services\\\/#faq-question-1689689411817\",\"name\":\"Can Utopia provide a detailed a detailed proposal of the specific services provided.\",\"answerCount\":1,\"acceptedAnswer\":{\"@type\":\"Answer\",\"text\":\"Yes, of course. As well as the services of Building Design, Statutory Approvals, Specifications, Tender Documentation, Contract Administration and Inspections. Conditional Reports and Feasibility Studies can be undertaken in conjunction with Quantity Surveyors, Structural and Service Engineers. A Design Package can be tailor-made to suit the specific needs of the Client,\u00a0 whether in Portugal or any other country. Utopia architectural practice has had experience of reporting on Building Defects, Energy, Conservation, Fire Prevention and Planning Appeals. Our experience over the years has been with the Private Sector as well as that of the local Housing Association and the local Housing Executive.<br\\\/>\",\"inLanguage\":\"fr-FR\"},\"inLanguage\":\"fr-FR\"}]}<\/script>\n<!-- \/ Yoast SEO plugin. -->","yoast_head_json":{"title":"Services - Utopia","robots":{"index":"index","follow":"follow","max-snippet":"max-snippet:-1","max-image-preview":"max-image-preview:large","max-video-preview":"max-video-preview:-1"},"canonical":"https:\/\/www.utopia-projects.com\/fr\/services\/","og_locale":"fr_FR","og_type":"article","og_title":"Services - Utopia","og_description":"Services Nos architectes et ing\u00e9nieurs fournissent un large groupe de services en fonction des besoins de nos clients et de nos connaissances. Nos services d\u2019architecture et d\u2019ing\u00e9nierie permettent \u00e0 nos clients d\u2019augmenter leurs \u00e9conomies de temps, de logistique et de financement. Nous aimons souligner notre qualit\u00e9 et notre comp\u00e9titivit\u00e9 sur le projet d&rsquo;architecture et sur ... Lire plus","og_url":"https:\/\/www.utopia-projects.com\/fr\/services\/","og_site_name":"Utopia","article_publisher":"https:\/\/www.facebook.com\/utopia.architects\/","article_modified_time":"2023-10-19T17:02:16+00:00","twitter_card":"summary_large_image","twitter_site":"@ProjectosUtopia","twitter_misc":{"Dur\u00e9e de lecture estim\u00e9e":"6 minutes"},"schema":{"@context":"https:\/\/schema.org","@graph":[{"@type":["WebPage","FAQPage"],"@id":"https:\/\/www.utopia-projects.com\/fr\/services\/","url":"https:\/\/www.utopia-projects.com\/fr\/services\/","name":"Services - Utopia","isPartOf":{"@id":"https:\/\/www.utopia-projects.com\/fr\/#website"},"datePublished":"2023-07-07T11:58:52+00:00","dateModified":"2023-10-19T17:02:16+00:00","breadcrumb":{"@id":"https:\/\/www.utopia-projects.com\/fr\/services\/#breadcrumb"},"mainEntity":[{"@id":"https:\/\/www.utopia-projects.com\/fr\/services\/#faq-question-1682091151431"},{"@id":"https:\/\/www.utopia-projects.com\/fr\/services\/#faq-question-1682091465792"},{"@id":"https:\/\/www.utopia-projects.com\/fr\/services\/#faq-question-1689689411817"}],"inLanguage":"fr-FR","potentialAction":[{"@type":"ReadAction","target":["https:\/\/www.utopia-projects.com\/fr\/services\/"]}]},{"@type":"BreadcrumbList","@id":"https:\/\/www.utopia-projects.com\/fr\/services\/#breadcrumb","itemListElement":[{"@type":"ListItem","position":1,"name":"Utopia","item":"https:\/\/www.utopia-projects.com\/fr\/"},{"@type":"ListItem","position":2,"name":"Services"}]},{"@type":"WebSite","@id":"https:\/\/www.utopia-projects.com\/fr\/#website","url":"https:\/\/www.utopia-projects.com\/fr\/","name":"Utopia Architects and Engineers","description":"Architects and Engineers providing architecure and engineering services in Portugal","publisher":{"@id":"https:\/\/www.utopia-projects.com\/fr\/#organization"},"alternateName":"Utopia - Architecture and Engineering","potentialAction":[{"@type":"SearchAction","target":{"@type":"EntryPoint","urlTemplate":"https:\/\/www.utopia-projects.com\/fr\/?s={search_term_string}"},"query-input":{"@type":"PropertyValueSpecification","valueRequired":true,"valueName":"search_term_string"}}],"inLanguage":"fr-FR"},{"@type":"Organization","@id":"https:\/\/www.utopia-projects.com\/fr\/#organization","name":"Utopia - Arquitectura e Engenharia Lda","alternateName":"Utopia Architects","url":"https:\/\/www.utopia-projects.com\/fr\/","logo":{"@type":"ImageObject","inLanguage":"fr-FR","@id":"https:\/\/www.utopia-projects.com\/fr\/#\/schema\/logo\/image\/","url":"https:\/\/www.utopia-projects.com\/wp-content\/uploads\/2023\/07\/Utopia_architecture_and_engineering.svg","contentUrl":"https:\/\/www.utopia-projects.com\/wp-content\/uploads\/2023\/07\/Utopia_architecture_and_engineering.svg","caption":"Utopia - Arquitectura e Engenharia Lda"},"image":{"@id":"https:\/\/www.utopia-projects.com\/fr\/#\/schema\/logo\/image\/"},"sameAs":["https:\/\/www.facebook.com\/utopia.architects\/","https:\/\/x.com\/ProjectosUtopia"]},{"@type":"Question","@id":"https:\/\/www.utopia-projects.com\/fr\/services\/#faq-question-1682091151431","position":1,"url":"https:\/\/www.utopia-projects.com\/fr\/services\/#faq-question-1682091151431","name":"For what kind of sectors do you develop your services?","answerCount":1,"acceptedAnswer":{"@type":"Answer","text":"As you may see on our portfolio you can find there we develop all kind of projects. As one of the leading chartered architectural firms in Portugal, the team at Utopia Architects provide professional design &amp; consultancy for any commercial, industrial and residential projects. With over twelve years experience as an architectural practice, Utopia Architects Practice provide a highly professional project &amp; planning management service, from concept to completion.","inLanguage":"fr-FR"},"inLanguage":"fr-FR"},{"@type":"Question","@id":"https:\/\/www.utopia-projects.com\/fr\/services\/#faq-question-1682091465792","position":2,"url":"https:\/\/www.utopia-projects.com\/fr\/services\/#faq-question-1682091465792","name":"Can Utopia provide interior decoration and architecture services at same time?","answerCount":1,"acceptedAnswer":{"@type":"Answer","text":"Yes, we can develop architecture and interior architecture at the same time. It's something very common that adds consistency to the project. ","inLanguage":"fr-FR"},"inLanguage":"fr-FR"},{"@type":"Question","@id":"https:\/\/www.utopia-projects.com\/fr\/services\/#faq-question-1689689411817","position":3,"url":"https:\/\/www.utopia-projects.com\/fr\/services\/#faq-question-1689689411817","name":"Can Utopia provide a detailed a detailed proposal of the specific services provided.","answerCount":1,"acceptedAnswer":{"@type":"Answer","text":"Yes, of course. As well as the services of Building Design, Statutory Approvals, Specifications, Tender Documentation, Contract Administration and Inspections. Conditional Reports and Feasibility Studies can be undertaken in conjunction with Quantity Surveyors, Structural and Service Engineers. A Design Package can be tailor-made to suit the specific needs of the Client,\u00a0 whether in Portugal or any other country. Utopia architectural practice has had experience of reporting on Building Defects, Energy, Conservation, Fire Prevention and Planning Appeals. Our experience over the years has been with the Private Sector as well as that of the local Housing Association and the local Housing Executive.<br\/>","inLanguage":"fr-FR"},"inLanguage":"fr-FR"}]}},"_links":{"self":[{"href":"https:\/\/www.utopia-projects.com\/fr\/wp-json\/wp\/v2\/pages\/138","targetHints":{"allow":["GET"]}}],"collection":[{"href":"https:\/\/www.utopia-projects.com\/fr\/wp-json\/wp\/v2\/pages"}],"about":[{"href":"https:\/\/www.utopia-projects.com\/fr\/wp-json\/wp\/v2\/types\/page"}],"author":[{"embeddable":true,"href":"https:\/\/www.utopia-projects.com\/fr\/wp-json\/wp\/v2\/users\/2"}],"replies":[{"embeddable":true,"href":"https:\/\/www.utopia-projects.com\/fr\/wp-json\/wp\/v2\/comments?post=138"}],"version-history":[{"count":0,"href":"https:\/\/www.utopia-projects.com\/fr\/wp-json\/wp\/v2\/pages\/138\/revisions"}],"wp:attachment":[{"href":"https:\/\/www.utopia-projects.com\/fr\/wp-json\/wp\/v2\/media?parent=138"}],"curies":[{"name":"wp","href":"https:\/\/api.w.org\/{rel}","templated":true}]}}