{"id":167,"date":"2023-07-07T11:04:54","date_gmt":"2023-07-07T11:04:54","guid":{"rendered":"https:\/\/www.utopia-projects.com\/?page_id=167"},"modified":"2023-07-19T21:23:21","modified_gmt":"2023-07-19T21:23:21","slug":"fr-privacy-policy","status":"publish","type":"page","link":"https:\/\/www.utopia-projects.com\/fr\/fr-privacy-policy\/","title":{"rendered":"Politique de Confidentialit\u00e9"},"content":{"rendered":"\n<h2 class=\"wp-block-heading\">Qui nous sommes<\/h2>\n\n<p>L&rsquo;adresse de notre site Web est : https:\/\/www.utopia-projects.com<\/p>\n\n<p>Ce site Web appartient \u00e0 Utopia \u2013 Arquitectura e Engenharia Lda, une soci\u00e9t\u00e9 de l&rsquo;UE dont le si\u00e8ge est \u00e0 Porto, au Portugal.<\/p>\n\n<h2 class=\"wp-block-heading\">Commentaires<\/h2>\n\n<p>Lorsque les visiteurs laissent des commentaires sur le formulaire de contact de notre site, nous collectons les donn\u00e9es affich\u00e9es dans le formulaire de commentaires, ainsi que l&rsquo;adresse IP du visiteur et la cha\u00eene de l&rsquo;agent utilisateur du navigateur pour faciliter la d\u00e9tection du spam.<\/p>\n\n<p>Une cha\u00eene anonymis\u00e9e cr\u00e9\u00e9e \u00e0 partir de votre adresse e-mail (\u00e9galement appel\u00e9e hachage) peut \u00eatre fournie au service Gravatar pour voir si vous l&rsquo;utilisez. La politique de confidentialit\u00e9 du service Gravatar est disponible ici : https:\/\/automattic.com\/privacy\/. Apr\u00e8s validation de votre commentaire, votre photo de profil est visible publiquement \u00e0 c\u00f4t\u00e9 de votre commentaire.<\/p>\n\n<h2 class=\"wp-block-heading\">M\u00e9dias<\/h2>\n\n<p>Si vous t\u00e9l\u00e9chargez des images dans nos formulaires de contact, vous devez \u00e9viter de t\u00e9l\u00e9charger des images avec des donn\u00e9es de localisation int\u00e9gr\u00e9es (EXIF GPS) incluses. Nous ne les utilisons pas, mais sachez que les autres visiteurs du site Web peuvent t\u00e9l\u00e9charger et extraire des donn\u00e9es de localisation \u00e0 partir d&rsquo;images sur le site Web.<\/p>\n\n<h2 class=\"wp-block-heading\">Cookies<\/h2>\n\n<p>Si vous laissez un commentaire sur notre site, vous pouvez choisir de sauvegarder vos informations. Cela inclut le nom, l&rsquo;adresse e-mail et le site Web dans les cookies. Ceux-ci sont pour votre commodit\u00e9. Permet de ne pas avoir \u00e0 renseigner \u00e0 nouveau vos coordonn\u00e9es lorsque vous laissez un autre commentaire. Ces cookies dureront un an.<\/p>\n\n<h2 class=\"wp-block-heading\">Contenu int\u00e9gr\u00e9 d&rsquo;autres sites Web<\/h2>\n\n<p>Les articles de ce site peuvent inclure des contenus int\u00e9gr\u00e9s (par exemple des vid\u00e9os, des images, des articles, etc.). Le contenu int\u00e9gr\u00e9 d&rsquo;autres sites Web se comporte exactement de la m\u00eame mani\u00e8re que si le visiteur avait visit\u00e9 l&rsquo;autre site Web. Nous vous informons que ces sites Web peuvent collecter des donn\u00e9es vous concernant, utiliser des cookies, int\u00e9grer un suivi tiers suppl\u00e9mentaire et surveiller votre interaction avec ce contenu int\u00e9gr\u00e9. Les donn\u00e9es incluent le suivi de votre interaction avec le contenu int\u00e9gr\u00e9 si vous avez un compte et \u00eates connect\u00e9 \u00e0 ce site Web.<\/p>\n\n<h2 class=\"wp-block-heading\">Avec qui partageons-nous vos donn\u00e9es<\/h2>\n\n<p>Si vous utilisez l&rsquo;un de nos formulaires, le serveur peut enregistrer votre adresse IP.<\/p>\n\n<h2 class=\"wp-block-heading\">Combien de temps conservons-nous vos donn\u00e9es<\/h2>\n\n<p>If you leave a comment on our forms, the comment and its metadata are retained indefinitely.Combien de temps conservons-nous vos donn\u00e9es Cela nous permet de reconna\u00eetre et d&rsquo;approuver automatiquement tous les commentaires de suivi au lieu de les conserver dans une file d&rsquo;attente de mod\u00e9ration.<\/p>\n\n<h2 class=\"wp-block-heading\">Quels droits avez-vous sur vos donn\u00e9es<\/h2>\n\n<p>Si vous avez un compte sur ce site, ou avez laiss\u00e9 des commentaires, vous pouvez demander \u00e0 recevoir un fichier export\u00e9 des donn\u00e9es personnelles que nous d\u00e9tenons \u00e0 votre sujet, y compris toutes les donn\u00e9es que vous nous avez fournies. Vous pouvez \u00e9galement nous demander d&rsquo;effacer toutes les donn\u00e9es personnelles que nous d\u00e9tenons \u00e0 votre sujet. Cela n&rsquo;inclut pas les donn\u00e9es que nous sommes oblig\u00e9s de conserver \u00e0 des fins administratives, juridiques ou de s\u00e9curit\u00e9.<\/p>\n\n<h2 class=\"wp-block-heading\">O\u00f9 vos donn\u00e9es voyagent<\/h2>\n\n<p>Les commentaires des visiteurs peuvent \u00eatre v\u00e9rifi\u00e9s par un service automatis\u00e9 de d\u00e9tection de spam.<\/p>\n\n<h2 class=\"wp-block-heading\">Google Analytics<\/h2>\n\n<h3 class=\"wp-block-heading\">Description et \u00e9tendue du traitement<\/h3>\n\n<p>Nous utilisons \u00e9galement Google Analytics sur notre portail \u00e0 des fins d&rsquo;analyse Web. Il s&rsquo;agit d&rsquo;un service d&rsquo;analyse fourni par Google LLC (www.google.com). Google Analytics utilise des m\u00e9thodes qui permettent d&rsquo;analyser comment l&rsquo;utilisateur respectif utilise notre portail. Cela nous permet d&rsquo;optimiser notre service et de l&rsquo;adapter aux besoins des utilisateurs.<\/p>\n\n<p>Votre navigateur transmet g\u00e9n\u00e9ralement \u00e0 un serveur de Google aux \u00c9tats-Unis les informations sur votre utilisation de ce site Web que le cookie collecte automatiquement. Google stocke ces m\u00eames informations.<br\/>Our portal has IP anonymization enabled, which truncates the IP address prior to transmission within member states of the European Union or in other states party to the Agreement on the European Economic Area.<br\/>Le navigateur transmet uniquement l&rsquo;adresse IP compl\u00e8te \u00e0 un serveur de Google aux \u00c9tats-Unis et y est tronqu\u00e9e dans certaines exceptions. Votre navigateur transmet une adresse IP anonyme conform\u00e9ment \u00e0 Google Analytics, mais elle ne fusionnera jamais avec d&rsquo;autres donn\u00e9es de Google. Google LLC a son si\u00e8ge social aux \u00c9tats-Unis et est certifi\u00e9 dans le cadre du bouclier de protection des donn\u00e9es UE-\u00c9tats-Unis. Sur la base de cet accord entre les \u00c9tats-Unis et la Commission europ\u00e9enne, cette derni\u00e8re a \u00e9tabli un niveau appropri\u00e9 de protection des donn\u00e9es pour les entreprises certifi\u00e9es Privacy Shield.<\/p>\n\n<h3 class=\"wp-block-heading\">Finalit\u00e9 du traitement<\/h3>\n\n<p>Le but du traitement est d&rsquo;analyser le comportement de navigation afin d&rsquo;optimiser le service et d&rsquo;adapter notre portail aux besoins des utilisateurs. Cela constitue \u00e9galement notre int\u00e9r\u00eat l\u00e9gitime conform\u00e9ment \u00e0 l&rsquo;article 6, paragraphe 1, point f) DSGVO.<\/p>\n\n<h3 class=\"wp-block-heading\">Base juridique du traitement<\/h3>\n\n<p>La base juridique pour le traitement des donn\u00e9es conform\u00e9ment \u00e0 l&rsquo;analyse Web est l&rsquo;article 6, paragraphe 1, point f), DSGVO.<\/p>\n\n<h3 class=\"wp-block-heading\">Dur\u00e9e du traitement, de l&rsquo;opposition ou de la suppression<\/h3>\n\n<p>Si nous abandonnons l&rsquo;objectif et que nous n&rsquo;utilisons plus Google Analytics, nous effacerons les donn\u00e9es collect\u00e9es. Vous pouvez emp\u00eacher que les donn\u00e9es sur votre utilisation du site Web g\u00e9n\u00e9r\u00e9es par le cookie (y compris votre adresse IP) soient transmises \u00e0 Google et trait\u00e9es par Google. Il vous suffit de t\u00e9l\u00e9charger et d&rsquo;installer le plugin du navigateur : http:\/\/tools.google.com\/dlpage\/gaoptout<\/p>\n","protected":false},"excerpt":{"rendered":"<p>Qui nous sommes L&rsquo;adresse de notre site Web est : https:\/\/www.utopia-projects.com Ce site Web appartient \u00e0 Utopia \u2013 Arquitectura e Engenharia Lda, une soci\u00e9t\u00e9 de l&rsquo;UE dont le si\u00e8ge est \u00e0 Porto, au Portugal. Commentaires Lorsque les visiteurs laissent des commentaires sur le formulaire de contact de notre site, nous collectons les donn\u00e9es affich\u00e9es dans &#8230; <a title=\"Politique de Confidentialit\u00e9\" class=\"read-more\" href=\"https:\/\/www.utopia-projects.com\/fr\/fr-privacy-policy\/\" aria-label=\"En savoir plus sur Politique de Confidentialit\u00e9\">Lire plus<\/a><\/p>\n","protected":false},"author":2,"featured_media":0,"parent":0,"menu_order":100,"comment_status":"closed","ping_status":"closed","template":"","meta":{"footnotes":""},"class_list":["post-167","page","type-page","status-publish"],"yoast_head":"<!-- This site is optimized with the Yoast SEO plugin v27.4 - https:\/\/yoast.com\/product\/yoast-seo-wordpress\/ -->\n<title>Politique de Confidentialit\u00e9 - Utopia<\/title>\n<meta name=\"robots\" content=\"index, follow, max-snippet:-1, max-image-preview:large, max-video-preview:-1\" \/>\n<link rel=\"canonical\" href=\"https:\/\/www.utopia-projects.com\/fr\/fr-privacy-policy\/\" \/>\n<meta property=\"og:locale\" content=\"fr_FR\" \/>\n<meta property=\"og:type\" content=\"article\" \/>\n<meta property=\"og:title\" content=\"Politique de Confidentialit\u00e9 - Utopia\" \/>\n<meta property=\"og:description\" content=\"Qui nous sommes L&rsquo;adresse de notre site Web est : https:\/\/www.utopia-projects.com Ce site Web appartient \u00e0 Utopia \u2013 Arquitectura e Engenharia Lda, une soci\u00e9t\u00e9 de l&rsquo;UE dont le si\u00e8ge est \u00e0 Porto, au Portugal. Commentaires Lorsque les visiteurs laissent des commentaires sur le formulaire de contact de notre site, nous collectons les donn\u00e9es affich\u00e9es dans ... Lire plus\" \/>\n<meta property=\"og:url\" content=\"https:\/\/www.utopia-projects.com\/fr\/fr-privacy-policy\/\" \/>\n<meta property=\"og:site_name\" content=\"Utopia\" \/>\n<meta property=\"article:publisher\" content=\"https:\/\/www.facebook.com\/utopia.architects\/\" \/>\n<meta property=\"article:modified_time\" content=\"2023-07-19T21:23:21+00:00\" \/>\n<meta name=\"twitter:card\" content=\"summary_large_image\" \/>\n<meta name=\"twitter:site\" content=\"@ProjectosUtopia\" \/>\n<meta name=\"twitter:label1\" content=\"Dur\u00e9e de lecture estim\u00e9e\" \/>\n\t<meta name=\"twitter:data1\" content=\"5 minutes\" \/>\n<script type=\"application\/ld+json\" class=\"yoast-schema-graph\">{\"@context\":\"https:\\\/\\\/schema.org\",\"@graph\":[{\"@type\":\"WebPage\",\"@id\":\"https:\\\/\\\/www.utopia-projects.com\\\/fr\\\/fr-privacy-policy\\\/\",\"url\":\"https:\\\/\\\/www.utopia-projects.com\\\/fr\\\/fr-privacy-policy\\\/\",\"name\":\"Politique de Confidentialit\u00e9 - Utopia\",\"isPartOf\":{\"@id\":\"https:\\\/\\\/www.utopia-projects.com\\\/fr\\\/#website\"},\"datePublished\":\"2023-07-07T11:04:54+00:00\",\"dateModified\":\"2023-07-19T21:23:21+00:00\",\"breadcrumb\":{\"@id\":\"https:\\\/\\\/www.utopia-projects.com\\\/fr\\\/fr-privacy-policy\\\/#breadcrumb\"},\"inLanguage\":\"fr-FR\",\"potentialAction\":[{\"@type\":\"ReadAction\",\"target\":[\"https:\\\/\\\/www.utopia-projects.com\\\/fr\\\/fr-privacy-policy\\\/\"]}]},{\"@type\":\"BreadcrumbList\",\"@id\":\"https:\\\/\\\/www.utopia-projects.com\\\/fr\\\/fr-privacy-policy\\\/#breadcrumb\",\"itemListElement\":[{\"@type\":\"ListItem\",\"position\":1,\"name\":\"Utopia\",\"item\":\"https:\\\/\\\/www.utopia-projects.com\\\/fr\\\/\"},{\"@type\":\"ListItem\",\"position\":2,\"name\":\"Politique de Confidentialit\u00e9\"}]},{\"@type\":\"WebSite\",\"@id\":\"https:\\\/\\\/www.utopia-projects.com\\\/fr\\\/#website\",\"url\":\"https:\\\/\\\/www.utopia-projects.com\\\/fr\\\/\",\"name\":\"Utopia Architects and Engineers\",\"description\":\"Architects and Engineers providing architecure and engineering services in Portugal\",\"publisher\":{\"@id\":\"https:\\\/\\\/www.utopia-projects.com\\\/fr\\\/#organization\"},\"alternateName\":\"Utopia - Architecture and Engineering\",\"potentialAction\":[{\"@type\":\"SearchAction\",\"target\":{\"@type\":\"EntryPoint\",\"urlTemplate\":\"https:\\\/\\\/www.utopia-projects.com\\\/fr\\\/?s={search_term_string}\"},\"query-input\":{\"@type\":\"PropertyValueSpecification\",\"valueRequired\":true,\"valueName\":\"search_term_string\"}}],\"inLanguage\":\"fr-FR\"},{\"@type\":\"Organization\",\"@id\":\"https:\\\/\\\/www.utopia-projects.com\\\/fr\\\/#organization\",\"name\":\"Utopia - Arquitectura e Engenharia Lda\",\"alternateName\":\"Utopia Architects\",\"url\":\"https:\\\/\\\/www.utopia-projects.com\\\/fr\\\/\",\"logo\":{\"@type\":\"ImageObject\",\"inLanguage\":\"fr-FR\",\"@id\":\"https:\\\/\\\/www.utopia-projects.com\\\/fr\\\/#\\\/schema\\\/logo\\\/image\\\/\",\"url\":\"https:\\\/\\\/www.utopia-projects.com\\\/wp-content\\\/uploads\\\/2023\\\/07\\\/Utopia_architecture_and_engineering.svg\",\"contentUrl\":\"https:\\\/\\\/www.utopia-projects.com\\\/wp-content\\\/uploads\\\/2023\\\/07\\\/Utopia_architecture_and_engineering.svg\",\"caption\":\"Utopia - Arquitectura e Engenharia Lda\"},\"image\":{\"@id\":\"https:\\\/\\\/www.utopia-projects.com\\\/fr\\\/#\\\/schema\\\/logo\\\/image\\\/\"},\"sameAs\":[\"https:\\\/\\\/www.facebook.com\\\/utopia.architects\\\/\",\"https:\\\/\\\/x.com\\\/ProjectosUtopia\"]}]}<\/script>\n<!-- \/ Yoast SEO plugin. -->","yoast_head_json":{"title":"Politique de Confidentialit\u00e9 - Utopia","robots":{"index":"index","follow":"follow","max-snippet":"max-snippet:-1","max-image-preview":"max-image-preview:large","max-video-preview":"max-video-preview:-1"},"canonical":"https:\/\/www.utopia-projects.com\/fr\/fr-privacy-policy\/","og_locale":"fr_FR","og_type":"article","og_title":"Politique de Confidentialit\u00e9 - Utopia","og_description":"Qui nous sommes L&rsquo;adresse de notre site Web est : https:\/\/www.utopia-projects.com Ce site Web appartient \u00e0 Utopia \u2013 Arquitectura e Engenharia Lda, une soci\u00e9t\u00e9 de l&rsquo;UE dont le si\u00e8ge est \u00e0 Porto, au Portugal. Commentaires Lorsque les visiteurs laissent des commentaires sur le formulaire de contact de notre site, nous collectons les donn\u00e9es affich\u00e9es dans ... Lire plus","og_url":"https:\/\/www.utopia-projects.com\/fr\/fr-privacy-policy\/","og_site_name":"Utopia","article_publisher":"https:\/\/www.facebook.com\/utopia.architects\/","article_modified_time":"2023-07-19T21:23:21+00:00","twitter_card":"summary_large_image","twitter_site":"@ProjectosUtopia","twitter_misc":{"Dur\u00e9e de lecture estim\u00e9e":"5 minutes"},"schema":{"@context":"https:\/\/schema.org","@graph":[{"@type":"WebPage","@id":"https:\/\/www.utopia-projects.com\/fr\/fr-privacy-policy\/","url":"https:\/\/www.utopia-projects.com\/fr\/fr-privacy-policy\/","name":"Politique de Confidentialit\u00e9 - Utopia","isPartOf":{"@id":"https:\/\/www.utopia-projects.com\/fr\/#website"},"datePublished":"2023-07-07T11:04:54+00:00","dateModified":"2023-07-19T21:23:21+00:00","breadcrumb":{"@id":"https:\/\/www.utopia-projects.com\/fr\/fr-privacy-policy\/#breadcrumb"},"inLanguage":"fr-FR","potentialAction":[{"@type":"ReadAction","target":["https:\/\/www.utopia-projects.com\/fr\/fr-privacy-policy\/"]}]},{"@type":"BreadcrumbList","@id":"https:\/\/www.utopia-projects.com\/fr\/fr-privacy-policy\/#breadcrumb","itemListElement":[{"@type":"ListItem","position":1,"name":"Utopia","item":"https:\/\/www.utopia-projects.com\/fr\/"},{"@type":"ListItem","position":2,"name":"Politique de Confidentialit\u00e9"}]},{"@type":"WebSite","@id":"https:\/\/www.utopia-projects.com\/fr\/#website","url":"https:\/\/www.utopia-projects.com\/fr\/","name":"Utopia Architects and Engineers","description":"Architects and Engineers providing architecure and engineering services in Portugal","publisher":{"@id":"https:\/\/www.utopia-projects.com\/fr\/#organization"},"alternateName":"Utopia - Architecture and Engineering","potentialAction":[{"@type":"SearchAction","target":{"@type":"EntryPoint","urlTemplate":"https:\/\/www.utopia-projects.com\/fr\/?s={search_term_string}"},"query-input":{"@type":"PropertyValueSpecification","valueRequired":true,"valueName":"search_term_string"}}],"inLanguage":"fr-FR"},{"@type":"Organization","@id":"https:\/\/www.utopia-projects.com\/fr\/#organization","name":"Utopia - Arquitectura e Engenharia Lda","alternateName":"Utopia Architects","url":"https:\/\/www.utopia-projects.com\/fr\/","logo":{"@type":"ImageObject","inLanguage":"fr-FR","@id":"https:\/\/www.utopia-projects.com\/fr\/#\/schema\/logo\/image\/","url":"https:\/\/www.utopia-projects.com\/wp-content\/uploads\/2023\/07\/Utopia_architecture_and_engineering.svg","contentUrl":"https:\/\/www.utopia-projects.com\/wp-content\/uploads\/2023\/07\/Utopia_architecture_and_engineering.svg","caption":"Utopia - Arquitectura e Engenharia Lda"},"image":{"@id":"https:\/\/www.utopia-projects.com\/fr\/#\/schema\/logo\/image\/"},"sameAs":["https:\/\/www.facebook.com\/utopia.architects\/","https:\/\/x.com\/ProjectosUtopia"]}]}},"_links":{"self":[{"href":"https:\/\/www.utopia-projects.com\/fr\/wp-json\/wp\/v2\/pages\/167","targetHints":{"allow":["GET"]}}],"collection":[{"href":"https:\/\/www.utopia-projects.com\/fr\/wp-json\/wp\/v2\/pages"}],"about":[{"href":"https:\/\/www.utopia-projects.com\/fr\/wp-json\/wp\/v2\/types\/page"}],"author":[{"embeddable":true,"href":"https:\/\/www.utopia-projects.com\/fr\/wp-json\/wp\/v2\/users\/2"}],"replies":[{"embeddable":true,"href":"https:\/\/www.utopia-projects.com\/fr\/wp-json\/wp\/v2\/comments?post=167"}],"version-history":[{"count":0,"href":"https:\/\/www.utopia-projects.com\/fr\/wp-json\/wp\/v2\/pages\/167\/revisions"}],"wp:attachment":[{"href":"https:\/\/www.utopia-projects.com\/fr\/wp-json\/wp\/v2\/media?parent=167"}],"curies":[{"name":"wp","href":"https:\/\/api.w.org\/{rel}","templated":true}]}}