{"id":318,"date":"2023-07-18T15:45:14","date_gmt":"2023-07-18T15:45:14","guid":{"rendered":"https:\/\/www.utopia-projects.com\/terms-and-conditions\/"},"modified":"2025-08-02T18:49:01","modified_gmt":"2025-08-02T18:49:01","slug":"terms-and-conditions","status":"publish","type":"page","link":"https:\/\/www.utopia-projects.com\/fr\/terms-and-conditions\/","title":{"rendered":"Conditions d&rsquo;utilisation"},"content":{"rendered":"\n<p>Avant de commencer \u00e0 utiliser les services de Utopia &#8211; Arquitectura e Engenharia Lda, lisez attentivement nos conditions g\u00e9n\u00e9rales d&rsquo;utilisation ; Pour utiliser le site web ou vous abonner \u00e0 nos services, vous devez lire, approuver et accepter les conditions g\u00e9n\u00e9rales et la politique de confidentialit\u00e9 associ\u00e9es \u00e0 nos services.<\/p>\n\n<h2 class=\"wp-block-heading\">Informations juridiques<\/h2>\n\n<p>La soci\u00e9t\u00e9 Utopia &#8211; Arquitectura e Engenharia, lda est une soci\u00e9t\u00e9 \u00e0 responsabilit\u00e9 limit\u00e9e qui fournit des services d&rsquo;architecture dans les locaux de Rua J\u00falio Dinis n. 580 Sala301 4050-319 Porto, Portugal.<\/p>\n\n<h2 class=\"wp-block-heading\">Description de nos services<\/h2>\n\n<p>Utopia &#8211; Arquitectura e Engenharia Lda est une entreprise qui fournit les services suivants :<\/p>\n\n<p>&#8211; Activit\u00e9s d&rsquo;architecture, d&rsquo;ing\u00e9nierie, d&rsquo;inspection et activit\u00e9s techniques connexes<br\/>&#8211; Certification \u00e9nerg\u00e9tique<br\/>&#8211; Conception industrielle, fabrication, repr\u00e9sentation, commerce, de gros ou de d\u00e9tail, ou location de meubles, d&rsquo;\u00e9quipements d&rsquo; int\u00e9rieur, d&rsquo;\u00e9clairage et d&rsquo; autres articles m\u00e9nagers.<br\/>&#8211; Conception graphique<\/p>\n\n<h2 class=\"wp-block-heading\">Acc\u00e8s et inscription sur le site web<\/h2>\n\n<p>Le client de ce service garantit qu&rsquo;il a l&rsquo;\u00e2ge l\u00e9gal (\u00e9gal ou sup\u00e9rieur \u00e0 18 ans) et garantit que toutes les donn\u00e9es fournies \u00e0 Utopia &#8211; Arquitectura e Engenharia Lda sont vraies et compl\u00e8tes et, le cas \u00e9ch\u00e9ant, doit mettre \u00e0 jour les donn\u00e9es fournies. Utopia &#8211; Arquitectura e Engenharia Lda se r\u00e9serve le droit d&rsquo;annuler le service, \u00e0 tout moment et sans pr\u00e9avis. Si nous d\u00e9tectons des irr\u00e9gularit\u00e9s dans les informations fournies par les clients ou si nous estimons qu&rsquo;il y a violation des droits d&rsquo;auteur, nous annulerons le service.<\/p>\n\n<p>En utilisant le site web utopia-projects.com, Utopia &#8211; Arquitectura e Engenharia Lda ne garantit pas que le service sera exempt d&rsquo;erreurs, d&rsquo;omissions ou de non-conformit\u00e9s. Le site de services architecturaux utopia-projectos.com est int\u00e9gr\u00e9 \u00e0 des plateformes et syst\u00e8mes tiers, tels que Facebook, Youtube, Vimeo, pages Google, sous r\u00e9serve de leurs politiques et conditions. Utopia &#8211; Arquitectura e Engenharia Lda n&rsquo;est pas responsable des modifications apport\u00e9es aux politiques et conditions de ces tiers.<\/p>\n\n<h2 class=\"wp-block-heading\">Contenu<\/h2>\n\n<p>Utopia &#8211; Arquitectura e Engenharia Lda g\u00e8re ce site web dans le but d&rsquo;am\u00e9liorer l&rsquo;acc\u00e8s du public \u00e0 l&rsquo;information sur les services qui y sont identifi\u00e9s. Nous ne pr\u00e9tendons pas que ces informations sont \u00e0 jour et rigoureuses. Utopia s&rsquo;efforcera de corriger toutes les erreurs et omissions qui lui seront communiqu\u00e9es. Utopia &#8211; Arquitectura e Engenharia Lda n&rsquo;est pas responsable de l&rsquo;exactitude, de la qualit\u00e9, de la s\u00e9curit\u00e9, de la l\u00e9galit\u00e9 ou du caract\u00e8re licite. Il s&rsquo;agit notamment du respect des r\u00e8gles relatives au droit d&rsquo;auteur et aux droits voisins, au contenu, aux produits ou aux services contenus dans ce site et fournis par des tiers, \u00e0 savoir d&rsquo; autres organisations, annonceurs ou partenaires.<br\/>Utopia &#8211; Arquitectura e Engenharia Lda ne peut garantir qu&rsquo; un document disponible sur ce site reproduise exactement un texte officiellement adopt\u00e9. Par cons\u00e9quent, seule la version des actes publi\u00e9e dans le Di\u00e1rio da Rep\u00fablica fait foi.<br\/>Le contenu de ce site ne peut \u00eatre reproduit sans le consentement \u00e9crit de Utopia &#8211; Arquitectura e Engenharia Lda.<\/p>\n\n<h2 class=\"wp-block-heading\">Soutien<\/h2>\n\n<p>Tous les services sur utopia-projects.com incluent un support \u00e0 travers le centre d&rsquo;aide pour placer et clarifier les doutes \u00e0 l&#8217;email suivant : info@utopia-projects.com<\/p>\n\n<h2 class=\"wp-block-heading\">Modification des termes et conditions<\/h2>\n\n<p>Les conditions de service peuvent \u00eatre mises \u00e0 jour par Utopia &#8211; Arquitectura e Engenharia Lda sans pr\u00e9avis. Le client doit les consulter r\u00e9guli\u00e8rement afin de rester inform\u00e9. N&rsquo;utilisez ce service que si vous acceptez les conditions g\u00e9n\u00e9rales d&rsquo;Utopia &#8211; Arquitectura e Engenharia Lda.<\/p>\n\n<h2 class=\"wp-block-heading\">R\u00e8glement extrajudiciaire des litiges<\/h2>\n\n<p>En cas de litige avec Utopia &#8211; Arquitectura e Engenharia Lda, le client peut faire appel \u00e0 un organisme alternatif de r\u00e9solution des litiges au Portugal.<br\/>Pour plus d&rsquo;informations, consultez le portail des consommateurs ou la CNPD.<\/p>\n","protected":false},"excerpt":{"rendered":"<p>Avant de commencer \u00e0 utiliser les services de Utopia &#8211; Arquitectura e Engenharia Lda, lisez attentivement nos conditions g\u00e9n\u00e9rales d&rsquo;utilisation ; Pour utiliser le site web ou vous abonner \u00e0 nos services, vous devez lire, approuver et accepter les conditions g\u00e9n\u00e9rales et la politique de confidentialit\u00e9 associ\u00e9es \u00e0 nos services. Informations juridiques La soci\u00e9t\u00e9 Utopia &#8230; <a title=\"Conditions d&rsquo;utilisation\" class=\"read-more\" href=\"https:\/\/www.utopia-projects.com\/fr\/terms-and-conditions\/\" aria-label=\"En savoir plus sur Conditions d&rsquo;utilisation\">Lire plus<\/a><\/p>\n","protected":false},"author":2,"featured_media":0,"parent":0,"menu_order":98,"comment_status":"closed","ping_status":"closed","template":"","meta":{"footnotes":""},"class_list":["post-318","page","type-page","status-publish"],"yoast_head":"<!-- This site is optimized with the Yoast SEO plugin v27.4 - https:\/\/yoast.com\/product\/yoast-seo-wordpress\/ -->\n<title>Conditions d&#039;utilisation - Utopia<\/title>\n<meta name=\"robots\" content=\"index, follow, max-snippet:-1, max-image-preview:large, max-video-preview:-1\" \/>\n<link rel=\"canonical\" href=\"https:\/\/www.utopia-projects.com\/fr\/terms-and-conditions\/\" \/>\n<meta property=\"og:locale\" content=\"fr_FR\" \/>\n<meta property=\"og:type\" content=\"article\" \/>\n<meta property=\"og:title\" content=\"Conditions d&#039;utilisation - Utopia\" \/>\n<meta property=\"og:description\" content=\"Avant de commencer \u00e0 utiliser les services de Utopia &#8211; Arquitectura e Engenharia Lda, lisez attentivement nos conditions g\u00e9n\u00e9rales d&rsquo;utilisation ; Pour utiliser le site web ou vous abonner \u00e0 nos services, vous devez lire, approuver et accepter les conditions g\u00e9n\u00e9rales et la politique de confidentialit\u00e9 associ\u00e9es \u00e0 nos services. Informations juridiques La soci\u00e9t\u00e9 Utopia ... Lire plus\" \/>\n<meta property=\"og:url\" content=\"https:\/\/www.utopia-projects.com\/fr\/terms-and-conditions\/\" \/>\n<meta property=\"og:site_name\" content=\"Utopia\" \/>\n<meta property=\"article:publisher\" content=\"https:\/\/www.facebook.com\/utopia.architects\/\" \/>\n<meta property=\"article:modified_time\" content=\"2025-08-02T18:49:01+00:00\" \/>\n<meta name=\"twitter:card\" content=\"summary_large_image\" \/>\n<meta name=\"twitter:site\" content=\"@ProjectosUtopia\" \/>\n<meta name=\"twitter:label1\" content=\"Dur\u00e9e de lecture estim\u00e9e\" \/>\n\t<meta name=\"twitter:data1\" content=\"3 minutes\" \/>\n<script type=\"application\/ld+json\" class=\"yoast-schema-graph\">{\"@context\":\"https:\\\/\\\/schema.org\",\"@graph\":[{\"@type\":\"WebPage\",\"@id\":\"https:\\\/\\\/www.utopia-projects.com\\\/fr\\\/terms-and-conditions\\\/\",\"url\":\"https:\\\/\\\/www.utopia-projects.com\\\/fr\\\/terms-and-conditions\\\/\",\"name\":\"Conditions d'utilisation - Utopia\",\"isPartOf\":{\"@id\":\"https:\\\/\\\/www.utopia-projects.com\\\/fr\\\/#website\"},\"datePublished\":\"2023-07-18T15:45:14+00:00\",\"dateModified\":\"2025-08-02T18:49:01+00:00\",\"breadcrumb\":{\"@id\":\"https:\\\/\\\/www.utopia-projects.com\\\/fr\\\/terms-and-conditions\\\/#breadcrumb\"},\"inLanguage\":\"fr-FR\",\"potentialAction\":[{\"@type\":\"ReadAction\",\"target\":[\"https:\\\/\\\/www.utopia-projects.com\\\/fr\\\/terms-and-conditions\\\/\"]}]},{\"@type\":\"BreadcrumbList\",\"@id\":\"https:\\\/\\\/www.utopia-projects.com\\\/fr\\\/terms-and-conditions\\\/#breadcrumb\",\"itemListElement\":[{\"@type\":\"ListItem\",\"position\":1,\"name\":\"Utopia\",\"item\":\"https:\\\/\\\/www.utopia-projects.com\\\/fr\\\/\"},{\"@type\":\"ListItem\",\"position\":2,\"name\":\"Conditions d&rsquo;utilisation\"}]},{\"@type\":\"WebSite\",\"@id\":\"https:\\\/\\\/www.utopia-projects.com\\\/fr\\\/#website\",\"url\":\"https:\\\/\\\/www.utopia-projects.com\\\/fr\\\/\",\"name\":\"Utopia Architects and Engineers\",\"description\":\"Architects and Engineers providing architecure and engineering services in Portugal\",\"publisher\":{\"@id\":\"https:\\\/\\\/www.utopia-projects.com\\\/fr\\\/#organization\"},\"alternateName\":\"Utopia - Architecture and Engineering\",\"potentialAction\":[{\"@type\":\"SearchAction\",\"target\":{\"@type\":\"EntryPoint\",\"urlTemplate\":\"https:\\\/\\\/www.utopia-projects.com\\\/fr\\\/?s={search_term_string}\"},\"query-input\":{\"@type\":\"PropertyValueSpecification\",\"valueRequired\":true,\"valueName\":\"search_term_string\"}}],\"inLanguage\":\"fr-FR\"},{\"@type\":\"Organization\",\"@id\":\"https:\\\/\\\/www.utopia-projects.com\\\/fr\\\/#organization\",\"name\":\"Utopia - Arquitectura e Engenharia Lda\",\"alternateName\":\"Utopia Architects\",\"url\":\"https:\\\/\\\/www.utopia-projects.com\\\/fr\\\/\",\"logo\":{\"@type\":\"ImageObject\",\"inLanguage\":\"fr-FR\",\"@id\":\"https:\\\/\\\/www.utopia-projects.com\\\/fr\\\/#\\\/schema\\\/logo\\\/image\\\/\",\"url\":\"https:\\\/\\\/www.utopia-projects.com\\\/wp-content\\\/uploads\\\/2023\\\/07\\\/Utopia_architecture_and_engineering.svg\",\"contentUrl\":\"https:\\\/\\\/www.utopia-projects.com\\\/wp-content\\\/uploads\\\/2023\\\/07\\\/Utopia_architecture_and_engineering.svg\",\"caption\":\"Utopia - Arquitectura e Engenharia Lda\"},\"image\":{\"@id\":\"https:\\\/\\\/www.utopia-projects.com\\\/fr\\\/#\\\/schema\\\/logo\\\/image\\\/\"},\"sameAs\":[\"https:\\\/\\\/www.facebook.com\\\/utopia.architects\\\/\",\"https:\\\/\\\/x.com\\\/ProjectosUtopia\"]}]}<\/script>\n<!-- \/ Yoast SEO plugin. -->","yoast_head_json":{"title":"Conditions d'utilisation - Utopia","robots":{"index":"index","follow":"follow","max-snippet":"max-snippet:-1","max-image-preview":"max-image-preview:large","max-video-preview":"max-video-preview:-1"},"canonical":"https:\/\/www.utopia-projects.com\/fr\/terms-and-conditions\/","og_locale":"fr_FR","og_type":"article","og_title":"Conditions d'utilisation - Utopia","og_description":"Avant de commencer \u00e0 utiliser les services de Utopia &#8211; Arquitectura e Engenharia Lda, lisez attentivement nos conditions g\u00e9n\u00e9rales d&rsquo;utilisation ; Pour utiliser le site web ou vous abonner \u00e0 nos services, vous devez lire, approuver et accepter les conditions g\u00e9n\u00e9rales et la politique de confidentialit\u00e9 associ\u00e9es \u00e0 nos services. Informations juridiques La soci\u00e9t\u00e9 Utopia ... Lire plus","og_url":"https:\/\/www.utopia-projects.com\/fr\/terms-and-conditions\/","og_site_name":"Utopia","article_publisher":"https:\/\/www.facebook.com\/utopia.architects\/","article_modified_time":"2025-08-02T18:49:01+00:00","twitter_card":"summary_large_image","twitter_site":"@ProjectosUtopia","twitter_misc":{"Dur\u00e9e de lecture estim\u00e9e":"3 minutes"},"schema":{"@context":"https:\/\/schema.org","@graph":[{"@type":"WebPage","@id":"https:\/\/www.utopia-projects.com\/fr\/terms-and-conditions\/","url":"https:\/\/www.utopia-projects.com\/fr\/terms-and-conditions\/","name":"Conditions d'utilisation - Utopia","isPartOf":{"@id":"https:\/\/www.utopia-projects.com\/fr\/#website"},"datePublished":"2023-07-18T15:45:14+00:00","dateModified":"2025-08-02T18:49:01+00:00","breadcrumb":{"@id":"https:\/\/www.utopia-projects.com\/fr\/terms-and-conditions\/#breadcrumb"},"inLanguage":"fr-FR","potentialAction":[{"@type":"ReadAction","target":["https:\/\/www.utopia-projects.com\/fr\/terms-and-conditions\/"]}]},{"@type":"BreadcrumbList","@id":"https:\/\/www.utopia-projects.com\/fr\/terms-and-conditions\/#breadcrumb","itemListElement":[{"@type":"ListItem","position":1,"name":"Utopia","item":"https:\/\/www.utopia-projects.com\/fr\/"},{"@type":"ListItem","position":2,"name":"Conditions d&rsquo;utilisation"}]},{"@type":"WebSite","@id":"https:\/\/www.utopia-projects.com\/fr\/#website","url":"https:\/\/www.utopia-projects.com\/fr\/","name":"Utopia Architects and Engineers","description":"Architects and Engineers providing architecure and engineering services in Portugal","publisher":{"@id":"https:\/\/www.utopia-projects.com\/fr\/#organization"},"alternateName":"Utopia - Architecture and Engineering","potentialAction":[{"@type":"SearchAction","target":{"@type":"EntryPoint","urlTemplate":"https:\/\/www.utopia-projects.com\/fr\/?s={search_term_string}"},"query-input":{"@type":"PropertyValueSpecification","valueRequired":true,"valueName":"search_term_string"}}],"inLanguage":"fr-FR"},{"@type":"Organization","@id":"https:\/\/www.utopia-projects.com\/fr\/#organization","name":"Utopia - Arquitectura e Engenharia Lda","alternateName":"Utopia Architects","url":"https:\/\/www.utopia-projects.com\/fr\/","logo":{"@type":"ImageObject","inLanguage":"fr-FR","@id":"https:\/\/www.utopia-projects.com\/fr\/#\/schema\/logo\/image\/","url":"https:\/\/www.utopia-projects.com\/wp-content\/uploads\/2023\/07\/Utopia_architecture_and_engineering.svg","contentUrl":"https:\/\/www.utopia-projects.com\/wp-content\/uploads\/2023\/07\/Utopia_architecture_and_engineering.svg","caption":"Utopia - Arquitectura e Engenharia Lda"},"image":{"@id":"https:\/\/www.utopia-projects.com\/fr\/#\/schema\/logo\/image\/"},"sameAs":["https:\/\/www.facebook.com\/utopia.architects\/","https:\/\/x.com\/ProjectosUtopia"]}]}},"_links":{"self":[{"href":"https:\/\/www.utopia-projects.com\/fr\/wp-json\/wp\/v2\/pages\/318","targetHints":{"allow":["GET"]}}],"collection":[{"href":"https:\/\/www.utopia-projects.com\/fr\/wp-json\/wp\/v2\/pages"}],"about":[{"href":"https:\/\/www.utopia-projects.com\/fr\/wp-json\/wp\/v2\/types\/page"}],"author":[{"embeddable":true,"href":"https:\/\/www.utopia-projects.com\/fr\/wp-json\/wp\/v2\/users\/2"}],"replies":[{"embeddable":true,"href":"https:\/\/www.utopia-projects.com\/fr\/wp-json\/wp\/v2\/comments?post=318"}],"version-history":[{"count":2,"href":"https:\/\/www.utopia-projects.com\/fr\/wp-json\/wp\/v2\/pages\/318\/revisions"}],"predecessor-version":[{"id":4071,"href":"https:\/\/www.utopia-projects.com\/fr\/wp-json\/wp\/v2\/pages\/318\/revisions\/4071"}],"wp:attachment":[{"href":"https:\/\/www.utopia-projects.com\/fr\/wp-json\/wp\/v2\/media?parent=318"}],"curies":[{"name":"wp","href":"https:\/\/api.w.org\/{rel}","templated":true}]}}