{"id":3677,"date":"2024-05-20T18:31:02","date_gmt":"2024-05-20T18:31:02","guid":{"rendered":"https:\/\/www.utopia-projects.com\/?page_id=3677"},"modified":"2024-05-22T07:00:50","modified_gmt":"2024-05-22T07:00:50","slug":"politique-en-matiere-de-cookies","status":"publish","type":"page","link":"https:\/\/www.utopia-projects.com\/fr\/politique-en-matiere-de-cookies\/","title":{"rendered":"Politique en mati\u00e8re de cookies"},"content":{"rendered":"\n<h2 class=\"wp-block-heading\">Introduction<\/h2>\n\n<p>La pr\u00e9sente politique en mati\u00e8re de cookies explique ce que sont les cookies et comment nous les utilisons sur notre site web. Nous vous recommandons de lire cette politique pour comprendre ce que sont les cookies, comment nous les utilisons, les types de cookies que nous utilisons, les informations que nous collectons \u00e0 l&rsquo;aide des cookies et comment ces informations sont utilis\u00e9es, et comment contr\u00f4ler les pr\u00e9f\u00e9rences en mati\u00e8re de cookies.<\/p>\n\n<p>Pour plus d&rsquo;informations sur la mani\u00e8re dont nous utilisons, stockons et s\u00e9curisons vos donn\u00e9es personnelles, veuillez consulter notre politique de confidentialit\u00e9.<\/p>\n\n<h2 class=\"wp-block-heading\">Qu&rsquo;est-ce qu&rsquo;un cookie?<\/h2>\n\n<p>Les cookies sont de petits fichiers texte utilis\u00e9s pour stocker de petits \u00e9l\u00e9ments d&rsquo;information. Ils sont stock\u00e9s sur votre appareil lorsque le site web est charg\u00e9 dans votre navigateur. Ces cookies nous aident \u00e0 faire fonctionner correctement le site web, \u00e0 le rendre plus s\u00fbr, \u00e0 offrir une meilleure exp\u00e9rience \u00e0 l&rsquo;utilisateur, \u00e0 comprendre le fonctionnement du site web et \u00e0 analyser ce qui fonctionne et ce qui doit \u00eatre am\u00e9lior\u00e9.<\/p>\n\n<h2 class=\"wp-block-heading\">Comment utilisons-nous les cookies ?<\/h2>\n\n<p>Comme la plupart des services en ligne, notre site web utilise ses propres cookies \u00e0 diverses fins. Les cookies de premi\u00e8re partie sont principalement n\u00e9cessaires au bon fonctionnement du site web et ne collectent aucune de vos informations personnelles identifiables.<\/p>\n\n<h2 class=\"wp-block-heading\">Types de cookies que nous utilisons<\/h2>\n\n<p>Nous utilisons diff\u00e9rents types de cookies.<\/p>\n\n<h3 class=\"wp-block-heading\">Essentiel<\/h3>\n\n<p>Certains cookies sont essentiels au bon fonctionnement du site web. Ils permettent des fonctionnalit\u00e9s de base telles que la navigation sur les pages et l&rsquo;acc\u00e8s \u00e0 des zones s\u00e9curis\u00e9es du site web. Ces cookies ne collectent ni ne stockent aucune information personnelle.<\/p>\n\n<h3 class=\"wp-block-heading\">Google Analytics<\/h3>\n\n<p>Nous utilisons Google Analytics pour collecter des informations sur l&rsquo;utilisation de notre site web. Ces informations nous aident \u00e0 comprendre comment les visiteurs interagissent avec notre site, en identifiant les pages visit\u00e9es, la dur\u00e9e des visites et d&rsquo;autres donn\u00e9es analytiques. Ces donn\u00e9es sont anonymes et ne collectent pas d&rsquo;informations personnelles. Vous pouvez les refuser.<\/p>\n\n<h2 class=\"wp-block-heading\">Managing Cookie Preferences<\/h2>\n\n<p>La premi\u00e8re fois que vous visitez notre page, vous pouvez choisir d&rsquo;accepter ou de refuser les cookies. Ce param\u00e8tre expire au bout de 180 jours. Il vous sera ensuite demand\u00e9 de choisir \u00e0 nouveau. Vous pouvez modifier vos pr\u00e9f\u00e9rences en mati\u00e8re de cookies \u00e0 tout moment en vidant votre m\u00e9moire cache. Cela vous permettra de consulter la banni\u00e8re de consentement aux cookies et de modifier vos pr\u00e9f\u00e9rences ou de retirer votre consentement imm\u00e9diatement.<\/p>\n\n<p>Les navigateurs proposent des m\u00e9thodes diff\u00e9rentes pour bloquer et supprimer les cookies utilis\u00e9s par les sites web. Vous pouvez modifier les param\u00e8tres de votre navigateur pour bloquer ou supprimer les cookies.<\/p>\n\n<h2 class=\"wp-block-heading\">Mises \u00e0 jour de la politique en mati\u00e8re de cookies<\/h2>\n\n<p>Nous pouvons mettre \u00e0 jour la pr\u00e9sente politique en mati\u00e8re de cookies de temps \u00e0 autre pour refl\u00e9ter, par exemple, des changements dans les cookies que nous utilisons ou pour d&rsquo;autres raisons op\u00e9rationnelles, juridiques ou r\u00e9glementaires. Nous vous recommandons donc de consulter r\u00e9guli\u00e8rement cette politique pour rester inform\u00e9 de notre utilisation des cookies et des technologies connexes.<\/p>\n\n<h2 class=\"wp-block-heading\">Contactez nous<\/h2>\n\n<p>Si vous avez des questions concernant cette politique en mati\u00e8re de cookies, veuillez nous contacter :<\/p>\n\n<p><strong>Utopia &#8211; Arquitectura e Engenharia Lda<br\/><\/strong>info@utopia-projects.com<br\/>Rua de Julio Dinis n.580 sala301, 4050-319 Porto, Portugal<\/p>\n\n<p>Ce document a \u00e9t\u00e9 mis \u00e0 jour le 20 mai 2024.<\/p>\n","protected":false},"excerpt":{"rendered":"<p>Introduction La pr\u00e9sente politique en mati\u00e8re de cookies explique ce que sont les cookies et comment nous les utilisons sur notre site web. Nous vous recommandons de lire cette politique pour comprendre ce que sont les cookies, comment nous les utilisons, les types de cookies que nous utilisons, les informations que nous collectons \u00e0 l&rsquo;aide &#8230; <a title=\"Politique en mati\u00e8re de cookies\" class=\"read-more\" href=\"https:\/\/www.utopia-projects.com\/fr\/politique-en-matiere-de-cookies\/\" aria-label=\"En savoir plus sur Politique en mati\u00e8re de cookies\">Lire plus<\/a><\/p>\n","protected":false},"author":2,"featured_media":0,"parent":0,"menu_order":99,"comment_status":"closed","ping_status":"closed","template":"","meta":{"footnotes":""},"class_list":["post-3677","page","type-page","status-publish"],"yoast_head":"<!-- This site is optimized with the Yoast SEO plugin v27.4 - https:\/\/yoast.com\/product\/yoast-seo-wordpress\/ -->\n<title>Politique en mati\u00e8re de cookies - Utopia<\/title>\n<meta name=\"robots\" content=\"index, follow, max-snippet:-1, max-image-preview:large, max-video-preview:-1\" \/>\n<link rel=\"canonical\" href=\"https:\/\/www.utopia-projects.com\/fr\/politique-en-matiere-de-cookies\/\" \/>\n<meta property=\"og:locale\" content=\"fr_FR\" \/>\n<meta property=\"og:type\" content=\"article\" \/>\n<meta property=\"og:title\" content=\"Politique en mati\u00e8re de cookies - Utopia\" \/>\n<meta property=\"og:description\" content=\"Introduction La pr\u00e9sente politique en mati\u00e8re de cookies explique ce que sont les cookies et comment nous les utilisons sur notre site web. Nous vous recommandons de lire cette politique pour comprendre ce que sont les cookies, comment nous les utilisons, les types de cookies que nous utilisons, les informations que nous collectons \u00e0 l&rsquo;aide ... Lire plus\" \/>\n<meta property=\"og:url\" content=\"https:\/\/www.utopia-projects.com\/fr\/politique-en-matiere-de-cookies\/\" \/>\n<meta property=\"og:site_name\" content=\"Utopia\" \/>\n<meta property=\"article:publisher\" content=\"https:\/\/www.facebook.com\/utopia.architects\/\" \/>\n<meta property=\"article:modified_time\" content=\"2024-05-22T07:00:50+00:00\" \/>\n<meta name=\"twitter:card\" content=\"summary_large_image\" \/>\n<meta name=\"twitter:site\" content=\"@ProjectosUtopia\" \/>\n<meta name=\"twitter:label1\" content=\"Dur\u00e9e de lecture estim\u00e9e\" \/>\n\t<meta name=\"twitter:data1\" content=\"3 minutes\" \/>\n<script type=\"application\/ld+json\" class=\"yoast-schema-graph\">{\"@context\":\"https:\\\/\\\/schema.org\",\"@graph\":[{\"@type\":\"WebPage\",\"@id\":\"https:\\\/\\\/www.utopia-projects.com\\\/fr\\\/politique-en-matiere-de-cookies\\\/\",\"url\":\"https:\\\/\\\/www.utopia-projects.com\\\/fr\\\/politique-en-matiere-de-cookies\\\/\",\"name\":\"Politique en mati\u00e8re de cookies - Utopia\",\"isPartOf\":{\"@id\":\"https:\\\/\\\/www.utopia-projects.com\\\/fr\\\/#website\"},\"datePublished\":\"2024-05-20T18:31:02+00:00\",\"dateModified\":\"2024-05-22T07:00:50+00:00\",\"breadcrumb\":{\"@id\":\"https:\\\/\\\/www.utopia-projects.com\\\/fr\\\/politique-en-matiere-de-cookies\\\/#breadcrumb\"},\"inLanguage\":\"fr-FR\",\"potentialAction\":[{\"@type\":\"ReadAction\",\"target\":[\"https:\\\/\\\/www.utopia-projects.com\\\/fr\\\/politique-en-matiere-de-cookies\\\/\"]}]},{\"@type\":\"BreadcrumbList\",\"@id\":\"https:\\\/\\\/www.utopia-projects.com\\\/fr\\\/politique-en-matiere-de-cookies\\\/#breadcrumb\",\"itemListElement\":[{\"@type\":\"ListItem\",\"position\":1,\"name\":\"Utopia\",\"item\":\"https:\\\/\\\/www.utopia-projects.com\\\/fr\\\/\"},{\"@type\":\"ListItem\",\"position\":2,\"name\":\"Politique en mati\u00e8re de cookies\"}]},{\"@type\":\"WebSite\",\"@id\":\"https:\\\/\\\/www.utopia-projects.com\\\/fr\\\/#website\",\"url\":\"https:\\\/\\\/www.utopia-projects.com\\\/fr\\\/\",\"name\":\"Utopia Architects and Engineers\",\"description\":\"Architects and Engineers providing architecure and engineering services in Portugal\",\"publisher\":{\"@id\":\"https:\\\/\\\/www.utopia-projects.com\\\/fr\\\/#organization\"},\"alternateName\":\"Utopia - Architecture and Engineering\",\"potentialAction\":[{\"@type\":\"SearchAction\",\"target\":{\"@type\":\"EntryPoint\",\"urlTemplate\":\"https:\\\/\\\/www.utopia-projects.com\\\/fr\\\/?s={search_term_string}\"},\"query-input\":{\"@type\":\"PropertyValueSpecification\",\"valueRequired\":true,\"valueName\":\"search_term_string\"}}],\"inLanguage\":\"fr-FR\"},{\"@type\":\"Organization\",\"@id\":\"https:\\\/\\\/www.utopia-projects.com\\\/fr\\\/#organization\",\"name\":\"Utopia - Arquitectura e Engenharia Lda\",\"alternateName\":\"Utopia Architects\",\"url\":\"https:\\\/\\\/www.utopia-projects.com\\\/fr\\\/\",\"logo\":{\"@type\":\"ImageObject\",\"inLanguage\":\"fr-FR\",\"@id\":\"https:\\\/\\\/www.utopia-projects.com\\\/fr\\\/#\\\/schema\\\/logo\\\/image\\\/\",\"url\":\"https:\\\/\\\/www.utopia-projects.com\\\/wp-content\\\/uploads\\\/2023\\\/07\\\/Utopia_architecture_and_engineering.svg\",\"contentUrl\":\"https:\\\/\\\/www.utopia-projects.com\\\/wp-content\\\/uploads\\\/2023\\\/07\\\/Utopia_architecture_and_engineering.svg\",\"caption\":\"Utopia - Arquitectura e Engenharia Lda\"},\"image\":{\"@id\":\"https:\\\/\\\/www.utopia-projects.com\\\/fr\\\/#\\\/schema\\\/logo\\\/image\\\/\"},\"sameAs\":[\"https:\\\/\\\/www.facebook.com\\\/utopia.architects\\\/\",\"https:\\\/\\\/x.com\\\/ProjectosUtopia\"]}]}<\/script>\n<!-- \/ Yoast SEO plugin. -->","yoast_head_json":{"title":"Politique en mati\u00e8re de cookies - Utopia","robots":{"index":"index","follow":"follow","max-snippet":"max-snippet:-1","max-image-preview":"max-image-preview:large","max-video-preview":"max-video-preview:-1"},"canonical":"https:\/\/www.utopia-projects.com\/fr\/politique-en-matiere-de-cookies\/","og_locale":"fr_FR","og_type":"article","og_title":"Politique en mati\u00e8re de cookies - Utopia","og_description":"Introduction La pr\u00e9sente politique en mati\u00e8re de cookies explique ce que sont les cookies et comment nous les utilisons sur notre site web. Nous vous recommandons de lire cette politique pour comprendre ce que sont les cookies, comment nous les utilisons, les types de cookies que nous utilisons, les informations que nous collectons \u00e0 l&rsquo;aide ... Lire plus","og_url":"https:\/\/www.utopia-projects.com\/fr\/politique-en-matiere-de-cookies\/","og_site_name":"Utopia","article_publisher":"https:\/\/www.facebook.com\/utopia.architects\/","article_modified_time":"2024-05-22T07:00:50+00:00","twitter_card":"summary_large_image","twitter_site":"@ProjectosUtopia","twitter_misc":{"Dur\u00e9e de lecture estim\u00e9e":"3 minutes"},"schema":{"@context":"https:\/\/schema.org","@graph":[{"@type":"WebPage","@id":"https:\/\/www.utopia-projects.com\/fr\/politique-en-matiere-de-cookies\/","url":"https:\/\/www.utopia-projects.com\/fr\/politique-en-matiere-de-cookies\/","name":"Politique en mati\u00e8re de cookies - Utopia","isPartOf":{"@id":"https:\/\/www.utopia-projects.com\/fr\/#website"},"datePublished":"2024-05-20T18:31:02+00:00","dateModified":"2024-05-22T07:00:50+00:00","breadcrumb":{"@id":"https:\/\/www.utopia-projects.com\/fr\/politique-en-matiere-de-cookies\/#breadcrumb"},"inLanguage":"fr-FR","potentialAction":[{"@type":"ReadAction","target":["https:\/\/www.utopia-projects.com\/fr\/politique-en-matiere-de-cookies\/"]}]},{"@type":"BreadcrumbList","@id":"https:\/\/www.utopia-projects.com\/fr\/politique-en-matiere-de-cookies\/#breadcrumb","itemListElement":[{"@type":"ListItem","position":1,"name":"Utopia","item":"https:\/\/www.utopia-projects.com\/fr\/"},{"@type":"ListItem","position":2,"name":"Politique en mati\u00e8re de cookies"}]},{"@type":"WebSite","@id":"https:\/\/www.utopia-projects.com\/fr\/#website","url":"https:\/\/www.utopia-projects.com\/fr\/","name":"Utopia Architects and Engineers","description":"Architects and Engineers providing architecure and engineering services in Portugal","publisher":{"@id":"https:\/\/www.utopia-projects.com\/fr\/#organization"},"alternateName":"Utopia - Architecture and Engineering","potentialAction":[{"@type":"SearchAction","target":{"@type":"EntryPoint","urlTemplate":"https:\/\/www.utopia-projects.com\/fr\/?s={search_term_string}"},"query-input":{"@type":"PropertyValueSpecification","valueRequired":true,"valueName":"search_term_string"}}],"inLanguage":"fr-FR"},{"@type":"Organization","@id":"https:\/\/www.utopia-projects.com\/fr\/#organization","name":"Utopia - Arquitectura e Engenharia Lda","alternateName":"Utopia Architects","url":"https:\/\/www.utopia-projects.com\/fr\/","logo":{"@type":"ImageObject","inLanguage":"fr-FR","@id":"https:\/\/www.utopia-projects.com\/fr\/#\/schema\/logo\/image\/","url":"https:\/\/www.utopia-projects.com\/wp-content\/uploads\/2023\/07\/Utopia_architecture_and_engineering.svg","contentUrl":"https:\/\/www.utopia-projects.com\/wp-content\/uploads\/2023\/07\/Utopia_architecture_and_engineering.svg","caption":"Utopia - Arquitectura e Engenharia Lda"},"image":{"@id":"https:\/\/www.utopia-projects.com\/fr\/#\/schema\/logo\/image\/"},"sameAs":["https:\/\/www.facebook.com\/utopia.architects\/","https:\/\/x.com\/ProjectosUtopia"]}]}},"_links":{"self":[{"href":"https:\/\/www.utopia-projects.com\/fr\/wp-json\/wp\/v2\/pages\/3677","targetHints":{"allow":["GET"]}}],"collection":[{"href":"https:\/\/www.utopia-projects.com\/fr\/wp-json\/wp\/v2\/pages"}],"about":[{"href":"https:\/\/www.utopia-projects.com\/fr\/wp-json\/wp\/v2\/types\/page"}],"author":[{"embeddable":true,"href":"https:\/\/www.utopia-projects.com\/fr\/wp-json\/wp\/v2\/users\/2"}],"replies":[{"embeddable":true,"href":"https:\/\/www.utopia-projects.com\/fr\/wp-json\/wp\/v2\/comments?post=3677"}],"version-history":[{"count":15,"href":"https:\/\/www.utopia-projects.com\/fr\/wp-json\/wp\/v2\/pages\/3677\/revisions"}],"predecessor-version":[{"id":3746,"href":"https:\/\/www.utopia-projects.com\/fr\/wp-json\/wp\/v2\/pages\/3677\/revisions\/3746"}],"wp:attachment":[{"href":"https:\/\/www.utopia-projects.com\/fr\/wp-json\/wp\/v2\/media?parent=3677"}],"curies":[{"name":"wp","href":"https:\/\/api.w.org\/{rel}","templated":true}]}}